										  
											  
											 {"id":2,"date":"2014-05-26T09:34:48","date_gmt":"2014-05-26T09:34:48","guid":{"rendered":"http:\/\/hallbartbyggande.com\/wikstromvvskontroll\/?page_id=2"},"modified":"2014-05-26T11:49:26","modified_gmt":"2014-05-26T09:49:26","slug":"om-wikstrom-vvs-kontroll","status":"publish","type":"page","link":"https:\/\/hallbartbyggande.com\/wikstromvvskontroll\/","title":{"rendered":"Om Wikstr\u00f6m VVS-Kontroll"},"content":{"rendered":"<p>Wikstr\u00f6m VVS-Kontroll \u00e4r en koncern p\u00e5 ca 45 anst\u00e4llda. Huvudkontoret \u00e4r i G\u00f6teborg. Wikstr\u00f6m VVS-Kontroll har ett dotterbolag, DELTAte, som projekterar lite alternativa l\u00f6sningar, ofta f\u00f6r kulturm\u00e4rkta fastigheter.<\/p>\n<p>Wikstr\u00f6m VVS-Kontroll \u00e4r en VVS-konsult med l\u00e5ng historia som har kompetenser inom samtliga omr\u00e5den inom VVS, kyla och energifr\u00e5gor. Wikstr\u00f6m VVS-Kontroll arbetar \u00e4ven mycket med fj\u00e4rrv\u00e4rmeanl\u00e4ggningar f\u00f6r flera kommuner, gasanl\u00e4ggningar samt ett flertal specialanl\u00e4ggningar f\u00f6r industrin som t ex reningsanl\u00e4ggning f\u00f6r G\u00f6teborgs Hamn. Skolor och utbildningslokaler \u00e4r en stor del av verksamheten. I dessa lokaler kr\u00e4vs extra omtanke kring innemilj\u00f6fr\u00e5gor.<\/p>\n<p>Via v\u00e5r energiavdelning har Wikstr\u00f6m en l\u00e5ng erfarenhet av arbete i idrotts-, bad och isanl\u00e4ggningar med energif\u00f6rbrukningen i fokus.<\/p>\n<p>Wikstr\u00f6m har \u00e4ven projekt inom h\u00e5llbar stadsutveckling och h\u00e5llbara husbyggnadsprojekt \u00f6ver hela v\u00e4rlden, bl a i Kina.<\/p>\n<p>Wikstr\u00f6m VVS-Kontroll arbetar Milj\u00f6byggnad och har samarbete kring LEED och BREEAM.<\/p>\n<p>&nbsp;<\/p>\n","protected":false},"excerpt":{"rendered":"<p>Wikstr\u00f6m VVS-Kontroll \u00e4r en koncern p\u00e5 ca 45 anst\u00e4llda. Huvudkontoret \u00e4r i G\u00f6teborg. Wikstr\u00f6m VVS-Kontroll har ett dotterbolag, DELTAte, som projekterar lite alternativa l\u00f6sningar, ofta f\u00f6r kulturm\u00e4rkta fastigheter. Wikstr\u00f6m VVS-Kontroll \u00e4r en VVS-konsult med l\u00e5ng historia som har kompetenser inom samtliga omr\u00e5den inom VVS, kyla och energifr\u00e5gor. Wikstr\u00f6m VVS-Kontroll arbetar \u00e4ven mycket med fj\u00e4rrv\u00e4rmeanl\u00e4ggningar f\u00f6r &#8230;<\/p>\n","protected":false},"author":25,"featured_media":0,"parent":0,"menu_order":0,"comment_status":"open","ping_status":"open","template":"","meta":{"_monsterinsights_skip_tracking":false,"_monsterinsights_sitenote_active":false,"_monsterinsights_sitenote_note":"","_monsterinsights_sitenote_category":0,"_links_to":"","_links_to_target":""},"_links":{"self":[{"href":"https:\/\/hallbartbyggande.com\/wikstromvvskontroll\/wp-json\/wp\/v2\/pages\/2"}],"collection":[{"href":"https:\/\/hallbartbyggande.com\/wikstromvvskontroll\/wp-json\/wp\/v2\/pages"}],"about":[{"href":"https:\/\/hallbartbyggande.com\/wikstromvvskontroll\/wp-json\/wp\/v2\/types\/page"}],"author":[{"embeddable":true,"href":"https:\/\/hallbartbyggande.com\/wikstromvvskontroll\/wp-json\/wp\/v2\/users\/25"}],"replies":[{"embeddable":true,"href":"https:\/\/hallbartbyggande.com\/wikstromvvskontroll\/wp-json\/wp\/v2\/comments?post=2"}],"version-history":[{"count":4,"href":"https:\/\/hallbartbyggande.com\/wikstromvvskontroll\/wp-json\/wp\/v2\/pages\/2\/revisions"}],"predecessor-version":[{"id":12,"href":"https:\/\/hallbartbyggande.com\/wikstromvvskontroll\/wp-json\/wp\/v2\/pages\/2\/revisions\/12"}],"wp:attachment":[{"href":"https:\/\/hallbartbyggande.com\/wikstromvvskontroll\/wp-json\/wp\/v2\/media?parent=2"}],"curies":[{"name":"wp","href":"https:\/\/api.w.org\/{rel}","templated":true}]}}