										  
											  
											 {"id":2,"date":"2014-09-24T12:28:43","date_gmt":"2014-09-24T12:28:43","guid":{"rendered":"http:\/\/hallbartbyggande.com\/vuab\/?page_id=2"},"modified":"2014-10-30T10:26:27","modified_gmt":"2014-10-30T09:26:27","slug":"om-vuab","status":"publish","type":"page","link":"https:\/\/hallbartbyggande.com\/vuab\/om-vuab\/","title":{"rendered":"Om vuab"},"content":{"rendered":"<h4>Vuab \u00e4r ett familje\u00e4gt f\u00f6retag grundat 1974 under namnet Ventilationsutveckling Vuab AB (idag f\u00f6rkortat till Vuab).<\/h4>\n<p>Sedan 1981 har Vuab specialiserat sig p\u00e5 Toshibas energibesparingsprodukter, v\u00e4rmepumpar och luftkonditionering och sedan 2006 har vi \u00e4ven ett gediget samarbete med Nibe.<\/p>\n<p>Idag \u00e4r vi ett rikst\u00e4ckande entreprenadf\u00f6retag med inriktning p\u00e5 energibesparing och erbjuder privatpersoner, f\u00f6retag och verksamheter hj\u00e4lp till effektiv energibesparing inom uppv\u00e4rmning, belysning och processindustri.<\/p>\n<p>Vuab \u00e4r ett av Sveriges ledande f\u00f6retag inom v\u00e5r bransch och vi st\u00e5r f\u00f6r kunskap, trygghet, teknik och service med ansvar fr\u00e5n start till m\u00e5l.<\/p>\n<ul>\n<li>Inventering och energianalys<\/li>\n<li>R\u00e5dgivning och presentation av l\u00f6sning<\/li>\n<li>Installation och service p\u00e5 den nya anl\u00e4ggningen<\/li>\n<li>Finansiering i form av hyra, leasing eller f\u00e4rdig v\u00e4rme<\/li>\n<li>Vuab arbetar med egen personal genom samtliga steg av processen.<\/li>\n<\/ul>\n","protected":false},"excerpt":{"rendered":"<p>Vuab \u00e4r ett familje\u00e4gt f\u00f6retag grundat 1974 under namnet Ventilationsutveckling Vuab AB (idag f\u00f6rkortat till Vuab). Sedan 1981 har Vuab specialiserat sig p\u00e5 Toshibas energibesparingsprodukter, v\u00e4rmepumpar och luftkonditionering och sedan 2006 har vi \u00e4ven ett gediget samarbete med Nibe. Idag \u00e4r vi ett rikst\u00e4ckande entreprenadf\u00f6retag med inriktning p\u00e5 energibesparing och erbjuder privatpersoner, f\u00f6retag och verksamheter &#8230;<\/p>\n","protected":false},"author":59,"featured_media":0,"parent":0,"menu_order":0,"comment_status":"open","ping_status":"open","template":"","meta":{"_monsterinsights_skip_tracking":false,"_monsterinsights_sitenote_active":false,"_monsterinsights_sitenote_note":"","_monsterinsights_sitenote_category":0,"_links_to":"","_links_to_target":""},"_links":{"self":[{"href":"https:\/\/hallbartbyggande.com\/vuab\/wp-json\/wp\/v2\/pages\/2"}],"collection":[{"href":"https:\/\/hallbartbyggande.com\/vuab\/wp-json\/wp\/v2\/pages"}],"about":[{"href":"https:\/\/hallbartbyggande.com\/vuab\/wp-json\/wp\/v2\/types\/page"}],"author":[{"embeddable":true,"href":"https:\/\/hallbartbyggande.com\/vuab\/wp-json\/wp\/v2\/users\/59"}],"replies":[{"embeddable":true,"href":"https:\/\/hallbartbyggande.com\/vuab\/wp-json\/wp\/v2\/comments?post=2"}],"version-history":[{"count":4,"href":"https:\/\/hallbartbyggande.com\/vuab\/wp-json\/wp\/v2\/pages\/2\/revisions"}],"predecessor-version":[{"id":16,"href":"https:\/\/hallbartbyggande.com\/vuab\/wp-json\/wp\/v2\/pages\/2\/revisions\/16"}],"wp:attachment":[{"href":"https:\/\/hallbartbyggande.com\/vuab\/wp-json\/wp\/v2\/media?parent=2"}],"curies":[{"name":"wp","href":"https:\/\/api.w.org\/{rel}","templated":true}]}}