										  
											  
											 {"id":6,"date":"2014-11-04T12:40:21","date_gmt":"2014-11-04T12:40:21","guid":{"rendered":"http:\/\/hallbartbyggande.com\/utmaningar-i-urban-utveckling\/?page_id=2"},"modified":"2022-10-07T12:31:40","modified_gmt":"2022-10-07T12:31:40","slug":"om-bloggen","status":"publish","type":"page","link":"https:\/\/hallbartbyggande.com\/urbana-utmaningar\/om-bloggen\/","title":{"rendered":"Urbana Utmaningar"},"content":{"rendered":"<p>Lillemor Hult arbetar just nu som chef f\u00f6r utvecklingsavdelningen p\u00e5 Bostadsf\u00f6rmedlingen i Stockholm men denna blogg drivs endast av Lillemor som privatperson. Alla skriv \u00e4r hennes egna.<span class=\"v1gmail-Apple-converted-space\">\u00a0<\/span><\/p>\n<p>Lillemor \u00e4r utbildad statsvetare och samh\u00e4llsplanerare och brinner f\u00f6r kopplingen mellan den fysiska planeringen och v\u00e5rt samh\u00e4lles sociala h\u00e5llbarhet.<span class=\"v1gmail-Apple-converted-space\">\u00a0<\/span>Hon st\u00e4ller sig den \u00f6vergripande fr\u00e5gan om vilken den fysiska planeringens inneb\u00f6rd f\u00f6r, och p\u00e5verkan p\u00e5, v\u00e5r demokrati och \u00f6vergripande samh\u00e4llsordning \u00e4r? Och d\u00e4refter borrar hon ner sig bland experter, utredningar, aktuell forskning och ibland genom internationella utblickar f\u00f6r en djupare f\u00f6rst\u00e5else, reflektion och spridning av det som bubblar p\u00e5 omr\u00e5det. Ibland blir det ocks\u00e5 en och annan utstickare g\u00e4llande modern teknik och dess m\u00f6jligheter f\u00f6r stadsbyggandet och stadsplaneringen.<span class=\"v1gmail-Apple-converted-space\">\u00a0<\/span><\/p>\n","protected":false},"excerpt":{"rendered":"<p>Lillemor Hult arbetar just nu som chef f\u00f6r utvecklingsavdelningen p\u00e5 Bostadsf\u00f6rmedlingen i Stockholm men denna blogg drivs endast av Lillemor som privatperson. Alla skriv \u00e4r hennes egna.\u00a0 Lillemor \u00e4r utbildad statsvetare och samh\u00e4llsplanerare och brinner f\u00f6r kopplingen mellan den fysiska planeringen och v\u00e5rt samh\u00e4lles sociala h\u00e5llbarhet.\u00a0Hon st\u00e4ller sig den \u00f6vergripande fr\u00e5gan om vilken den fysiska &#8230;<\/p>\n","protected":false},"author":68,"featured_media":0,"parent":0,"menu_order":0,"comment_status":"open","ping_status":"open","template":"","meta":{"_monsterinsights_skip_tracking":false,"_monsterinsights_sitenote_active":false,"_monsterinsights_sitenote_note":"","_monsterinsights_sitenote_category":0,"_links_to":"","_links_to_target":""},"_links":{"self":[{"href":"https:\/\/hallbartbyggande.com\/urbana-utmaningar\/wp-json\/wp\/v2\/pages\/6"}],"collection":[{"href":"https:\/\/hallbartbyggande.com\/urbana-utmaningar\/wp-json\/wp\/v2\/pages"}],"about":[{"href":"https:\/\/hallbartbyggande.com\/urbana-utmaningar\/wp-json\/wp\/v2\/types\/page"}],"author":[{"embeddable":true,"href":"https:\/\/hallbartbyggande.com\/urbana-utmaningar\/wp-json\/wp\/v2\/users\/68"}],"replies":[{"embeddable":true,"href":"https:\/\/hallbartbyggande.com\/urbana-utmaningar\/wp-json\/wp\/v2\/comments?post=6"}],"version-history":[{"count":10,"href":"https:\/\/hallbartbyggande.com\/urbana-utmaningar\/wp-json\/wp\/v2\/pages\/6\/revisions"}],"predecessor-version":[{"id":503,"href":"https:\/\/hallbartbyggande.com\/urbana-utmaningar\/wp-json\/wp\/v2\/pages\/6\/revisions\/503"}],"wp:attachment":[{"href":"https:\/\/hallbartbyggande.com\/urbana-utmaningar\/wp-json\/wp\/v2\/media?parent=6"}],"curies":[{"name":"wp","href":"https:\/\/api.w.org\/{rel}","templated":true}]}}