										  
											  
											 {"id":2,"date":"2016-01-20T11:09:38","date_gmt":"2016-01-20T10:09:38","guid":{"rendered":"http:\/\/hallbartbyggande.com\/uponorvvs\/?page_id=2"},"modified":"2016-01-20T16:05:23","modified_gmt":"2016-01-20T15:05:23","slug":"om-uponor-vvs","status":"publish","type":"page","link":"https:\/\/hallbartbyggande.com\/uponorvvs\/om-uponor-vvs\/","title":{"rendered":"Om Uponor VVS"},"content":{"rendered":"<p>Uponor \u00e4r en ledande internationell systemleverant\u00f6r av l\u00f6sningar f\u00f6r s\u00e4ker leverans av dricksvatten, energieffektivt inomhusklimat och p\u00e5litlig infrastruktur. Vi servar byggindustrin inom en rad olika omr\u00e5den s\u00e5 som bost\u00e4der, kommersiella fastigheter samt industri- och anl\u00e4ggningsbyggnation.<\/p>\n<p>Uponor har ca 3 800 anst\u00e4llda i 30 l\u00e4nder. Under 2014 hade Uponor en nettof\u00f6rs\u00e4ljning p\u00e5 \u00f6ver 9 miljarder kronor. Uponor har sitt s\u00e4te i Finland och noterat p\u00e5 NASDAQ OMX i Helsingfors.<\/p>\n","protected":false},"excerpt":{"rendered":"<p>Uponor \u00e4r en ledande internationell systemleverant\u00f6r av l\u00f6sningar f\u00f6r s\u00e4ker leverans av dricksvatten, energieffektivt inomhusklimat och p\u00e5litlig infrastruktur. Vi servar byggindustrin inom en rad olika omr\u00e5den s\u00e5 som bost\u00e4der, kommersiella fastigheter samt industri- och anl\u00e4ggningsbyggnation. Uponor har ca 3 800 anst\u00e4llda i 30 l\u00e4nder. Under 2014 hade Uponor en nettof\u00f6rs\u00e4ljning p\u00e5 \u00f6ver 9 miljarder kronor. &#8230;<\/p>\n","protected":false},"author":99,"featured_media":0,"parent":0,"menu_order":0,"comment_status":"closed","ping_status":"closed","template":"","meta":{"_monsterinsights_skip_tracking":false,"_monsterinsights_sitenote_active":false,"_monsterinsights_sitenote_note":"","_monsterinsights_sitenote_category":0,"_links_to":"","_links_to_target":""},"_links":{"self":[{"href":"https:\/\/hallbartbyggande.com\/uponorvvs\/wp-json\/wp\/v2\/pages\/2"}],"collection":[{"href":"https:\/\/hallbartbyggande.com\/uponorvvs\/wp-json\/wp\/v2\/pages"}],"about":[{"href":"https:\/\/hallbartbyggande.com\/uponorvvs\/wp-json\/wp\/v2\/types\/page"}],"author":[{"embeddable":true,"href":"https:\/\/hallbartbyggande.com\/uponorvvs\/wp-json\/wp\/v2\/users\/99"}],"replies":[{"embeddable":true,"href":"https:\/\/hallbartbyggande.com\/uponorvvs\/wp-json\/wp\/v2\/comments?post=2"}],"version-history":[{"count":3,"href":"https:\/\/hallbartbyggande.com\/uponorvvs\/wp-json\/wp\/v2\/pages\/2\/revisions"}],"predecessor-version":[{"id":27,"href":"https:\/\/hallbartbyggande.com\/uponorvvs\/wp-json\/wp\/v2\/pages\/2\/revisions\/27"}],"wp:attachment":[{"href":"https:\/\/hallbartbyggande.com\/uponorvvs\/wp-json\/wp\/v2\/media?parent=2"}],"curies":[{"name":"wp","href":"https:\/\/api.w.org\/{rel}","templated":true}]}}