										  
											  
											 {"id":2,"date":"2014-01-20T12:08:57","date_gmt":"2014-01-20T12:08:57","guid":{"rendered":"http:\/\/hallbartbyggande.com\/uponor\/?page_id=2"},"modified":"2014-08-18T11:56:04","modified_gmt":"2014-08-18T09:56:04","slug":"exempelsida","status":"publish","type":"page","link":"https:\/\/hallbartbyggande.com\/uponor\/","title":{"rendered":"Uponor Infra \u2013 Partnerskap som gynnar v\u00e5ra kunder!"},"content":{"rendered":"<p><strong>Uponor Infra \u00e4r ett joint venture mellan KWH Pipe och Uponor Infrastruktur.<\/strong><\/p>\n<p>Det nya joint venture-bolaget kommer att f\u00e5 en ledande position p\u00e5 marknaden f\u00f6r r\u00f6r som anv\u00e4nds till infrastruktur i norra Europa, med verksamhet \u00e4ven i Nordamerika och Asien.<\/p>\n<p>Vi \u00e4r 1600 engagerade experter p\u00e5 plastl\u00f6sningar f\u00f6r infrastruktur, verksamma i Europa, Nordamerika och Asien. Vi samarbetar med andra professionella akt\u00f6rer f\u00f6r att bidra till en b\u00e4ttre milj\u00f6.<\/p>\n<p>V\u00e5rt bidrag till framtiden \u00e4r h\u00e5llbarhet.<\/p>\n[checklist icon=&#8221;star&#8221; iconcolor=&#8221;dark&#8221; circle=&#8221;no&#8221;]\n<ul>\n<li>De flesta av oss g\u00f6r aktiva val n\u00e4r vi k\u00f6per konsumtionsvaror, men hur m\u00e5nga av oss kan s\u00e4ga detsamma n\u00e4r vi installerar ett r\u00f6r som skall ligga i marken i 100 \u00e5r?<\/li>\n<li>Vi p\u00e5 Uponor Infra utv\u00e4rderar alltid milj\u00f6p\u00e5verkan n\u00e4r vi beslutar vilken teknologi och vilket material som skall anv\u00e4ndas vid produktutveckling.<\/li>\n<li>Vi vet vad du gr\u00e4ver ner!\u201d<\/li>\n<\/ul>\n[\/checklist]\n","protected":false},"excerpt":{"rendered":"<p>Uponor Infra \u00e4r ett joint venture mellan KWH Pipe och Uponor Infrastruktur. Det nya joint venture-bolaget kommer att f\u00e5 en ledande position p\u00e5 marknaden f\u00f6r r\u00f6r som anv\u00e4nds till infrastruktur i norra Europa, med verksamhet \u00e4ven i Nordamerika och Asien. Vi \u00e4r 1600 engagerade experter p\u00e5 plastl\u00f6sningar f\u00f6r infrastruktur, verksamma i Europa, Nordamerika och Asien. &#8230;<\/p>\n","protected":false},"author":3,"featured_media":0,"parent":0,"menu_order":0,"comment_status":"open","ping_status":"open","template":"","meta":{"_monsterinsights_skip_tracking":false,"_monsterinsights_sitenote_active":false,"_monsterinsights_sitenote_note":"","_monsterinsights_sitenote_category":0,"_links_to":"","_links_to_target":""},"_links":{"self":[{"href":"https:\/\/hallbartbyggande.com\/uponor\/wp-json\/wp\/v2\/pages\/2"}],"collection":[{"href":"https:\/\/hallbartbyggande.com\/uponor\/wp-json\/wp\/v2\/pages"}],"about":[{"href":"https:\/\/hallbartbyggande.com\/uponor\/wp-json\/wp\/v2\/types\/page"}],"author":[{"embeddable":true,"href":"https:\/\/hallbartbyggande.com\/uponor\/wp-json\/wp\/v2\/users\/3"}],"replies":[{"embeddable":true,"href":"https:\/\/hallbartbyggande.com\/uponor\/wp-json\/wp\/v2\/comments?post=2"}],"version-history":[{"count":8,"href":"https:\/\/hallbartbyggande.com\/uponor\/wp-json\/wp\/v2\/pages\/2\/revisions"}],"predecessor-version":[{"id":71,"href":"https:\/\/hallbartbyggande.com\/uponor\/wp-json\/wp\/v2\/pages\/2\/revisions\/71"}],"wp:attachment":[{"href":"https:\/\/hallbartbyggande.com\/uponor\/wp-json\/wp\/v2\/media?parent=2"}],"curies":[{"name":"wp","href":"https:\/\/api.w.org\/{rel}","templated":true}]}}