										  
											  
											 {"id":8,"date":"2015-09-11T19:05:04","date_gmt":"2015-09-11T17:05:04","guid":{"rendered":"http:\/\/hallbartbyggande.com\/thomasbetong\/?page_id=8"},"modified":"2016-05-10T09:11:55","modified_gmt":"2016-05-10T07:11:55","slug":"kontakt","status":"publish","type":"page","link":"https:\/\/hallbartbyggande.com\/thomasbetong\/kontakt\/","title":{"rendered":"Kontakt"},"content":{"rendered":"<p><strong>Thomas Betong\u00a0AB<\/strong><\/p>\n<p>Bes\u00f6kadress\/Visiting Address: S\u00f6dra V\u00e4gen 28<br \/>\nBox 5162<br \/>\nSE 402 26 G\u00f6teborg<\/p>\n<p><strong>Kasia De Paula<\/strong><br \/>\n<strong>Marketing Communications Manager<\/strong><\/p>\n<p><strong>Tel:<\/strong> +46 104 50 50 48<br \/>\n<strong>E-mail:<\/strong> kasia.depaula@thomasconcretegroup.com<\/p>\n<p><a href=\"http:\/\/www.thomasbetong.se\">www.thomasbetong.se<\/a><\/p>\n<p><a href=\"http:\/\/www.thomasconcretegroup.com\">www.thomasconcretegroup.com<\/a><\/p>\n","protected":false},"excerpt":{"rendered":"<p>Thomas Betong\u00a0AB Bes\u00f6kadress\/Visiting Address: S\u00f6dra V\u00e4gen 28 Box 5162 SE 402 26 G\u00f6teborg Kasia De Paula Marketing Communications Manager Tel: +46 104 50 50 48 E-mail: kasia.depaula@thomasconcretegroup.com www.thomasbetong.se www.thomasconcretegroup.com<\/p>\n","protected":false},"author":1,"featured_media":0,"parent":0,"menu_order":0,"comment_status":"closed","ping_status":"closed","template":"","meta":{"_monsterinsights_skip_tracking":false,"_monsterinsights_sitenote_active":false,"_monsterinsights_sitenote_note":"","_monsterinsights_sitenote_category":0,"_links_to":"","_links_to_target":""},"_links":{"self":[{"href":"https:\/\/hallbartbyggande.com\/thomasbetong\/wp-json\/wp\/v2\/pages\/8"}],"collection":[{"href":"https:\/\/hallbartbyggande.com\/thomasbetong\/wp-json\/wp\/v2\/pages"}],"about":[{"href":"https:\/\/hallbartbyggande.com\/thomasbetong\/wp-json\/wp\/v2\/types\/page"}],"author":[{"embeddable":true,"href":"https:\/\/hallbartbyggande.com\/thomasbetong\/wp-json\/wp\/v2\/users\/1"}],"replies":[{"embeddable":true,"href":"https:\/\/hallbartbyggande.com\/thomasbetong\/wp-json\/wp\/v2\/comments?post=8"}],"version-history":[{"count":5,"href":"https:\/\/hallbartbyggande.com\/thomasbetong\/wp-json\/wp\/v2\/pages\/8\/revisions"}],"predecessor-version":[{"id":28,"href":"https:\/\/hallbartbyggande.com\/thomasbetong\/wp-json\/wp\/v2\/pages\/8\/revisions\/28"}],"wp:attachment":[{"href":"https:\/\/hallbartbyggande.com\/thomasbetong\/wp-json\/wp\/v2\/media?parent=8"}],"curies":[{"name":"wp","href":"https:\/\/api.w.org\/{rel}","templated":true}]}}