										  
											  
											 {"id":2,"date":"2015-09-11T18:35:39","date_gmt":"2015-09-11T16:35:39","guid":{"rendered":"http:\/\/hallbartbyggande.com\/thomasbetong\/?page_id=2"},"modified":"2016-05-03T10:51:17","modified_gmt":"2016-05-03T08:51:17","slug":"om-thomas-betong","status":"publish","type":"page","link":"https:\/\/hallbartbyggande.com\/thomasbetong\/om-thomas-betong\/","title":{"rendered":"Om Thomas Betong"},"content":{"rendered":"<p>Thomas Betong \u00e4r ett svenskt f\u00f6retag med 60 \u00e5rs erfarenhet av att producera fabriks- och prefabricerad betong till b\u00e5de husbyggnad och anl\u00e4ggningskonstruktioner. Betong tillverkas i 34 betongfabriker och prefabricerade betongelement kommer fr\u00e5n 2 prefab fabriker. Ut\u00f6ver betong erbjuder f\u00f6retaget bred service inom betongteknisk r\u00e5dgivning, projektering, transport och pumpning. Antal anst\u00e4llda 275, oms\u00e4ttning 1 miljard sek (2015).<\/p>\n<p>Thomas Betong ing\u00e5r i svenska, familje\u00e4gda koncernen Thomas Concrete Group AB med verksamhet i Sverige, Norge, USA, Tyskland och Polen.<\/p>\n<p><a href=\"http:\/\/www.thomasbetong.se\">www.thomasbetong.se<\/a><\/p>\n","protected":false},"excerpt":{"rendered":"<p>Thomas Betong \u00e4r ett svenskt f\u00f6retag med 60 \u00e5rs erfarenhet av att producera fabriks- och prefabricerad betong till b\u00e5de husbyggnad och anl\u00e4ggningskonstruktioner. Betong tillverkas i 34 betongfabriker och prefabricerade betongelement kommer fr\u00e5n 2 prefab fabriker. Ut\u00f6ver betong erbjuder f\u00f6retaget bred service inom betongteknisk r\u00e5dgivning, projektering, transport och pumpning. Antal anst\u00e4llda 275, oms\u00e4ttning 1 miljard sek &#8230;<\/p>\n","protected":false},"author":92,"featured_media":0,"parent":0,"menu_order":0,"comment_status":"open","ping_status":"closed","template":"","meta":{"_monsterinsights_skip_tracking":false,"_monsterinsights_sitenote_active":false,"_monsterinsights_sitenote_note":"","_monsterinsights_sitenote_category":0,"_links_to":"","_links_to_target":""},"_links":{"self":[{"href":"https:\/\/hallbartbyggande.com\/thomasbetong\/wp-json\/wp\/v2\/pages\/2"}],"collection":[{"href":"https:\/\/hallbartbyggande.com\/thomasbetong\/wp-json\/wp\/v2\/pages"}],"about":[{"href":"https:\/\/hallbartbyggande.com\/thomasbetong\/wp-json\/wp\/v2\/types\/page"}],"author":[{"embeddable":true,"href":"https:\/\/hallbartbyggande.com\/thomasbetong\/wp-json\/wp\/v2\/users\/92"}],"replies":[{"embeddable":true,"href":"https:\/\/hallbartbyggande.com\/thomasbetong\/wp-json\/wp\/v2\/comments?post=2"}],"version-history":[{"count":2,"href":"https:\/\/hallbartbyggande.com\/thomasbetong\/wp-json\/wp\/v2\/pages\/2\/revisions"}],"predecessor-version":[{"id":17,"href":"https:\/\/hallbartbyggande.com\/thomasbetong\/wp-json\/wp\/v2\/pages\/2\/revisions\/17"}],"wp:attachment":[{"href":"https:\/\/hallbartbyggande.com\/thomasbetong\/wp-json\/wp\/v2\/media?parent=2"}],"curies":[{"name":"wp","href":"https:\/\/api.w.org\/{rel}","templated":true}]}}