										  
											  
											 {"id":2,"date":"2015-06-01T13:05:15","date_gmt":"2015-06-01T11:05:15","guid":{"rendered":"http:\/\/hallbartbyggande.com\/thermotech\/?page_id=2"},"modified":"2015-06-01T13:16:53","modified_gmt":"2015-06-01T11:16:53","slug":"om-oss","status":"publish","type":"page","link":"https:\/\/hallbartbyggande.com\/thermotech\/om-oss\/","title":{"rendered":"Om oss"},"content":{"rendered":"<p><strong>Thermotech Scandinavia AB<\/strong> utvecklar, tillverkar, projekterar, s\u00e4ljer och levererar kompletta kundanpassade vattenburna golvv\u00e4rmesystem och r\u00f6rsystem f\u00f6r tappvatten och radiatoranslutningar.<\/p>\n<p>Thermotech grundades i Sollefte\u00e5 1996 och d\u00e4r finns huvudlager och produktion \u00e4n idag. F\u00f6rutom fabriken i Sollefte\u00e5 har vi huvudkontor i Ume\u00e5, ytterligare sex regionkontor runt om i Sverige samt dotterbolag i Finland och Ryssland. F\u00f6rra \u00e5ret omsatte vi 124 MSK.<\/p>\n<p>V\u00e5r s\u00e4ljorganisation pr\u00e4glas av att vi levererar utan grossister med en h\u00f6g servicegrad och stor flexibilitet. R\u00f6rinstallat\u00f6rer och husfabrikanter \u00e4r n\u00e5gra av v\u00e5ra kunder.<\/p>\n","protected":false},"excerpt":{"rendered":"<p>Thermotech Scandinavia AB utvecklar, tillverkar, projekterar, s\u00e4ljer och levererar kompletta kundanpassade vattenburna golvv\u00e4rmesystem och r\u00f6rsystem f\u00f6r tappvatten och radiatoranslutningar. Thermotech grundades i Sollefte\u00e5 1996 och d\u00e4r finns huvudlager och produktion \u00e4n idag. F\u00f6rutom fabriken i Sollefte\u00e5 har vi huvudkontor i Ume\u00e5, ytterligare sex regionkontor runt om i Sverige samt dotterbolag i Finland och Ryssland. F\u00f6rra &#8230;<\/p>\n","protected":false},"author":86,"featured_media":0,"parent":0,"menu_order":0,"comment_status":"open","ping_status":"closed","template":"","meta":{"_monsterinsights_skip_tracking":false,"_monsterinsights_sitenote_active":false,"_monsterinsights_sitenote_note":"","_monsterinsights_sitenote_category":0,"_links_to":"","_links_to_target":""},"_links":{"self":[{"href":"https:\/\/hallbartbyggande.com\/thermotech\/wp-json\/wp\/v2\/pages\/2"}],"collection":[{"href":"https:\/\/hallbartbyggande.com\/thermotech\/wp-json\/wp\/v2\/pages"}],"about":[{"href":"https:\/\/hallbartbyggande.com\/thermotech\/wp-json\/wp\/v2\/types\/page"}],"author":[{"embeddable":true,"href":"https:\/\/hallbartbyggande.com\/thermotech\/wp-json\/wp\/v2\/users\/86"}],"replies":[{"embeddable":true,"href":"https:\/\/hallbartbyggande.com\/thermotech\/wp-json\/wp\/v2\/comments?post=2"}],"version-history":[{"count":2,"href":"https:\/\/hallbartbyggande.com\/thermotech\/wp-json\/wp\/v2\/pages\/2\/revisions"}],"predecessor-version":[{"id":14,"href":"https:\/\/hallbartbyggande.com\/thermotech\/wp-json\/wp\/v2\/pages\/2\/revisions\/14"}],"wp:attachment":[{"href":"https:\/\/hallbartbyggande.com\/thermotech\/wp-json\/wp\/v2\/media?parent=2"}],"curies":[{"name":"wp","href":"https:\/\/api.w.org\/{rel}","templated":true}]}}