										  
											  
											 {"id":2,"date":"2015-02-17T14:33:38","date_gmt":"2015-02-17T14:33:38","guid":{"rendered":"http:\/\/hallbartbyggande.com\/thermia\/?page_id=2"},"modified":"2015-02-19T13:05:40","modified_gmt":"2015-02-19T13:05:40","slug":"om-thermia-varmepumpar","status":"publish","type":"page","link":"https:\/\/hallbartbyggande.com\/thermia\/om-thermia-varmepumpar\/","title":{"rendered":"Om Thermia"},"content":{"rendered":"<p><strong>Thermia V\u00e4rmepumpar utvecklar,<\/strong> producerar och marknadsf\u00f6r v\u00e4rmepumpssystem f\u00f6r uppv\u00e4rmning, varmvatten och kyla. V\u00e5rt arbete med forskning och utveckling utg\u00e5r fr\u00e5n en av Europas modernaste anl\u00e4ggningar. Genom tradition och innovation str\u00e4var vi hela tiden efter att f\u00f6rb\u00e4ttra varje enskild del av v\u00e4rmepumpens teknologi.<\/p>\n","protected":false},"excerpt":{"rendered":"<p>Thermia V\u00e4rmepumpar utvecklar, producerar och marknadsf\u00f6r v\u00e4rmepumpssystem f\u00f6r uppv\u00e4rmning, varmvatten och kyla. V\u00e5rt arbete med forskning och utveckling utg\u00e5r fr\u00e5n en av Europas modernaste anl\u00e4ggningar. Genom tradition och innovation str\u00e4var vi hela tiden efter att f\u00f6rb\u00e4ttra varje enskild del av v\u00e4rmepumpens teknologi.<\/p>\n","protected":false},"author":71,"featured_media":0,"parent":0,"menu_order":0,"comment_status":"open","ping_status":"open","template":"","meta":{"_monsterinsights_skip_tracking":false,"_monsterinsights_sitenote_active":false,"_monsterinsights_sitenote_note":"","_monsterinsights_sitenote_category":0,"_links_to":"","_links_to_target":""},"_links":{"self":[{"href":"https:\/\/hallbartbyggande.com\/thermia\/wp-json\/wp\/v2\/pages\/2"}],"collection":[{"href":"https:\/\/hallbartbyggande.com\/thermia\/wp-json\/wp\/v2\/pages"}],"about":[{"href":"https:\/\/hallbartbyggande.com\/thermia\/wp-json\/wp\/v2\/types\/page"}],"author":[{"embeddable":true,"href":"https:\/\/hallbartbyggande.com\/thermia\/wp-json\/wp\/v2\/users\/71"}],"replies":[{"embeddable":true,"href":"https:\/\/hallbartbyggande.com\/thermia\/wp-json\/wp\/v2\/comments?post=2"}],"version-history":[{"count":4,"href":"https:\/\/hallbartbyggande.com\/thermia\/wp-json\/wp\/v2\/pages\/2\/revisions"}],"predecessor-version":[{"id":23,"href":"https:\/\/hallbartbyggande.com\/thermia\/wp-json\/wp\/v2\/pages\/2\/revisions\/23"}],"wp:attachment":[{"href":"https:\/\/hallbartbyggande.com\/thermia\/wp-json\/wp\/v2\/media?parent=2"}],"curies":[{"name":"wp","href":"https:\/\/api.w.org\/{rel}","templated":true}]}}