										  
											  
											 {"id":10,"date":"2015-02-17T16:02:45","date_gmt":"2015-02-17T16:02:45","guid":{"rendered":"http:\/\/hallbartbyggande.com\/thermia\/?page_id=10"},"modified":"2015-02-19T13:30:41","modified_gmt":"2015-02-19T13:30:41","slug":"kontakt","status":"publish","type":"page","link":"https:\/\/hallbartbyggande.com\/thermia\/kontakt\/","title":{"rendered":"Kontakt"},"content":{"rendered":"<h2><a href=\"http:\/\/hallbartbyggande.com\/thermia\/wp-content\/blogs.dir\/sites\/69\/2015\/02\/Magnusson.jpg\"><img decoding=\"async\" loading=\"lazy\" class=\"alignnone  wp-image-29\" src=\"http:\/\/hallbartbyggande.com\/thermia\/wp-content\/blogs.dir\/sites\/69\/2015\/02\/Magnusson.jpg\" alt=\"Magnusson\" width=\"145\" height=\"177\" srcset=\"https:\/\/hallbartbyggande.com\/thermia\/wp-content\/blogs.dir\/sites\/69\/2015\/02\/Magnusson.jpg 559w, https:\/\/hallbartbyggande.com\/thermia\/wp-content\/blogs.dir\/sites\/69\/2015\/02\/Magnusson-163x200.jpg 163w\" sizes=\"(max-width: 145px) 100vw, 145px\" \/><\/a><\/h2>\n<h2>Thermia<\/h2>\n<p>Box 950<br \/>\n671 29 Arvika<br \/>\n<strong>Mob:<\/strong> 0570-813 00<br \/>\n<a href=\"http:\/\/www.thermia.se\">www.thermia.se<\/a><\/p>\n<p>&nbsp;<\/p>\n<p><strong>Kontaktperson:<\/strong><br \/>\nAndreas Magnusson<br \/>\nF\u00f6rs\u00e4ljningsansvarig<br \/>\nFastighetsv\u00e4rmepumpar<br \/>\n<strong>Mob:<\/strong> 0570-84753<\/p>\n<h2><\/h2>\n<p>&nbsp;<\/p>\n<p>&nbsp;<\/p>\n","protected":false},"excerpt":{"rendered":"<p>Thermia Box 950 671 29 Arvika Mob: 0570-813 00 www.thermia.se &nbsp; Kontaktperson: Andreas Magnusson F\u00f6rs\u00e4ljningsansvarig Fastighetsv\u00e4rmepumpar Mob: 0570-84753 &nbsp; &nbsp;<\/p>\n","protected":false},"author":1,"featured_media":0,"parent":0,"menu_order":0,"comment_status":"open","ping_status":"open","template":"","meta":{"_monsterinsights_skip_tracking":false,"_monsterinsights_sitenote_active":false,"_monsterinsights_sitenote_note":"","_monsterinsights_sitenote_category":0,"_links_to":"","_links_to_target":""},"_links":{"self":[{"href":"https:\/\/hallbartbyggande.com\/thermia\/wp-json\/wp\/v2\/pages\/10"}],"collection":[{"href":"https:\/\/hallbartbyggande.com\/thermia\/wp-json\/wp\/v2\/pages"}],"about":[{"href":"https:\/\/hallbartbyggande.com\/thermia\/wp-json\/wp\/v2\/types\/page"}],"author":[{"embeddable":true,"href":"https:\/\/hallbartbyggande.com\/thermia\/wp-json\/wp\/v2\/users\/1"}],"replies":[{"embeddable":true,"href":"https:\/\/hallbartbyggande.com\/thermia\/wp-json\/wp\/v2\/comments?post=10"}],"version-history":[{"count":7,"href":"https:\/\/hallbartbyggande.com\/thermia\/wp-json\/wp\/v2\/pages\/10\/revisions"}],"predecessor-version":[{"id":42,"href":"https:\/\/hallbartbyggande.com\/thermia\/wp-json\/wp\/v2\/pages\/10\/revisions\/42"}],"wp:attachment":[{"href":"https:\/\/hallbartbyggande.com\/thermia\/wp-json\/wp\/v2\/media?parent=10"}],"curies":[{"name":"wp","href":"https:\/\/api.w.org\/{rel}","templated":true}]}}