										  
											  
											 {"id":7,"date":"2018-10-01T11:03:38","date_gmt":"2018-10-01T09:03:38","guid":{"rendered":"https:\/\/hallbartbyggande.com\/tatasteel\/?page_id=7"},"modified":"2018-10-01T11:03:38","modified_gmt":"2018-10-01T09:03:38","slug":"om-tata-steel","status":"publish","type":"page","link":"https:\/\/hallbartbyggande.com\/tatasteel\/om-tata-steel\/","title":{"rendered":"Om Tata Steel"},"content":{"rendered":"<h2>Tata Steel Europe<\/h2>\n<p>Tata Steel \u00e4r en av Europas st\u00f6rsta st\u00e5ltillverkare med st\u00e5ltillverkningsanl\u00e4ggningar i Storbritannien och Nederl\u00e4nderna och fabriker p\u00e5 olika platser i Europa.<\/p>\n<p>Vi levererar ett omfattande sortiment av h\u00f6gkvalitativa st\u00e5l- och aluminiumprodukter och tj\u00e4nster till kr\u00e4vande marknader, inklusive bygg-, bil-, flyg- och f\u00f6rpackningsindustrin samt lyft- &amp; schaktning och energisektorn.<\/p>\n<p>Byggindustrin \u00e4r den enskilt st\u00f6rsta marknaden f\u00f6r Tata Steel. V\u00e5rt stora utbud av produkter innefattar tak- och fasadprofil, takavvattning, beslag och tillbeh\u00f6r, h\u00f6gprofil samt sandwichpaneler. Genom v\u00e5r satsning p\u00e5 digital teknik, teknisk kompetens och fortsatt forskning tillhandah\u00e5ller vi byggkomponenter som m\u00f6jligg\u00f6r h\u00e5llbara och framst\u00e5ende byggprojekt.<\/p>\n<p>V\u00e5r kundfokuserade strategi f\u00f6r innovation hj\u00e4lper oss att bygga upp l\u00e5ngsiktiga samarbeten med v\u00e5ra leverant\u00f6rskedjor, att skapa nya framg\u00e5ngar f\u00f6r dem genom att h\u00f6ja v\u00e4rdet p\u00e5 deras verksamhet och hj\u00e4lpa dem att prestera p\u00e5 sina respektive marknader.<\/p>\n<h2>H\u00e5llbart Byggande<\/h2>\n<p>H\u00e5llbarhet \u00e4r sj\u00e4lva k\u00e4rnan i vad vi g\u00f6r. Vi efterstr\u00e4var att bedriva v\u00e5r verksamhet p\u00e5 ett ansvarsfullt s\u00e4tt och arbetar med ett p\u00e5g\u00e5ende program f\u00f6r st\u00e4ndiga f\u00f6rb\u00e4ttringar av v\u00e5ra system och processer f\u00f6r att s\u00e4kerst\u00e4lla att de uppfyller, och i m\u00f6jligaste m\u00e5n, \u00f6verstiger de normer som fastst\u00e4llts av tillsynsmyndigheterna.<\/p>\n<p>Vi arbetar tillsammans med v\u00e5ra kunder p\u00e5 att utforma mer h\u00e5llbara produkter som bidrar till l\u00f6sningar som ger viktiga f\u00f6rdelar n\u00e4r det g\u00e4ller h\u00e5llbarhet. V\u00e5ra produkter har betydande milj\u00f6egenskaper, \u00e4r helt \u00e5tervinningsbara och tillverkas f\u00f6r att h\u00e5lla, med h\u00e4nsyn till komponenternas olika \u00e5tervinningsalternativ och kretsloppsekonomin.<\/p>\n<p>Vi \u00e4r fast beslutna att se till att v\u00e5ra leverant\u00f6rer delar samma v\u00e4rderingar som vi g\u00f6r och vi var den f\u00f6rsta stora st\u00e5ltillverkaren som fick en oberoende certifiering (BES 6001) f\u00f6r v\u00e5ra ansvarsfulla ink\u00f6psriktlinjer och ink\u00f6psrutiner.<\/p>\n<h2>L\u00e5ngsiktig produkt; l\u00e5ngsiktig garanti<\/h2>\n<p>Confidex\u00ae \u00e4r den l\u00e4ngsta och mest omfattande garantin f\u00f6r f\u00e4rdigbehandlade st\u00e5lprodukter i Europa. Nu utst\u00e4lls Confidex\u00ae-garanti p\u00e5 Colorcoat HPS200\u00ae Ultra och Colorcoat Prisma\u00ae i upp till 40 \u00e5r.<\/p>\n<p>Den o\u00f6vertr\u00e4ffade f\u00f6rb\u00e4ttringen av f\u00e4rgstabiliteten och glansh\u00e5llningen ger en betydligt mer h\u00e5llbar produkt med l\u00e4ngre livsl\u00e4ngd.<\/p>\n<p>Colorcoat HPS200\u00ae Ultra st\u00e5r emot olika typer av p\u00e5verkan, v\u00e4der och vind tack vare kombinationen mellan Galvalloy\u2122-metallic-underlaget och den unika bel\u00e4ggningen. Confidex\u00ae t\u00e4cker fabriksklippta kanter under hela garantiperioden, och det kr\u00e4vs inga \u00e5rliga inspektioner f\u00f6r att garantin ska forts\u00e4tta g\u00e4lla.<\/p>\n<p>Colorcoat Prisma\u00ae demonstrerar en radikal f\u00f6r\u00e4ndring genom att utnyttja den senaste trelagerstillverkningstekniken f\u00f6r att skapa en optimerad, robust, kromfri ytbehandlad st\u00e5lprodukt.<\/p>\n<p>Colorcoat Prisma\u00ae \u00e4r inte bara ledande inom UV-prestanda utan \u00f6vertr\u00e4ffar \u00e4ven de h\u00f6gsta europeiska kraven f\u00f6r korrosionsbest\u00e4ndighet. Det g\u00f6r det till ett idealiskt val f\u00f6r butiker, detaljhandel, lager, offentliga byggnader och fantastiska estetiska byggnader som verkligen byggs f\u00f6r att vara l\u00e4nge.<\/p>\n<h2>F\u00f6rdelarna med Confidex\u00ae-registrering<\/h2>\n<p>Om ett bel\u00e4ggningsproblem mot alla odds skulle uppst\u00e5 kan byggnads\u00e4garen kontakta Tata Steel direkt, oavsett hur den kontraktsm\u00e4ssiga kedjan ser ut, och d\u00e4rmed spara tid och pengar och undvika on\u00f6diga juridiska processer. \u00c4ven om byggnads\u00e4garen \u00e4ndras kommer garantin att flyttas till den nya \u00e4garen.<\/p>\n","protected":false},"excerpt":{"rendered":"<p>Tata Steel Europe Tata Steel \u00e4r en av Europas st\u00f6rsta st\u00e5ltillverkare med st\u00e5ltillverkningsanl\u00e4ggningar i Storbritannien och Nederl\u00e4nderna och fabriker p\u00e5 olika platser i Europa. Vi levererar ett omfattande sortiment av h\u00f6gkvalitativa st\u00e5l- och aluminiumprodukter och tj\u00e4nster till kr\u00e4vande marknader, inklusive bygg-, bil-, flyg- och f\u00f6rpackningsindustrin samt lyft- &amp; schaktning och energisektorn. Byggindustrin \u00e4r den enskilt &#8230;<\/p>\n","protected":false},"author":2,"featured_media":0,"parent":0,"menu_order":0,"comment_status":"closed","ping_status":"closed","template":"","meta":{"_monsterinsights_skip_tracking":false,"_monsterinsights_sitenote_active":false,"_monsterinsights_sitenote_note":"","_monsterinsights_sitenote_category":0,"_links_to":"","_links_to_target":""},"_links":{"self":[{"href":"https:\/\/hallbartbyggande.com\/tatasteel\/wp-json\/wp\/v2\/pages\/7"}],"collection":[{"href":"https:\/\/hallbartbyggande.com\/tatasteel\/wp-json\/wp\/v2\/pages"}],"about":[{"href":"https:\/\/hallbartbyggande.com\/tatasteel\/wp-json\/wp\/v2\/types\/page"}],"author":[{"embeddable":true,"href":"https:\/\/hallbartbyggande.com\/tatasteel\/wp-json\/wp\/v2\/users\/2"}],"replies":[{"embeddable":true,"href":"https:\/\/hallbartbyggande.com\/tatasteel\/wp-json\/wp\/v2\/comments?post=7"}],"version-history":[{"count":1,"href":"https:\/\/hallbartbyggande.com\/tatasteel\/wp-json\/wp\/v2\/pages\/7\/revisions"}],"predecessor-version":[{"id":8,"href":"https:\/\/hallbartbyggande.com\/tatasteel\/wp-json\/wp\/v2\/pages\/7\/revisions\/8"}],"wp:attachment":[{"href":"https:\/\/hallbartbyggande.com\/tatasteel\/wp-json\/wp\/v2\/media?parent=7"}],"curies":[{"name":"wp","href":"https:\/\/api.w.org\/{rel}","templated":true}]}}