										  
											  
											 {"id":2,"date":"2014-09-24T12:05:47","date_gmt":"2014-09-24T12:05:47","guid":{"rendered":"http:\/\/hallbartbyggande.com\/systemair\/?page_id=2"},"modified":"2016-05-26T11:59:41","modified_gmt":"2016-05-26T09:59:41","slug":"exempelsida","status":"publish","type":"page","link":"https:\/\/hallbartbyggande.com\/systemair\/exempelsida\/","title":{"rendered":"Om Systemair"},"content":{"rendered":"<p>Systemair AB \u00e4r en v\u00e4rldsledande tillverkare av energieffektiva ventilationsprodukter som fl\u00e4ktar, luftbehandlingsaggregat, luftdistribution, luftkonditionering, luftrid\u00e5er och v\u00e4rme- och kylprodukter. F\u00f6retaget grundades 1974 i Skinnskatteberg med en banbrytande produktinnovation \u2013 den runda kanalfl\u00e4kten. Innovationen gjorde inte bara installat\u00f6rernas arbete betydligt enklare utan \u00f6kade \u00e4ven effektiviteten. &#8220;Den raka v\u00e4gen&#8221; blev snart ett begrepp f\u00f6r arbetet i koncernen och riktlinjen f\u00f6r v\u00e5r aff\u00e4rsfilosofi.<\/p>\n<p>Idag finns Systemair i hela v\u00e4rlden och har 63 bolag i 47 l\u00e4nder. V\u00e5ra 4 700 anst\u00e4llda arbetar efter v\u00e5ra v\u00e4rderingar: p\u00e5litlighet, att prioritera och att g\u00f6ra det enkelt. Dessa v\u00e4rderingar ligger till grund f\u00f6r allt vi g\u00f6r, hur vi g\u00f6r det och det \u00e4r vad v\u00e5ra kunder ska f\u00f6rv\u00e4nta sig av oss.<\/p>\n<p>Inom bolaget ryms varum\u00e4rken som Systemair, Frico, VEAB, Fantech, Menerga och Holland Heating.<\/p>\n","protected":false},"excerpt":{"rendered":"<p>Systemair AB \u00e4r en v\u00e4rldsledande tillverkare av energieffektiva ventilationsprodukter som fl\u00e4ktar, luftbehandlingsaggregat, luftdistribution, luftkonditionering, luftrid\u00e5er och v\u00e4rme- och kylprodukter. F\u00f6retaget grundades 1974 i Skinnskatteberg med en banbrytande produktinnovation \u2013 den runda kanalfl\u00e4kten. Innovationen gjorde inte bara installat\u00f6rernas arbete betydligt enklare utan \u00f6kade \u00e4ven effektiviteten. &#8220;Den raka v\u00e4gen&#8221; blev snart ett begrepp f\u00f6r arbetet i koncernen &#8230;<\/p>\n","protected":false},"author":46,"featured_media":0,"parent":0,"menu_order":0,"comment_status":"open","ping_status":"open","template":"","meta":{"_monsterinsights_skip_tracking":false,"_monsterinsights_sitenote_active":false,"_monsterinsights_sitenote_note":"","_monsterinsights_sitenote_category":0,"_links_to":"","_links_to_target":""},"_links":{"self":[{"href":"https:\/\/hallbartbyggande.com\/systemair\/wp-json\/wp\/v2\/pages\/2"}],"collection":[{"href":"https:\/\/hallbartbyggande.com\/systemair\/wp-json\/wp\/v2\/pages"}],"about":[{"href":"https:\/\/hallbartbyggande.com\/systemair\/wp-json\/wp\/v2\/types\/page"}],"author":[{"embeddable":true,"href":"https:\/\/hallbartbyggande.com\/systemair\/wp-json\/wp\/v2\/users\/46"}],"replies":[{"embeddable":true,"href":"https:\/\/hallbartbyggande.com\/systemair\/wp-json\/wp\/v2\/comments?post=2"}],"version-history":[{"count":2,"href":"https:\/\/hallbartbyggande.com\/systemair\/wp-json\/wp\/v2\/pages\/2\/revisions"}],"predecessor-version":[{"id":24,"href":"https:\/\/hallbartbyggande.com\/systemair\/wp-json\/wp\/v2\/pages\/2\/revisions\/24"}],"wp:attachment":[{"href":"https:\/\/hallbartbyggande.com\/systemair\/wp-json\/wp\/v2\/media?parent=2"}],"curies":[{"name":"wp","href":"https:\/\/api.w.org\/{rel}","templated":true}]}}