										  
											  
											 {"id":13,"date":"2020-10-29T10:16:54","date_gmt":"2020-10-29T09:16:54","guid":{"rendered":"https:\/\/hallbartbyggande.com\/swerock\/?page_id=13"},"modified":"2020-10-29T10:16:54","modified_gmt":"2020-10-29T09:16:54","slug":"om-swerock","status":"publish","type":"page","link":"https:\/\/hallbartbyggande.com\/swerock\/om-swerock\/","title":{"rendered":"Om Swerock"},"content":{"rendered":"<p>Swerock \u00e4r en av Sveriges st\u00f6rsta leverant\u00f6rer av material och tj\u00e4nster till bygg- och anl\u00e4ggningsbranschen. I erbjudandet ing\u00e5r betong, grus- och bergmaterial, transporter och entreprenadmaskiner samt milj\u00f6tj\u00e4nster som \u00e5tervinning, marksanering och vattenrening. Gedigen kunskap, personligt engagemang och lokal n\u00e4rvaro skapar helhetsl\u00f6sningar som g\u00f6r ditt projekt lite enklare. Med egen f\u00f6rs\u00f6rjning av slagg och h\u00f6g tillg\u00e4nglighet g\u00f6r vi det ocks\u00e5 enkelt f\u00f6r dig att v\u00e4lja r\u00e4tt material ur ett h\u00e5llbarhetsperspektiv. ECO-Betong uppn\u00e5r Svensk Betongs krav p\u00e5 klimatf\u00f6rb\u00e4ttrad betong. Beroende p\u00e5 anv\u00e4ndningsomr\u00e5de kan det minska utsl\u00e4ppen med upp till 50 procent. ECO-Betong ger \u00e4ven m\u00e5nga tekniska f\u00f6rdelar, som \u00f6kad best\u00e4ndighet och sulfatresistens.<\/p>\n","protected":false},"excerpt":{"rendered":"<p>Swerock \u00e4r en av Sveriges st\u00f6rsta leverant\u00f6rer av material och tj\u00e4nster till bygg- och anl\u00e4ggningsbranschen. I erbjudandet ing\u00e5r betong, grus- och bergmaterial, transporter och entreprenadmaskiner samt milj\u00f6tj\u00e4nster som \u00e5tervinning, marksanering och vattenrening. Gedigen kunskap, personligt engagemang och lokal n\u00e4rvaro skapar helhetsl\u00f6sningar som g\u00f6r ditt projekt lite enklare. Med egen f\u00f6rs\u00f6rjning av slagg och h\u00f6g tillg\u00e4nglighet &#8230;<\/p>\n","protected":false},"author":2,"featured_media":0,"parent":0,"menu_order":0,"comment_status":"closed","ping_status":"closed","template":"","meta":{"_monsterinsights_skip_tracking":false,"_monsterinsights_sitenote_active":false,"_monsterinsights_sitenote_note":"","_monsterinsights_sitenote_category":0,"_links_to":"","_links_to_target":""},"_links":{"self":[{"href":"https:\/\/hallbartbyggande.com\/swerock\/wp-json\/wp\/v2\/pages\/13"}],"collection":[{"href":"https:\/\/hallbartbyggande.com\/swerock\/wp-json\/wp\/v2\/pages"}],"about":[{"href":"https:\/\/hallbartbyggande.com\/swerock\/wp-json\/wp\/v2\/types\/page"}],"author":[{"embeddable":true,"href":"https:\/\/hallbartbyggande.com\/swerock\/wp-json\/wp\/v2\/users\/2"}],"replies":[{"embeddable":true,"href":"https:\/\/hallbartbyggande.com\/swerock\/wp-json\/wp\/v2\/comments?post=13"}],"version-history":[{"count":1,"href":"https:\/\/hallbartbyggande.com\/swerock\/wp-json\/wp\/v2\/pages\/13\/revisions"}],"predecessor-version":[{"id":14,"href":"https:\/\/hallbartbyggande.com\/swerock\/wp-json\/wp\/v2\/pages\/13\/revisions\/14"}],"wp:attachment":[{"href":"https:\/\/hallbartbyggande.com\/swerock\/wp-json\/wp\/v2\/media?parent=13"}],"curies":[{"name":"wp","href":"https:\/\/api.w.org\/{rel}","templated":true}]}}