										  
											  
											 {"id":2,"date":"2014-01-23T15:24:54","date_gmt":"2014-01-23T15:24:54","guid":{"rendered":"http:\/\/hallbartbyggande.com\/swegon\/?page_id=2"},"modified":"2015-09-17T14:56:43","modified_gmt":"2015-09-17T12:56:43","slug":"om-swegon","status":"publish","type":"page","link":"https:\/\/hallbartbyggande.com\/swegon\/om-swegon\/","title":{"rendered":"Om Swegon"},"content":{"rendered":"<h2>V\u00e4rldsledande innovation \u2013 f\u00f6r varje andetag<\/h2>\n<p>Varje andetag vi tar p\u00e5verkar v\u00e5r effektivitet, v\u00e5rt hum\u00f6r och v\u00e5r prestationsf\u00f6rm\u00e5ga. Med bra luft f\u00e5r vi m\u00e4nniskor att m\u00e5 b\u00e4ttre. Ren och r\u00e4tt tempererad luft \u00e4r d\u00e4rf\u00f6r en v\u00e4rdefull investering. I mer \u00e4n 60 \u00e5r har vi p\u00e5 Swegon utvecklat produkter och system f\u00f6r en energigivande inomhusmilj\u00f6. Och utvecklingen forts\u00e4tter.<\/p>\n<p>Swegon \u00e4r v\u00e4rldsledande n\u00e4r det g\u00e4ller innovation och produktutveckling inom klimatanl\u00e4ggningar. V\u00e5r vision \u00e4r att skapa v\u00e4rldens b\u00e4sta inomhusklimat f\u00f6r m\u00e4nniskor och milj\u00f6. All forskning och utveckling sker i h\u00f6gteknologiska laboratorier i v\u00e5ra sex fabriker. Och forskningen leder hela tiden till nya innovationer.<\/p>\n<blockquote><p>\u201dDet vi erbjuder varken syns eller m\u00e4rks men \u00e4nd\u00e5 lyckas vi skapa en milj\u00f6 d\u00e4r m\u00e4nniskor trivs. Det \u00e4r det som driver oss fram\u00e5t.\u201d<\/p><\/blockquote>\n<h2>Med energieffektivitet och inomhusklimat i fokus<\/h2>\n<p>Idag st\u00e4lls allt h\u00f6gre krav p\u00e5 att klimatiseringen av byggnader ska kr\u00e4va s\u00e5 lite energi som m\u00f6jligt. Att utveckla smarta produkter och system som ocks\u00e5 \u00e4r skonsamma mot milj\u00f6n \u00e4r inget nytt f\u00f6r oss, hela v\u00e5rt utvecklingsarbete g\u00e5r ut p\u00e5 att hitta nya tekniska l\u00f6sningar som anv\u00e4nder s\u00e5 lite energi som m\u00f6jligt. Vi g\u00f6r detta utan att tappa fokus p\u00e5 inomhusklimatet. Det tj\u00e4nar alla p\u00e5.<\/p>\n<h2>V\u00e5ra produkter \u2013 f\u00f6r en energigivande inomhusmilj\u00f6<\/h2>\n<p>Swegons har ett mycket brett sortiment som omfattar produkter inom ett antal produktomr\u00e5den. L\u00e4s g\u00e4rna mer om dem och v\u00e5ra innovationer p\u00e5 <a href=\"http:\/\/swegon.se\" target=\"_blank\">swegon.se<\/a>.<\/p>\n<ul>\n<li>Luftbehandlingsaggregat \u2013 energieffektiva, tysta och flexibla, med och utan styrutrustning.<\/li>\n<li>Vattenburna klimatsystem \u2013 minimalt med underh\u00e5ll utan dr\u00e4nering eller fl\u00e4ktar.<\/li>\n<li>Kylmaskiner och v\u00e4rmepumpar \u2013 energieffektiva och tysta.<\/li>\n<li>System \u2013 banbrytande crossover-produkter som arbetar p\u00e5 flera niv\u00e5er i ventilationssystemet. F\u00e4rdiga systeml\u00f6sningar anpassade f\u00f6r specifika byggnadstyper.<\/li>\n<li>Luftdon \u2013 tysta, dragfria och designade f\u00f6r att sm\u00e4lta in i omgivningen.<\/li>\n<li>Behovsstyrd ventilation \u2013 r\u00e4tt m\u00e4ngd friskluft vid r\u00e4tt tid p\u00e5 r\u00e4tt plats.<\/li>\n<li>Bostadsventilation \u2013 ventilationsaggregat, takfl\u00e4ktar, spisk\u00e5por och luftdon. Systeml\u00f6sningar f\u00f6r flerbostadshus.<\/li>\n<li>Kylmaskiner f\u00f6r datarum \u2013 f\u00f6r datacenter, serverhallar och andra teknikutrymmen.<\/li>\n<li>Brandspj\u00e4ll \u2013 f\u00f6rhindrar spridning av brand och brandgas.<\/li>\n<li>Akustik \u2013 s\u00e4kerst\u00e4ller komforten med effektiv ljudd\u00e4mpning.<\/li>\n<\/ul>\n<h2>Helhetsl\u00f6sningar f\u00f6r dina unika behov<\/h2>\n<p>V\u00e5ra produkter kan naturligtvis anv\u00e4ndas var f\u00f6r sig, men tillsammans ger de den totala l\u00f6sningen f\u00f6r det perfekta inomhusklimatet. Oavsett om det g\u00e4ller hotell, fabriker, kontor, shoppinggallerior eller bostadshus, kan vi hj\u00e4lpa dig med en helhetsl\u00f6sning. Vi kallar det Solutions \u2013 ventilation, v\u00e4rme och kyla i ett enda system. En anl\u00e4ggning som erbjuder sv\u00e5rslagen driftsekonomi och som dessutom \u00e4r helt flexibel utifr\u00e5n dina behov.<\/p>\n<h2>Vi delar g\u00e4rna v\u00e5r kunskap \u2013 anm\u00e4l dig till Swegon Air Academy<\/h2>\n<p>Genom att dela kunskap, debattera och utbilda vill vi bidra till en b\u00e4ttre f\u00f6rst\u00e5else och utveckling inom inomhusklimat, luftbehandling och energisparande. Swegon Air Academy \u00e4r en plattform f\u00f6r utbyte av information och kunskap inom v\u00e5r bransch. Vi genomf\u00f6r seminarier med fokus p\u00e5 aktuella \u00e4mnen, med f\u00f6rel\u00e4sare fr\u00e5n Swegon, organisationer eller universitet med anknytning till branschen.<\/p>\n<p>Vi observerar och aktualiserar problem genom att skriva och kommentera artiklar i branschpress och skriver till och med b\u00f6cker inom \u00e4mnet. L\u00e4s mer om Swegon Air Academy, se v\u00e5rt aktuella seminarieprogram, ta del av nya r\u00f6n och best\u00e4ll b\u00f6cker p\u00e5<a href=\"http:\/\/swegonairacademy.com\" target=\"_blank\"> swegonairacademy.com<\/a>.<\/p>\n<h2>Vi s\u00e4tter standarden f\u00f6r kvalitet<\/h2>\n<p>Swegon ligger alltid i framkant av utvecklingen och v\u00e5rt nyt\u00e4nkande har satt standard f\u00f6r kommande generationers syn p\u00e5 klimat- och luftbehandling. Swegon \u00e4r kvalitets- och milj\u00f6certifierat enligt ISO 9001 och ISO 14001.<\/p>\n<p>V\u00e5ra produkter och system ska inte bara vara v\u00e4rldens b\u00e4sta f\u00f6r m\u00e4nniskan utan ocks\u00e5 f\u00f6r milj\u00f6n. Vi ska vara det mest milj\u00f6effektiva f\u00f6retaget i branschen. V\u00e5rt milj\u00f6t\u00e4nk vinner alla p\u00e5, b\u00e5de idag och i morgon.<\/p>\n<h2>Swegon skapar energigivande inomhusmilj\u00f6 \u00f6ver hela v\u00e4rlden<\/h2>\n<p>Det finns en Swegon-l\u00f6sning f\u00f6r alla typer av byggnader, klimat och kulturer. V\u00e5ra produkter \u00e4r installerade i allt fr\u00e5n flygplatser, universitet, kontor till butiker och bostadshus p\u00e5 en m\u00e4ngd platser, i ett 40-tal l\u00e4nder runt om i v\u00e4rlden:<\/p>\n<p>L\u00e4s mer om oss, v\u00e5ra produkter och v\u00e5ra innovationer p\u00e5 <a href=\"http:\/\/swegon.se\" target=\"_blank\">swegon.se<\/a><\/p>\n","protected":false},"excerpt":{"rendered":"<p>V\u00e4rldsledande innovation \u2013 f\u00f6r varje andetag Varje andetag vi tar p\u00e5verkar v\u00e5r effektivitet, v\u00e5rt hum\u00f6r och v\u00e5r prestationsf\u00f6rm\u00e5ga. Med bra luft f\u00e5r vi m\u00e4nniskor att m\u00e5 b\u00e4ttre. Ren och r\u00e4tt tempererad luft \u00e4r d\u00e4rf\u00f6r en v\u00e4rdefull investering. I mer \u00e4n 60 \u00e5r har vi p\u00e5 Swegon utvecklat produkter och system f\u00f6r en energigivande inomhusmilj\u00f6. Och &#8230;<\/p>\n","protected":false},"author":7,"featured_media":0,"parent":0,"menu_order":0,"comment_status":"open","ping_status":"open","template":"","meta":{"_monsterinsights_skip_tracking":false,"_monsterinsights_sitenote_active":false,"_monsterinsights_sitenote_note":"","_monsterinsights_sitenote_category":0,"_links_to":"","_links_to_target":""},"_links":{"self":[{"href":"https:\/\/hallbartbyggande.com\/swegon\/wp-json\/wp\/v2\/pages\/2"}],"collection":[{"href":"https:\/\/hallbartbyggande.com\/swegon\/wp-json\/wp\/v2\/pages"}],"about":[{"href":"https:\/\/hallbartbyggande.com\/swegon\/wp-json\/wp\/v2\/types\/page"}],"author":[{"embeddable":true,"href":"https:\/\/hallbartbyggande.com\/swegon\/wp-json\/wp\/v2\/users\/7"}],"replies":[{"embeddable":true,"href":"https:\/\/hallbartbyggande.com\/swegon\/wp-json\/wp\/v2\/comments?post=2"}],"version-history":[{"count":14,"href":"https:\/\/hallbartbyggande.com\/swegon\/wp-json\/wp\/v2\/pages\/2\/revisions"}],"predecessor-version":[{"id":74,"href":"https:\/\/hallbartbyggande.com\/swegon\/wp-json\/wp\/v2\/pages\/2\/revisions\/74"}],"wp:attachment":[{"href":"https:\/\/hallbartbyggande.com\/swegon\/wp-json\/wp\/v2\/media?parent=2"}],"curies":[{"name":"wp","href":"https:\/\/api.w.org\/{rel}","templated":true}]}}