										  
											  
											 {"id":2,"date":"2014-05-22T10:04:38","date_gmt":"2014-05-22T10:04:38","guid":{"rendered":"http:\/\/hallbartbyggande.com\/sverigebygger\/?page_id=2"},"modified":"2014-05-22T12:58:02","modified_gmt":"2014-05-22T10:58:02","slug":"om-sverige-bygger","status":"publish","type":"page","link":"https:\/\/hallbartbyggande.com\/sverigebygger\/om-sverige-bygger\/","title":{"rendered":"Om Sverige Bygger"},"content":{"rendered":"<h2>Sverige Bygger \u2014 Byggsveriges aff\u00e4rsk\u00e4lla<\/h2>\n<p>Vi erbjuder hela byggbranschen b\u00e4ttre koll, effektivare marknadsf\u00f6ring, ett unikt beslutsst\u00f6d och fler och b\u00e4ttre aff\u00e4rsm\u00f6jligheter. F\u00f6retagen f\u00e5r hj\u00e4lp att n\u00e5 r\u00e4tt beslutsfattare p\u00e5 r\u00e4tt byggprojekt vid r\u00e4tt tidpunkt s\u00e5 att de kan p\u00e5verka och s\u00e4lja till en m\u00e5lgrupp som \u00e5rligen tar beslut om att rita och k\u00f6pa in varor och tj\u00e4nster f\u00f6r \u00f6ver 200 miljarder till sina byggprojekt.<\/p>\n<p>Vi f\u00f6ljer upp planerade och p\u00e5g\u00e5ende byggprojekt i alla steg och har Sveriges st\u00f6rsta databas med projekt- och byggstatistik. Databasen byggs upp av v\u00e5ra unders\u00f6kare som varje dag pratar med hundratals ansvariga f\u00f6r byggnationer i Sverige. Vi \u00e4r med fr\u00e5n id\u00e9 och planeringsstadiet \u2013 inf\u00f6r och under projekteringen, bevakar projektens anbuds\u00adtider och f\u00f6ljer \u00e4ven upp vilka f\u00f6retag som vinner upphandlingarna, oavsett om det \u00e4r privata eller offentliga upphandlingar.<\/p>\n<p>Sedan starten 1985 har vi utvecklats till ett marknadsledande f\u00f6retag med ett modernt och \u00f6ppet ledarskap. Vi g\u00f6r allt sj\u00e4lva &#8211; samlar in informationen, utvecklar tj\u00e4nsterna, marknadsf\u00f6r och s\u00e4ljer dem. Det som g\u00f6r oss unika och b\u00e4ttre \u00e4n andra \u00e4r framf\u00f6rallt v\u00e5r personal och v\u00e5r anda. Tusentals sm\u00e5 och medelstora samt<\/p>\n<p>35 av Byggsveriges 50 st\u00f6rsta byggf\u00f6retag har valt oss som sin aff\u00e4rsk\u00e4lla och enligt v\u00e5r senaste kundenk\u00e4t skulle 96% av v\u00e5ra kunder rekommendera oss f\u00f6r andra f\u00f6retag inom byggbranschen.<\/p>\n","protected":false},"excerpt":{"rendered":"<p>Sverige Bygger \u2014 Byggsveriges aff\u00e4rsk\u00e4lla Vi erbjuder hela byggbranschen b\u00e4ttre koll, effektivare marknadsf\u00f6ring, ett unikt beslutsst\u00f6d och fler och b\u00e4ttre aff\u00e4rsm\u00f6jligheter. F\u00f6retagen f\u00e5r hj\u00e4lp att n\u00e5 r\u00e4tt beslutsfattare p\u00e5 r\u00e4tt byggprojekt vid r\u00e4tt tidpunkt s\u00e5 att de kan p\u00e5verka och s\u00e4lja till en m\u00e5lgrupp som \u00e5rligen tar beslut om att rita och k\u00f6pa in varor &#8230;<\/p>\n","protected":false},"author":21,"featured_media":0,"parent":0,"menu_order":0,"comment_status":"open","ping_status":"open","template":"","meta":{"_monsterinsights_skip_tracking":false,"_monsterinsights_sitenote_active":false,"_monsterinsights_sitenote_note":"","_monsterinsights_sitenote_category":0,"_links_to":"","_links_to_target":""},"_links":{"self":[{"href":"https:\/\/hallbartbyggande.com\/sverigebygger\/wp-json\/wp\/v2\/pages\/2"}],"collection":[{"href":"https:\/\/hallbartbyggande.com\/sverigebygger\/wp-json\/wp\/v2\/pages"}],"about":[{"href":"https:\/\/hallbartbyggande.com\/sverigebygger\/wp-json\/wp\/v2\/types\/page"}],"author":[{"embeddable":true,"href":"https:\/\/hallbartbyggande.com\/sverigebygger\/wp-json\/wp\/v2\/users\/21"}],"replies":[{"embeddable":true,"href":"https:\/\/hallbartbyggande.com\/sverigebygger\/wp-json\/wp\/v2\/comments?post=2"}],"version-history":[{"count":2,"href":"https:\/\/hallbartbyggande.com\/sverigebygger\/wp-json\/wp\/v2\/pages\/2\/revisions"}],"predecessor-version":[{"id":31,"href":"https:\/\/hallbartbyggande.com\/sverigebygger\/wp-json\/wp\/v2\/pages\/2\/revisions\/31"}],"wp:attachment":[{"href":"https:\/\/hallbartbyggande.com\/sverigebygger\/wp-json\/wp\/v2\/media?parent=2"}],"curies":[{"name":"wp","href":"https:\/\/api.w.org\/{rel}","templated":true}]}}