										  
											  
											 {"id":15,"date":"2018-08-27T12:10:03","date_gmt":"2018-08-27T10:10:03","guid":{"rendered":"https:\/\/hallbartbyggande.com\/svenskbyggplat\/?page_id=15"},"modified":"2018-08-27T15:46:19","modified_gmt":"2018-08-27T13:46:19","slug":"om-svensk-byggplat","status":"publish","type":"page","link":"https:\/\/hallbartbyggande.com\/svenskbyggplat\/om-svensk-byggplat\/","title":{"rendered":"Om Svensk Byggpl\u00e5t"},"content":{"rendered":"<p>Svensk Byggpl\u00e5t \u00e4r en branschorganisation som aktivt arbetar f\u00f6r att st\u00e4rka och lyfta fram pl\u00e5tens unika f\u00f6rdelar som byggnadsmaterial. Vi arbetar f\u00f6r att fler ska uppt\u00e4cka byggpl\u00e5tens m\u00f6jligheter och f\u00f6rdelar samt att den allm\u00e4nna synen p\u00e5 byggpl\u00e5t ska uppdateras. Vi vill g\u00f6ra byggpl\u00e5ten till en given best\u00e5ndsdel i det framtida samh\u00e4llsbyggandet.<\/p>\n<p>Svensk Byggpl\u00e5t riktar sig till arkitekter, fastighets\u00e4gare, BRF:er och f\u00f6rvaltare, projekt- och byggledningskonsulter, privata hustillverkare och villa\u00e4gare samt till pl\u00e5tslagare och pl\u00e5tkonsulter.<br \/>\nSvensk Byggpl\u00e5t representeras av i stort sett alla Sveriges ledande leverant\u00f6rer inom byggpl\u00e5t samt Pl\u00e5t &amp; Ventf\u00f6retagen, bransch- och arbetsgivarf\u00f6rbundet f\u00f6r f\u00f6retag inom byggpl\u00e5t som har 950 pl\u00e5tslagerif\u00f6retag som medlemmar.<\/p>\n<p>Svensk Byggpl\u00e5t har beslutat att l\u00e4gga alla resurser p\u00e5 att utveckla branschens h\u00e5llbarhetsarbete. Detta startas genom den nystartade h\u00e5llbarhetskampanjen <strong><a href=\"https:\/\/www.svenskbyggplat.se\/extra-lang-hallbarhet\/\">\u201dExtra l\u00e5ng h\u00e5llbarhet &#8211; 100 \u00e5r, 100% och 100 s\u00e4tt!\u201d<\/a> <\/strong>som syftar till att synligg\u00f6ra byggpl\u00e5tens milj\u00f6f\u00f6rdelar och ta ut riktningen f\u00f6r branschens fortsatta h\u00e5llbarhetsarbete.<\/p>\n<p>H\u00e5llbarhetsf\u00f6rklaringen inneb\u00e4r bland annat att medlemmarna i Svensk Byggpl\u00e5t:<\/p>\n<ul>\n<li>Ska \u00f6ka kunskapen hos slutkund om hur byggpl\u00e5tens livsl\u00e4ngd kan f\u00f6rl\u00e4ngas ytterligare genom att vara korrekt utf\u00f6rd och ges r\u00e4tt underh\u00e5ll.<\/li>\n<li>Ska f\u00f6rtydliga processer och rutiner kring \u00e5tervinning.<\/li>\n<li>Ska arbeta f\u00f6r att f\u00e5 fram nya metoder och projekt som \u00f6kar andelen \u00e5terbrukad byggpl\u00e5t och minskar m\u00e4ngden spill.<\/li>\n<\/ul>\n<p>Under h\u00f6sten kommer kampanjen sprida kunskap och initiera flertalet projekt med perspektiven 100 \u00e5r, 100% och 100 s\u00e4tt!<\/p>\n","protected":false},"excerpt":{"rendered":"<p>Svensk Byggpl\u00e5t \u00e4r en branschorganisation som aktivt arbetar f\u00f6r att st\u00e4rka och lyfta fram pl\u00e5tens unika f\u00f6rdelar som byggnadsmaterial. Vi arbetar f\u00f6r att fler ska uppt\u00e4cka byggpl\u00e5tens m\u00f6jligheter och f\u00f6rdelar samt att den allm\u00e4nna synen p\u00e5 byggpl\u00e5t ska uppdateras. Vi vill g\u00f6ra byggpl\u00e5ten till en given best\u00e5ndsdel i det framtida samh\u00e4llsbyggandet. Svensk Byggpl\u00e5t riktar sig &#8230;<\/p>\n","protected":false},"author":2,"featured_media":0,"parent":0,"menu_order":0,"comment_status":"closed","ping_status":"closed","template":"","meta":{"_monsterinsights_skip_tracking":false,"_monsterinsights_sitenote_active":false,"_monsterinsights_sitenote_note":"","_monsterinsights_sitenote_category":0,"_links_to":"","_links_to_target":""},"_links":{"self":[{"href":"https:\/\/hallbartbyggande.com\/svenskbyggplat\/wp-json\/wp\/v2\/pages\/15"}],"collection":[{"href":"https:\/\/hallbartbyggande.com\/svenskbyggplat\/wp-json\/wp\/v2\/pages"}],"about":[{"href":"https:\/\/hallbartbyggande.com\/svenskbyggplat\/wp-json\/wp\/v2\/types\/page"}],"author":[{"embeddable":true,"href":"https:\/\/hallbartbyggande.com\/svenskbyggplat\/wp-json\/wp\/v2\/users\/2"}],"replies":[{"embeddable":true,"href":"https:\/\/hallbartbyggande.com\/svenskbyggplat\/wp-json\/wp\/v2\/comments?post=15"}],"version-history":[{"count":4,"href":"https:\/\/hallbartbyggande.com\/svenskbyggplat\/wp-json\/wp\/v2\/pages\/15\/revisions"}],"predecessor-version":[{"id":34,"href":"https:\/\/hallbartbyggande.com\/svenskbyggplat\/wp-json\/wp\/v2\/pages\/15\/revisions\/34"}],"wp:attachment":[{"href":"https:\/\/hallbartbyggande.com\/svenskbyggplat\/wp-json\/wp\/v2\/media?parent=15"}],"curies":[{"name":"wp","href":"https:\/\/api.w.org\/{rel}","templated":true}]}}