										  
											  
											 {"id":2,"date":"2014-09-16T09:16:15","date_gmt":"2014-09-16T07:16:15","guid":{"rendered":"http:\/\/hallbartbyggande.com\/sundahus\/?page_id=2"},"modified":"2014-09-16T11:39:58","modified_gmt":"2014-09-16T09:39:58","slug":"om-sundahus","status":"publish","type":"page","link":"https:\/\/hallbartbyggande.com\/sundahus\/om-sundahus\/","title":{"rendered":"Om SundaHus"},"content":{"rendered":"<h2>SundaHus skapar f\u00f6ruts\u00e4ttningar f\u00f6r effektivare arbete med medvetna materialval.<\/h2>\n<p>SundaHus erbjuder fastighets\u00e4gare trygghet, nu och i framtiden, genom ett brett utbud av tj\u00e4nster f\u00f6r medvetna materialval. Med ett webbaserat system och kvalificerad r\u00e5dgivning \u00e4r SundaHus en helhetsl\u00f6sning f\u00f6r att systematisera arbetet med att fasa ut farliga \u00e4mnen i en byggnads hela livscykel. SundaHus i Link\u00f6ping AB (publ) grundades 1990, har 14 medarbetare och \u00e4r verksamma i hela Sverige.<\/p>\n<p>L\u00e4s mer <a href=\"http:\/\/sundahus.se\" target=\"_blank\">www.sundahus.se<\/a><\/p>\n","protected":false},"excerpt":{"rendered":"<p>SundaHus skapar f\u00f6ruts\u00e4ttningar f\u00f6r effektivare arbete med medvetna materialval. SundaHus erbjuder fastighets\u00e4gare trygghet, nu och i framtiden, genom ett brett utbud av tj\u00e4nster f\u00f6r medvetna materialval. Med ett webbaserat system och kvalificerad r\u00e5dgivning \u00e4r SundaHus en helhetsl\u00f6sning f\u00f6r att systematisera arbetet med att fasa ut farliga \u00e4mnen i en byggnads hela livscykel. SundaHus i Link\u00f6ping &#8230;<\/p>\n","protected":false},"author":33,"featured_media":0,"parent":0,"menu_order":0,"comment_status":"open","ping_status":"closed","template":"","meta":{"_monsterinsights_skip_tracking":false,"_monsterinsights_sitenote_active":false,"_monsterinsights_sitenote_note":"","_monsterinsights_sitenote_category":0,"_links_to":"","_links_to_target":""},"_links":{"self":[{"href":"https:\/\/hallbartbyggande.com\/sundahus\/wp-json\/wp\/v2\/pages\/2"}],"collection":[{"href":"https:\/\/hallbartbyggande.com\/sundahus\/wp-json\/wp\/v2\/pages"}],"about":[{"href":"https:\/\/hallbartbyggande.com\/sundahus\/wp-json\/wp\/v2\/types\/page"}],"author":[{"embeddable":true,"href":"https:\/\/hallbartbyggande.com\/sundahus\/wp-json\/wp\/v2\/users\/33"}],"replies":[{"embeddable":true,"href":"https:\/\/hallbartbyggande.com\/sundahus\/wp-json\/wp\/v2\/comments?post=2"}],"version-history":[{"count":4,"href":"https:\/\/hallbartbyggande.com\/sundahus\/wp-json\/wp\/v2\/pages\/2\/revisions"}],"predecessor-version":[{"id":18,"href":"https:\/\/hallbartbyggande.com\/sundahus\/wp-json\/wp\/v2\/pages\/2\/revisions\/18"}],"wp:attachment":[{"href":"https:\/\/hallbartbyggande.com\/sundahus\/wp-json\/wp\/v2\/media?parent=2"}],"curies":[{"name":"wp","href":"https:\/\/api.w.org\/{rel}","templated":true}]}}