										  
											  
											 {"id":2,"date":"2015-09-11T18:35:20","date_gmt":"2015-09-11T16:35:20","guid":{"rendered":"http:\/\/hallbartbyggande.com\/strangbetong\/?page_id=2"},"modified":"2025-01-20T16:07:28","modified_gmt":"2025-01-20T15:07:28","slug":"om-strangbetong","status":"publish","type":"page","link":"https:\/\/hallbartbyggande.com\/strangbetong\/om-strangbetong\/","title":{"rendered":"Om Str\u00e4ngbetong"},"content":{"rendered":"<p><strong>Consolis Str\u00e4ngbetong<\/strong> \u00e4r ett av Sveriges ledande stombyggnadsf\u00f6retag. Vi<br \/>\nf\u00f6rser arkitekter, byggf\u00f6retag och samh\u00e4llsbyggare med h\u00e5llbara och<br \/>\neffektiva prefabricerade betongelement som g\u00f6r det m\u00f6jligt att skapa vackra<br \/>\nhem, kontor, universitet, sjukhus, k\u00f6pcentra, flygplatser och<br \/>\nindustribyggnader. Vi erbjuder en helhetsleverans av stommar och<br \/>\nkomponenter inklusive tj\u00e4nster som projektledning, konstruktion, produktion<br \/>\noch montage. Str\u00e4ngbetong finns p\u00e5 11 orter runtom i Sverige och<br \/>\nsyssels\u00e4tter ca 900 medarbetare. Consolis Str\u00e4ngbetong \u00e4r en del av Consolis,<br \/>\nen ledande europeisk industrigrupp som tillhandah\u00e5ller h\u00e5llbara<br \/>\nprefabricerade betongkonstruktioner f\u00f6r byggnation och infrastruktur. Med<br \/>\nverksamhet i 17 l\u00e4nder \u00f6ver hela v\u00e4rlden genererade Consolis drygt 1 miljard<br \/>\nEUR i f\u00f6rs\u00e4ljning under 2023.<\/p>\n<p>Well-built for well-being<\/p>\n","protected":false},"excerpt":{"rendered":"<p>Consolis Str\u00e4ngbetong \u00e4r ett av Sveriges ledande stombyggnadsf\u00f6retag. Vi f\u00f6rser arkitekter, byggf\u00f6retag och samh\u00e4llsbyggare med h\u00e5llbara och effektiva prefabricerade betongelement som g\u00f6r det m\u00f6jligt att skapa vackra hem, kontor, universitet, sjukhus, k\u00f6pcentra, flygplatser och industribyggnader. Vi erbjuder en helhetsleverans av stommar och komponenter inklusive tj\u00e4nster som projektledning, konstruktion, produktion och montage. Str\u00e4ngbetong finns p\u00e5 11 &#8230;<\/p>\n","protected":false},"author":91,"featured_media":0,"parent":0,"menu_order":0,"comment_status":"open","ping_status":"closed","template":"","meta":{"_monsterinsights_skip_tracking":false,"_monsterinsights_sitenote_active":false,"_monsterinsights_sitenote_note":"","_monsterinsights_sitenote_category":0,"_links_to":"","_links_to_target":""},"_links":{"self":[{"href":"https:\/\/hallbartbyggande.com\/strangbetong\/wp-json\/wp\/v2\/pages\/2"}],"collection":[{"href":"https:\/\/hallbartbyggande.com\/strangbetong\/wp-json\/wp\/v2\/pages"}],"about":[{"href":"https:\/\/hallbartbyggande.com\/strangbetong\/wp-json\/wp\/v2\/types\/page"}],"author":[{"embeddable":true,"href":"https:\/\/hallbartbyggande.com\/strangbetong\/wp-json\/wp\/v2\/users\/91"}],"replies":[{"embeddable":true,"href":"https:\/\/hallbartbyggande.com\/strangbetong\/wp-json\/wp\/v2\/comments?post=2"}],"version-history":[{"count":4,"href":"https:\/\/hallbartbyggande.com\/strangbetong\/wp-json\/wp\/v2\/pages\/2\/revisions"}],"predecessor-version":[{"id":40,"href":"https:\/\/hallbartbyggande.com\/strangbetong\/wp-json\/wp\/v2\/pages\/2\/revisions\/40"}],"wp:attachment":[{"href":"https:\/\/hallbartbyggande.com\/strangbetong\/wp-json\/wp\/v2\/media?parent=2"}],"curies":[{"name":"wp","href":"https:\/\/api.w.org\/{rel}","templated":true}]}}