										  
											  
											 {"id":2,"date":"2022-05-16T07:39:20","date_gmt":"2022-05-16T05:39:20","guid":{"rendered":"http:\/\/hallbartbyggande.com\/fredricsons\/?page_id=2"},"modified":"2022-05-16T09:23:36","modified_gmt":"2022-05-16T07:23:36","slug":"om-soltech","status":"publish","type":"page","link":"https:\/\/hallbartbyggande.com\/soltech\/om-soltech\/","title":{"rendered":"Om Soltech"},"content":{"rendered":"<p>Soltech-koncernen \u00e4r en helhetsleverant\u00f6r av solenergil\u00f6sningar. Vi har kontroll \u00f6ver hela v\u00e4rdekedjan, fr\u00e5n utveckling till installation, och f\u00f6rvandlar alla former av fastigheter till h\u00e5llbara och sj\u00e4lvf\u00f6rs\u00f6rjande energiproducenter. Med 70 000 aktie\u00e4gare \u00e4r vi stolta att kunna leverera framtidss\u00e4krade solenergil\u00f6sningar f\u00f6r den gr\u00f6na omst\u00e4llningen.<\/p>\n","protected":false},"excerpt":{"rendered":"<p>Soltech-koncernen \u00e4r en helhetsleverant\u00f6r av solenergil\u00f6sningar. Vi har kontroll \u00f6ver hela v\u00e4rdekedjan, fr\u00e5n utveckling till installation, och f\u00f6rvandlar alla former av fastigheter till h\u00e5llbara och sj\u00e4lvf\u00f6rs\u00f6rjande energiproducenter. Med 70 000 aktie\u00e4gare \u00e4r vi stolta att kunna leverera framtidss\u00e4krade solenergil\u00f6sningar f\u00f6r den gr\u00f6na omst\u00e4llningen.<\/p>\n","protected":false},"author":2,"featured_media":0,"parent":0,"menu_order":0,"comment_status":"open","ping_status":"closed","template":"","meta":{"_monsterinsights_skip_tracking":false,"_monsterinsights_sitenote_active":false,"_monsterinsights_sitenote_note":"","_monsterinsights_sitenote_category":0,"_links_to":"","_links_to_target":""},"_links":{"self":[{"href":"https:\/\/hallbartbyggande.com\/soltech\/wp-json\/wp\/v2\/pages\/2"}],"collection":[{"href":"https:\/\/hallbartbyggande.com\/soltech\/wp-json\/wp\/v2\/pages"}],"about":[{"href":"https:\/\/hallbartbyggande.com\/soltech\/wp-json\/wp\/v2\/types\/page"}],"author":[{"embeddable":true,"href":"https:\/\/hallbartbyggande.com\/soltech\/wp-json\/wp\/v2\/users\/2"}],"replies":[{"embeddable":true,"href":"https:\/\/hallbartbyggande.com\/soltech\/wp-json\/wp\/v2\/comments?post=2"}],"version-history":[{"count":6,"href":"https:\/\/hallbartbyggande.com\/soltech\/wp-json\/wp\/v2\/pages\/2\/revisions"}],"predecessor-version":[{"id":55,"href":"https:\/\/hallbartbyggande.com\/soltech\/wp-json\/wp\/v2\/pages\/2\/revisions\/55"}],"wp:attachment":[{"href":"https:\/\/hallbartbyggande.com\/soltech\/wp-json\/wp\/v2\/media?parent=2"}],"curies":[{"name":"wp","href":"https:\/\/api.w.org\/{rel}","templated":true}]}}