										  
											  
											 {"id":20,"date":"2017-08-24T15:55:26","date_gmt":"2017-08-24T13:55:26","guid":{"rendered":"http:\/\/hallbartbyggande.com\/smartastader\/?page_id=20"},"modified":"2017-08-24T17:05:21","modified_gmt":"2017-08-24T15:05:21","slug":"om-smarta-stader","status":"publish","type":"page","link":"https:\/\/hallbartbyggande.com\/smartastader\/om-smarta-stader\/","title":{"rendered":"Om Smarta St\u00e4der"},"content":{"rendered":"<p>Sveriges nya m\u00f6tesplats f\u00f6r morgondagens uppkopplade stad och h\u00e5llbart byggande!<\/p>\n<p>Smarta st\u00e4der \u00e4r den f\u00f6rsta bransch\u00f6verskridande m\u00f6tesplatsen som tar ett grepp p\u00e5 framtidens utmaningar i staden och samh\u00e4llet- med m\u00e4nniskan i fokus. M\u00f6tesplatsen \u00e4r best\u00e5r av en f\u00f6rdjupande konferens med senaste r\u00f6nen, ny kunskap och verktyg att anv\u00e4nda i praktiken, en aff\u00e4rsinriktad utst\u00e4llning med ledande och nya leverant\u00f6rer inom olika branscher, organisationer och myndigheter samt av den tidigare m\u00e4ssan Ekobygg som nu blir en del av utst\u00e4llningen och scenprogrammet p\u00e5 Smarta st\u00e4der.<\/p>\n","protected":false},"excerpt":{"rendered":"<p>Sveriges nya m\u00f6tesplats f\u00f6r morgondagens uppkopplade stad och h\u00e5llbart byggande! Smarta st\u00e4der \u00e4r den f\u00f6rsta bransch\u00f6verskridande m\u00f6tesplatsen som tar ett grepp p\u00e5 framtidens utmaningar i staden och samh\u00e4llet- med m\u00e4nniskan i fokus. M\u00f6tesplatsen \u00e4r best\u00e5r av en f\u00f6rdjupande konferens med senaste r\u00f6nen, ny kunskap och verktyg att anv\u00e4nda i praktiken, en aff\u00e4rsinriktad utst\u00e4llning med ledande &#8230;<\/p>\n","protected":false},"author":2,"featured_media":0,"parent":0,"menu_order":0,"comment_status":"closed","ping_status":"closed","template":"","meta":{"_monsterinsights_skip_tracking":false,"_monsterinsights_sitenote_active":false,"_monsterinsights_sitenote_note":"","_monsterinsights_sitenote_category":0,"_links_to":"","_links_to_target":""},"_links":{"self":[{"href":"https:\/\/hallbartbyggande.com\/smartastader\/wp-json\/wp\/v2\/pages\/20"}],"collection":[{"href":"https:\/\/hallbartbyggande.com\/smartastader\/wp-json\/wp\/v2\/pages"}],"about":[{"href":"https:\/\/hallbartbyggande.com\/smartastader\/wp-json\/wp\/v2\/types\/page"}],"author":[{"embeddable":true,"href":"https:\/\/hallbartbyggande.com\/smartastader\/wp-json\/wp\/v2\/users\/2"}],"replies":[{"embeddable":true,"href":"https:\/\/hallbartbyggande.com\/smartastader\/wp-json\/wp\/v2\/comments?post=20"}],"version-history":[{"count":2,"href":"https:\/\/hallbartbyggande.com\/smartastader\/wp-json\/wp\/v2\/pages\/20\/revisions"}],"predecessor-version":[{"id":24,"href":"https:\/\/hallbartbyggande.com\/smartastader\/wp-json\/wp\/v2\/pages\/20\/revisions\/24"}],"wp:attachment":[{"href":"https:\/\/hallbartbyggande.com\/smartastader\/wp-json\/wp\/v2\/media?parent=20"}],"curies":[{"name":"wp","href":"https:\/\/api.w.org\/{rel}","templated":true}]}}