										  
											  
											 {"id":18,"date":"2014-02-13T11:51:18","date_gmt":"2014-02-13T10:51:18","guid":{"rendered":"http:\/\/hallbartbyggande.com\/siemens\/?page_id=18"},"modified":"2016-05-03T15:13:14","modified_gmt":"2016-05-03T13:13:14","slug":"om-siemens","status":"publish","type":"page","link":"https:\/\/hallbartbyggande.com\/siemens\/om-siemens\/","title":{"rendered":"Om Siemens"},"content":{"rendered":"<h2>Innovationer f\u00f6r en h\u00e5llbar framtid<\/h2>\n<p><strong>Siemens<\/strong> \u00e4r ett globalt f\u00f6retag som arbetar med innovativa l\u00f6sningar f\u00f6r intelligent infrastruktur, h\u00e5llbar energiteknik, effektiv produktion samt h\u00e4lso- och sjukv\u00e5rd genom elektrifiering, automation och digitalisering. Under verksamhets\u00e5ret 2014 omsatte bolaget 71,9 miljarder euro och har 357 000 anst\u00e4llda i \u00f6ver 200 l\u00e4nder.<\/p>\n<p>I Sverige har Siemens funnits sedan 1893 och har cirka 4 400 medarbetare p\u00e5 ett 40-tal orter med huvudkontor i Upplands V\u00e4sby.<\/p>\n<p><strong>Siemens Building Technologies<\/strong> \u00e4r en av v\u00e4rldens ledande leverant\u00f6r av s\u00e4kra och energieffektiva l\u00f6sningar f\u00f6r fastigheter. Divisionen erbjuder ett brett spektrum av integrerade och effektiva systeml\u00f6sningar och tj\u00e4nster inom fastighetsautomation, brand, s\u00e4kerhet, energihantering, samt styr- och reglerprodukter f\u00f6r v\u00e4rme, ventilation och kyla. Building Technologies \u00e4r en partner som erbjuder st\u00f6d och kunskap hela v\u00e4gen fr\u00e5n att identifiera behov till att erbjuda l\u00f6sningar.Siemens hj\u00e4lper kunder att \u00f6ka sin l\u00f6nsamhet genom f\u00f6rb\u00e4ttringar i inomhusmilj\u00f6, energieffektivitet och s\u00e4kerhet.<\/p>\n<p>2014 uts\u00e5g analysf\u00f6retaget Frost &amp; Sullivan Siemens Building Technologies till \u00e5rets \u201cEuropean Building Technology Company of the Year\u201d bland annat med motiveringen att Siemens under en l\u00e5ng tid utvecklat och lanserat innovationer som skapat merv\u00e4rden f\u00f6r kunden.<\/p>\n","protected":false},"excerpt":{"rendered":"<p>Innovationer f\u00f6r en h\u00e5llbar framtid Siemens \u00e4r ett globalt f\u00f6retag som arbetar med innovativa l\u00f6sningar f\u00f6r intelligent infrastruktur, h\u00e5llbar energiteknik, effektiv produktion samt h\u00e4lso- och sjukv\u00e5rd genom elektrifiering, automation och digitalisering. Under verksamhets\u00e5ret 2014 omsatte bolaget 71,9 miljarder euro och har 357 000 anst\u00e4llda i \u00f6ver 200 l\u00e4nder. I Sverige har Siemens funnits sedan 1893 &#8230;<\/p>\n","protected":false},"author":1,"featured_media":0,"parent":0,"menu_order":0,"comment_status":"open","ping_status":"open","template":"","meta":{"_monsterinsights_skip_tracking":false,"_monsterinsights_sitenote_active":false,"_monsterinsights_sitenote_note":"","_monsterinsights_sitenote_category":0,"_links_to":"","_links_to_target":""},"_links":{"self":[{"href":"https:\/\/hallbartbyggande.com\/siemens\/wp-json\/wp\/v2\/pages\/18"}],"collection":[{"href":"https:\/\/hallbartbyggande.com\/siemens\/wp-json\/wp\/v2\/pages"}],"about":[{"href":"https:\/\/hallbartbyggande.com\/siemens\/wp-json\/wp\/v2\/types\/page"}],"author":[{"embeddable":true,"href":"https:\/\/hallbartbyggande.com\/siemens\/wp-json\/wp\/v2\/users\/1"}],"replies":[{"embeddable":true,"href":"https:\/\/hallbartbyggande.com\/siemens\/wp-json\/wp\/v2\/comments?post=18"}],"version-history":[{"count":5,"href":"https:\/\/hallbartbyggande.com\/siemens\/wp-json\/wp\/v2\/pages\/18\/revisions"}],"predecessor-version":[{"id":94,"href":"https:\/\/hallbartbyggande.com\/siemens\/wp-json\/wp\/v2\/pages\/18\/revisions\/94"}],"wp:attachment":[{"href":"https:\/\/hallbartbyggande.com\/siemens\/wp-json\/wp\/v2\/media?parent=18"}],"curies":[{"name":"wp","href":"https:\/\/api.w.org\/{rel}","templated":true}]}}