										  
											  
											 {"id":2,"date":"2014-06-05T08:23:27","date_gmt":"2014-06-05T08:23:27","guid":{"rendered":"http:\/\/hallbartbyggande.com\/sgbc\/?page_id=2"},"modified":"2014-06-05T11:27:53","modified_gmt":"2014-06-05T09:27:53","slug":"om-sgbc","status":"publish","type":"page","link":"https:\/\/hallbartbyggande.com\/sgbc\/om-sgbc\/","title":{"rendered":"OM SGBC"},"content":{"rendered":"<p>Sweden Green Building Council \u00e4r en ideell f\u00f6rening som \u00e4gs av medlemmarna, \u00f6ppen f\u00f6r alla f\u00f6retag och organisationer inom den svenska bygg- och fastighetssektorn. F\u00f6reningen verkar f\u00f6r gr\u00f6nt byggande samt f\u00f6r att utveckla och p\u00e5verka milj\u00f6- och h\u00e5llbarhetsarbetet i branschen.<\/p>\n<p>Med Sweden Green Building Council har vi skapat en gemensam v\u00e4rdegrund fr\u00e5n vilken vi verkar f\u00f6r en snabbare utveckling med hj\u00e4lp av gemensamma certifieringssystem, med fokus p\u00e5 svenska behov och v\u00e4rderingar.<\/p>\n<p>Via f\u00f6reningen vill vi kunna m\u00f6ta allm\u00e4nhetens behov av tydlig och kvalitetss\u00e4krad information kring byggnaders milj\u00f6prestanda samt bidra till \u00f6kad konkurrenskraft f\u00f6r svensk teknik och svenskt kunnande.<\/p>\n<p><strong>Vi verkar, i enlighet med de regler och intentioner som anges av World Green Building Council, f\u00f6r att bland annat:<\/strong><\/p>\n<ul>\n<li>Tillhandah\u00e5lla, utveckla och marknadsf\u00f6ra certifieringssystem som m\u00f6jligg\u00f6r benchmarking ur nationellt s\u00e5v\u00e4l som internationellt perspektiv.<\/li>\n<li>Tillhandah\u00e5lla certifieringar, kurser och seminarier\/kongresser f\u00f6r att sprida, implementera och utveckla kunskap f\u00f6r ett h\u00e5llbart byggande.<\/li>\n<li>Vara en tung opinionsbildare och som s\u00e5dan bidra till att lagstiftningen fr\u00e4mjar gr\u00f6nt byggande.<\/li>\n<li>N\u00e5 ett tillst\u00e5nd d\u00e4r samtliga ber\u00f6rda parter premierar h\u00e5llbara byggnader.<\/li>\n<\/ul>\n<p>L\u00e4s mer p\u00e5: <a href=\"http:\/\/www.sgbc.se\" target=\"_blank\">www.sgbc.se<\/a><\/p>\n<p>&nbsp;<\/p>\n","protected":false},"excerpt":{"rendered":"<p>Sweden Green Building Council \u00e4r en ideell f\u00f6rening som \u00e4gs av medlemmarna, \u00f6ppen f\u00f6r alla f\u00f6retag och organisationer inom den svenska bygg- och fastighetssektorn. F\u00f6reningen verkar f\u00f6r gr\u00f6nt byggande samt f\u00f6r att utveckla och p\u00e5verka milj\u00f6- och h\u00e5llbarhetsarbetet i branschen. Med Sweden Green Building Council har vi skapat en gemensam v\u00e4rdegrund fr\u00e5n vilken vi verkar &#8230;<\/p>\n","protected":false},"author":29,"featured_media":0,"parent":0,"menu_order":0,"comment_status":"open","ping_status":"open","template":"","meta":{"_monsterinsights_skip_tracking":false,"_monsterinsights_sitenote_active":false,"_monsterinsights_sitenote_note":"","_monsterinsights_sitenote_category":0,"_links_to":"","_links_to_target":""},"_links":{"self":[{"href":"https:\/\/hallbartbyggande.com\/sgbc\/wp-json\/wp\/v2\/pages\/2"}],"collection":[{"href":"https:\/\/hallbartbyggande.com\/sgbc\/wp-json\/wp\/v2\/pages"}],"about":[{"href":"https:\/\/hallbartbyggande.com\/sgbc\/wp-json\/wp\/v2\/types\/page"}],"author":[{"embeddable":true,"href":"https:\/\/hallbartbyggande.com\/sgbc\/wp-json\/wp\/v2\/users\/29"}],"replies":[{"embeddable":true,"href":"https:\/\/hallbartbyggande.com\/sgbc\/wp-json\/wp\/v2\/comments?post=2"}],"version-history":[{"count":2,"href":"https:\/\/hallbartbyggande.com\/sgbc\/wp-json\/wp\/v2\/pages\/2\/revisions"}],"predecessor-version":[{"id":7,"href":"https:\/\/hallbartbyggande.com\/sgbc\/wp-json\/wp\/v2\/pages\/2\/revisions\/7"}],"wp:attachment":[{"href":"https:\/\/hallbartbyggande.com\/sgbc\/wp-json\/wp\/v2\/media?parent=2"}],"curies":[{"name":"wp","href":"https:\/\/api.w.org\/{rel}","templated":true}]}}