										  
											  
											 {"id":2,"date":"2018-09-26T12:59:56","date_gmt":"2018-09-26T10:59:56","guid":{"rendered":"https:\/\/hallbartbyggande.com\/servistik\/?page_id=2"},"modified":"2018-09-26T15:02:39","modified_gmt":"2018-09-26T13:02:39","slug":"om-servistik","status":"publish","type":"page","link":"https:\/\/hallbartbyggande.com\/servistik\/om-servistik\/","title":{"rendered":"Om Servistik"},"content":{"rendered":"<p>Servistik \u00e4r ett service- och logistikf\u00f6retag. Vi jobbar f\u00f6r en smartare och effektivare bygglogistik och erbjuder ett stort serviceutbud till v\u00e5ra kunder anpassat efter deras specifika behov. Vi levererar helhetsl\u00f6sningar med flera funktioner och tj\u00e4nster som integrerar i varandra. Paketerat f\u00f6r varje kunds unika situation och byggprojekt ser vi till att r\u00e4tt material, r\u00e4tt m\u00e4ngd, finns p\u00e5 r\u00e4tt plats i r\u00e4tt tid. Samtidigt som vi minimerar transporterna och frig\u00f6r yta f\u00f6r en tryggare arbetsplats. Vi ger den optimala logistikl\u00f6sningen f\u00f6r byggprojektet i f\u00f6rt\u00e4tade stadsmilj\u00f6er. En trygg logistikpartner f\u00f6r ett h\u00e5llbart byggande.<\/p>\n","protected":false},"excerpt":{"rendered":"<p>Servistik \u00e4r ett service- och logistikf\u00f6retag. Vi jobbar f\u00f6r en smartare och effektivare bygglogistik och erbjuder ett stort serviceutbud till v\u00e5ra kunder anpassat efter deras specifika behov. Vi levererar helhetsl\u00f6sningar med flera funktioner och tj\u00e4nster som integrerar i varandra. Paketerat f\u00f6r varje kunds unika situation och byggprojekt ser vi till att r\u00e4tt material, r\u00e4tt m\u00e4ngd, &#8230;<\/p>\n","protected":false},"author":135,"featured_media":0,"parent":0,"menu_order":0,"comment_status":"closed","ping_status":"open","template":"","meta":{"_monsterinsights_skip_tracking":false,"_monsterinsights_sitenote_active":false,"_monsterinsights_sitenote_note":"","_monsterinsights_sitenote_category":0,"_links_to":"","_links_to_target":""},"_links":{"self":[{"href":"https:\/\/hallbartbyggande.com\/servistik\/wp-json\/wp\/v2\/pages\/2"}],"collection":[{"href":"https:\/\/hallbartbyggande.com\/servistik\/wp-json\/wp\/v2\/pages"}],"about":[{"href":"https:\/\/hallbartbyggande.com\/servistik\/wp-json\/wp\/v2\/types\/page"}],"author":[{"embeddable":true,"href":"https:\/\/hallbartbyggande.com\/servistik\/wp-json\/wp\/v2\/users\/135"}],"replies":[{"embeddable":true,"href":"https:\/\/hallbartbyggande.com\/servistik\/wp-json\/wp\/v2\/comments?post=2"}],"version-history":[{"count":2,"href":"https:\/\/hallbartbyggande.com\/servistik\/wp-json\/wp\/v2\/pages\/2\/revisions"}],"predecessor-version":[{"id":9,"href":"https:\/\/hallbartbyggande.com\/servistik\/wp-json\/wp\/v2\/pages\/2\/revisions\/9"}],"wp:attachment":[{"href":"https:\/\/hallbartbyggande.com\/servistik\/wp-json\/wp\/v2\/media?parent=2"}],"curies":[{"name":"wp","href":"https:\/\/api.w.org\/{rel}","templated":true}]}}