										  
											  
											 {"id":2,"date":"2014-09-24T11:54:36","date_gmt":"2014-09-24T11:54:36","guid":{"rendered":"http:\/\/hallbartbyggande.com\/allklimat\/?page_id=2"},"modified":"2024-09-23T21:29:15","modified_gmt":"2024-09-23T19:29:15","slug":"om-saint-gobain","status":"publish","type":"page","link":"https:\/\/hallbartbyggande.com\/saint-gobain-sweden\/om-saint-gobain\/","title":{"rendered":"Om Saint-Gobain"},"content":{"rendered":"<p>&nbsp;<\/p>\n<p><strong>Saint-Gobain<\/strong> \u00e4r v\u00e4rldsledande inom l\u00e4tt och h\u00e5llbart byggande och designar, utvecklar, tillverkar och distribuerar material och tj\u00e4nster f\u00f6r bygg- och industrimarknaden. L\u00f6sningarna f\u00f6r renovering av offentliga och privata byggnader, l\u00e4ttbyggnadsteknik och f\u00f6r att minska klimatavtrycket fr\u00e5n byggnation och industri utvecklas genom st\u00e4ndig innovation f\u00f6r att skapa h\u00e5llbarhet och funktion. Koncernens engagemang styrs av dess syfte, <strong>&#8220;MAKING THE WORLD A BETTER HOME&#8221;.<\/strong><\/p>\n<p>&nbsp;<\/p>\n<p>L\u00e4s mer p\u00e5 <strong><a href=\"https:\/\/www.saint-gobain.se\/\">saint-gobain.se<\/a><\/strong><\/p>\n<p><img decoding=\"async\" loading=\"lazy\" class=\"alignnone size-full wp-image-72\" src=\"https:\/\/hallbartbyggande.com\/saint-gobain-sweden\/wp-content\/blogs.dir\/sites\/37\/2024\/09\/Logotype-liten-Saint-Gobain-2024.png\" alt=\"\" width=\"220\" height=\"92\" \/><\/p>\n","protected":false},"excerpt":{"rendered":"<p>&nbsp; Saint-Gobain \u00e4r v\u00e4rldsledande inom l\u00e4tt och h\u00e5llbart byggande och designar, utvecklar, tillverkar och distribuerar material och tj\u00e4nster f\u00f6r bygg- och industrimarknaden. L\u00f6sningarna f\u00f6r renovering av offentliga och privata byggnader, l\u00e4ttbyggnadsteknik och f\u00f6r att minska klimatavtrycket fr\u00e5n byggnation och industri utvecklas genom st\u00e4ndig innovation f\u00f6r att skapa h\u00e5llbarhet och funktion. Koncernens engagemang styrs av dess &#8230;<\/p>\n","protected":false},"author":37,"featured_media":0,"parent":0,"menu_order":0,"comment_status":"open","ping_status":"open","template":"","meta":{"_monsterinsights_skip_tracking":false,"_monsterinsights_sitenote_active":false,"_monsterinsights_sitenote_note":"","_monsterinsights_sitenote_category":0,"_links_to":"","_links_to_target":""},"_links":{"self":[{"href":"https:\/\/hallbartbyggande.com\/saint-gobain-sweden\/wp-json\/wp\/v2\/pages\/2"}],"collection":[{"href":"https:\/\/hallbartbyggande.com\/saint-gobain-sweden\/wp-json\/wp\/v2\/pages"}],"about":[{"href":"https:\/\/hallbartbyggande.com\/saint-gobain-sweden\/wp-json\/wp\/v2\/types\/page"}],"author":[{"embeddable":true,"href":"https:\/\/hallbartbyggande.com\/saint-gobain-sweden\/wp-json\/wp\/v2\/users\/37"}],"replies":[{"embeddable":true,"href":"https:\/\/hallbartbyggande.com\/saint-gobain-sweden\/wp-json\/wp\/v2\/comments?post=2"}],"version-history":[{"count":6,"href":"https:\/\/hallbartbyggande.com\/saint-gobain-sweden\/wp-json\/wp\/v2\/pages\/2\/revisions"}],"predecessor-version":[{"id":73,"href":"https:\/\/hallbartbyggande.com\/saint-gobain-sweden\/wp-json\/wp\/v2\/pages\/2\/revisions\/73"}],"wp:attachment":[{"href":"https:\/\/hallbartbyggande.com\/saint-gobain-sweden\/wp-json\/wp\/v2\/media?parent=2"}],"curies":[{"name":"wp","href":"https:\/\/api.w.org\/{rel}","templated":true}]}}