										  
											  
											 {"id":18,"date":"2014-02-19T11:31:19","date_gmt":"2014-02-19T10:31:19","guid":{"rendered":"http:\/\/hallbartbyggande.com\/riksbyggen\/?page_id=18"},"modified":"2014-02-19T11:31:19","modified_gmt":"2014-02-19T10:31:19","slug":"om-riksbyggen","status":"publish","type":"page","link":"https:\/\/hallbartbyggande.com\/riksbyggen\/om-riksbyggen\/","title":{"rendered":"Om Riksbyggen"},"content":{"rendered":"<p>Riksbyggen \u00e4r ett kooperativt f\u00f6retag som utvecklar attraktiva boendemilj\u00f6er i nyproduktion. Riksbyggen \u00e4r samtidigt en av Sveriges st\u00f6rsta fastighetsf\u00f6rvaltare, med bostadsr\u00e4ttsf\u00f6reningar och kommersiella och offentliga fastighets\u00e4gare som kunder. Verksamheten finns \u00f6ver hela landet, och omfattar 2 300 medarbetare, 20 000 f\u00f6rtroendevalda, 350 000 boende och 28 000 bosparare.<\/p>\n","protected":false},"excerpt":{"rendered":"<p>Riksbyggen \u00e4r ett kooperativt f\u00f6retag som utvecklar attraktiva boendemilj\u00f6er i nyproduktion. Riksbyggen \u00e4r samtidigt en av Sveriges st\u00f6rsta fastighetsf\u00f6rvaltare, med bostadsr\u00e4ttsf\u00f6reningar och kommersiella och offentliga fastighets\u00e4gare som kunder. Verksamheten finns \u00f6ver hela landet, och omfattar 2 300 medarbetare, 20 000 f\u00f6rtroendevalda, 350 000 boende och 28 000 bosparare.<\/p>\n","protected":false},"author":1,"featured_media":0,"parent":0,"menu_order":0,"comment_status":"open","ping_status":"open","template":"","meta":{"_monsterinsights_skip_tracking":false,"_monsterinsights_sitenote_active":false,"_monsterinsights_sitenote_note":"","_monsterinsights_sitenote_category":0,"_links_to":"","_links_to_target":""},"_links":{"self":[{"href":"https:\/\/hallbartbyggande.com\/riksbyggen\/wp-json\/wp\/v2\/pages\/18"}],"collection":[{"href":"https:\/\/hallbartbyggande.com\/riksbyggen\/wp-json\/wp\/v2\/pages"}],"about":[{"href":"https:\/\/hallbartbyggande.com\/riksbyggen\/wp-json\/wp\/v2\/types\/page"}],"author":[{"embeddable":true,"href":"https:\/\/hallbartbyggande.com\/riksbyggen\/wp-json\/wp\/v2\/users\/1"}],"replies":[{"embeddable":true,"href":"https:\/\/hallbartbyggande.com\/riksbyggen\/wp-json\/wp\/v2\/comments?post=18"}],"version-history":[{"count":1,"href":"https:\/\/hallbartbyggande.com\/riksbyggen\/wp-json\/wp\/v2\/pages\/18\/revisions"}],"predecessor-version":[{"id":19,"href":"https:\/\/hallbartbyggande.com\/riksbyggen\/wp-json\/wp\/v2\/pages\/18\/revisions\/19"}],"wp:attachment":[{"href":"https:\/\/hallbartbyggande.com\/riksbyggen\/wp-json\/wp\/v2\/media?parent=18"}],"curies":[{"name":"wp","href":"https:\/\/api.w.org\/{rel}","templated":true}]}}