										  
											  
											 {"id":17,"date":"2014-02-10T17:05:32","date_gmt":"2014-02-10T16:05:32","guid":{"rendered":"http:\/\/hallbartbyggande.com\/rikshem\/?page_id=17"},"modified":"2021-01-21T14:30:10","modified_gmt":"2021-01-21T13:30:10","slug":"om-bromma-sjukhus-rapporter-fran-ett-aterbruksprojekt","status":"publish","type":"page","link":"https:\/\/hallbartbyggande.com\/rapport-fran-ett-aterbruksprojekt\/om-bromma-sjukhus-rapporter-fran-ett-aterbruksprojekt\/","title":{"rendered":"Om Bromma sjukhus &#8211; rapporter fr\u00e5n ett \u00e5terbruksprojekt"},"content":{"rendered":"<div id=\"attachment_96\" style=\"width: 210px\" class=\"wp-caption alignright\"><img aria-describedby=\"caption-attachment-96\" decoding=\"async\" loading=\"lazy\" class=\"wp-image-96 size-medium\" src=\"https:\/\/hallbartbyggande.com\/rikshem\/wp-content\/blogs.dir\/sites\/13\/2021\/01\/Joakim-Kaminsky-lowres-2-200x300.jpg\" alt=\"\" width=\"200\" height=\"300\" srcset=\"https:\/\/hallbartbyggande.com\/rapport-fran-ett-aterbruksprojekt\/wp-content\/blogs.dir\/sites\/13\/2021\/01\/Joakim-Kaminsky-lowres-2-200x300.jpg 200w, https:\/\/hallbartbyggande.com\/rapport-fran-ett-aterbruksprojekt\/wp-content\/blogs.dir\/sites\/13\/2021\/01\/Joakim-Kaminsky-lowres-2.jpg 591w\" sizes=\"(max-width: 200px) 100vw, 200px\" \/><p id=\"caption-attachment-96\" class=\"wp-caption-text\">Joakim Kaminsky<\/p><\/div>\n<p>Renoveringen av Bromma sjukhus ska bli ett f\u00f6reg\u00e5ngsprojekt f\u00f6r \u00e5terbruk.<\/p>\n<p>Renoveringen \u00e4r ett av de st\u00f6rsta \u00e5terbruksprojekten hittills i Sverige och ing\u00e5r som fallstudie i forskningsprojektet Centrum f\u00f6r Cirkul\u00e4rt Byggande.<\/p>\n<p>I en serie l\u00e4gesrapporter kommer \u00e5terbrukskonsulten Kaminsky Arkitektur, genom arkitekt och del\u00e4gare Joakim Kaminsky, att ta med oss genom byggprocessen och \u00e4ven ge handfasta r\u00e5d till er som vill ta er an ett \u00e5terbruksprojekt i st\u00f6rre skala. Vectura \u00e4r fastighets\u00e4gare och byggherre.<\/p>\n","protected":false},"excerpt":{"rendered":"<p>Renoveringen av Bromma sjukhus ska bli ett f\u00f6reg\u00e5ngsprojekt f\u00f6r \u00e5terbruk. Renoveringen \u00e4r ett av de st\u00f6rsta \u00e5terbruksprojekten hittills i Sverige och ing\u00e5r som fallstudie i forskningsprojektet Centrum f\u00f6r Cirkul\u00e4rt Byggande. I en serie l\u00e4gesrapporter kommer \u00e5terbrukskonsulten Kaminsky Arkitektur, genom arkitekt och del\u00e4gare Joakim Kaminsky, att ta med oss genom byggprocessen och \u00e4ven ge handfasta r\u00e5d &#8230;<\/p>\n","protected":false},"author":1,"featured_media":0,"parent":0,"menu_order":0,"comment_status":"open","ping_status":"open","template":"","meta":{"_monsterinsights_skip_tracking":false,"_monsterinsights_sitenote_active":false,"_monsterinsights_sitenote_note":"","_monsterinsights_sitenote_category":0,"_links_to":"","_links_to_target":""},"_links":{"self":[{"href":"https:\/\/hallbartbyggande.com\/rapport-fran-ett-aterbruksprojekt\/wp-json\/wp\/v2\/pages\/17"}],"collection":[{"href":"https:\/\/hallbartbyggande.com\/rapport-fran-ett-aterbruksprojekt\/wp-json\/wp\/v2\/pages"}],"about":[{"href":"https:\/\/hallbartbyggande.com\/rapport-fran-ett-aterbruksprojekt\/wp-json\/wp\/v2\/types\/page"}],"author":[{"embeddable":true,"href":"https:\/\/hallbartbyggande.com\/rapport-fran-ett-aterbruksprojekt\/wp-json\/wp\/v2\/users\/1"}],"replies":[{"embeddable":true,"href":"https:\/\/hallbartbyggande.com\/rapport-fran-ett-aterbruksprojekt\/wp-json\/wp\/v2\/comments?post=17"}],"version-history":[{"count":8,"href":"https:\/\/hallbartbyggande.com\/rapport-fran-ett-aterbruksprojekt\/wp-json\/wp\/v2\/pages\/17\/revisions"}],"predecessor-version":[{"id":86,"href":"https:\/\/hallbartbyggande.com\/rapport-fran-ett-aterbruksprojekt\/wp-json\/wp\/v2\/pages\/17\/revisions\/86"}],"wp:attachment":[{"href":"https:\/\/hallbartbyggande.com\/rapport-fran-ett-aterbruksprojekt\/wp-json\/wp\/v2\/media?parent=17"}],"curies":[{"name":"wp","href":"https:\/\/api.w.org\/{rel}","templated":true}]}}