										  
											  
											 {"id":15,"date":"2014-03-04T15:00:48","date_gmt":"2014-03-04T14:00:48","guid":{"rendered":"http:\/\/hallbartbyggande.com\/kask\/?page_id=15"},"modified":"2018-06-11T11:05:25","modified_gmt":"2018-06-11T09:05:25","slug":"om-projob-workwear-ab","status":"publish","type":"page","link":"https:\/\/hallbartbyggande.com\/projob\/om-projob-workwear-ab\/","title":{"rendered":"Om Projob Workwear AB"},"content":{"rendered":"<h2>Ergonomi, funktion och kvalitet<\/h2>\n<p>V\u00e5ra kl\u00e4der \u00e4r nyskapande p\u00e5 flera s\u00e4tt. Vi t\u00e4nker mycket p\u00e5 funktion och ergonomi. De tv\u00e5 termerna g\u00e5r hand i hand; kl\u00e4der som \u00e4r ergonomiskt riktiga \u00e4r ocks\u00e5 mer funktionella.<br \/>\nArbetskl\u00e4der ska st\u00e5 emot m\u00e5nga p\u00e5frestningar\u2028Vi anv\u00e4nder starka, v\u00e4l bepr\u00f6vade material i v\u00e5ra kl\u00e4der och synar dem noggrant i s\u00f6mmarna. Detaljerna i v\u00e5ra plagg \u00e4r snygga \u2013 men de har alltid en funktion. Till exempel \u00e4r de omr\u00e5den som blir slitna under arbetets g\u00e5ng f\u00f6rst\u00e4rkta. Se dem som en garanti f\u00f6r h\u00e5llbarhet och den b\u00e4sta k\u00e4nslan i arbetet.<\/p>\n<h2>Nya tider st\u00e4ller nya krav<\/h2>\n<p>Gr\u00e4nsen mellan olika arbetsuppgifter och yrkeskategorier h\u00e5ller p\u00e5 att suddas ut. Flexibilitet, personlighet och professionalism \u00e4r nya krav. En grundtanke med v\u00e5r design \u00e4r att kl\u00e4der som man arbetar i ska se representativa ut. Alla medarbetare \u00e4r ju f\u00f6retagets ansikte ut\u00e5t.\u2028\u2028 Livet \u00e4r ocks\u00e5 mycket mer \u00e4n jobb och gr\u00e4nserna mellan arbete och fritid blir alltmer uppl\u00f6sta. M\u00e5nga av v\u00e5ra plagg l\u00e4mpar sig ocks\u00e5 v\u00e4l f\u00f6r anv\u00e4ndning efter arbetsdagens slut.<\/p>\n<h2>Lust<\/h2>\n<p>Har man roligt blir man b\u00e4ttre. De kl\u00e4der vi arbetar i betyder mycket f\u00f6r v\u00e5r arbetsgl\u00e4dje och effektivitet. Att skapa arbetsgl\u00e4dje \u00e4r nog den b\u00e4sta investering en arbetsgivare kan g\u00f6ra. M\u00e4nniskor som tycker att det \u00e4r roligt att arbeta utvecklar b\u00e5de sig sj\u00e4lva och det f\u00f6retag de jobbar i. Att k\u00e4nna sig v\u00e4lkl\u00e4dd och, framf\u00f6rallt, r\u00e4tt kl\u00e4dd g\u00f6r arbetet enklare och mer lustfyllt.<\/p>\n<h2>Projobs aff\u00e4rsid\u00e9<\/h2>\n<p>&#8220;ProJobs aff\u00e4rside \u00e4r att genom \u00e5terf\u00f6rs\u00e4ljare tillhandah\u00e5lla funktionella och ergonomiskt riktiga arbetskl\u00e4der och tillbeh\u00f6r av h\u00f6gsta kvalitet. Genom god design, funktionella l\u00f6sningar och att vi alltid s\u00e4tter anv\u00e4ndaren\u00a0i centrum, vill vi skapa den b\u00e4sta totall\u00f6sningen f\u00f6r b\u00e5de anv\u00e4ndaren och dennes arbetsgivare&#8221;<\/p>\n<p>&nbsp;<\/p>\n","protected":false},"excerpt":{"rendered":"<p>Ergonomi, funktion och kvalitet V\u00e5ra kl\u00e4der \u00e4r nyskapande p\u00e5 flera s\u00e4tt. Vi t\u00e4nker mycket p\u00e5 funktion och ergonomi. De tv\u00e5 termerna g\u00e5r hand i hand; kl\u00e4der som \u00e4r ergonomiskt riktiga \u00e4r ocks\u00e5 mer funktionella. Arbetskl\u00e4der ska st\u00e5 emot m\u00e5nga p\u00e5frestningar\u2028Vi anv\u00e4nder starka, v\u00e4l bepr\u00f6vade material i v\u00e5ra kl\u00e4der och synar dem noggrant i s\u00f6mmarna. Detaljerna &#8230;<\/p>\n","protected":false},"author":1,"featured_media":0,"parent":0,"menu_order":0,"comment_status":"open","ping_status":"open","template":"","meta":{"_monsterinsights_skip_tracking":false,"_monsterinsights_sitenote_active":false,"_monsterinsights_sitenote_note":"","_monsterinsights_sitenote_category":0,"_links_to":"","_links_to_target":""},"_links":{"self":[{"href":"https:\/\/hallbartbyggande.com\/projob\/wp-json\/wp\/v2\/pages\/15"}],"collection":[{"href":"https:\/\/hallbartbyggande.com\/projob\/wp-json\/wp\/v2\/pages"}],"about":[{"href":"https:\/\/hallbartbyggande.com\/projob\/wp-json\/wp\/v2\/types\/page"}],"author":[{"embeddable":true,"href":"https:\/\/hallbartbyggande.com\/projob\/wp-json\/wp\/v2\/users\/1"}],"replies":[{"embeddable":true,"href":"https:\/\/hallbartbyggande.com\/projob\/wp-json\/wp\/v2\/comments?post=15"}],"version-history":[{"count":8,"href":"https:\/\/hallbartbyggande.com\/projob\/wp-json\/wp\/v2\/pages\/15\/revisions"}],"predecessor-version":[{"id":71,"href":"https:\/\/hallbartbyggande.com\/projob\/wp-json\/wp\/v2\/pages\/15\/revisions\/71"}],"wp:attachment":[{"href":"https:\/\/hallbartbyggande.com\/projob\/wp-json\/wp\/v2\/media?parent=15"}],"curies":[{"name":"wp","href":"https:\/\/api.w.org\/{rel}","templated":true}]}}