										  
											  
											 {"id":14,"date":"2020-09-17T08:49:22","date_gmt":"2020-09-17T06:49:22","guid":{"rendered":"https:\/\/hallbartbyggande.com\/oneclicklca\/?page_id=14"},"modified":"2025-06-23T20:54:51","modified_gmt":"2025-06-23T18:54:51","slug":"kontakt","status":"publish","type":"page","link":"https:\/\/hallbartbyggande.com\/prodikt\/kontakt\/","title":{"rendered":"Kontakt"},"content":{"rendered":"<div><strong>BIMobject AB<\/strong><\/div>\n<div>Nordenski\u00f6ldsgatan 24<br \/>\n211 19 Malm\u00f6<\/div>\n<div><\/div>\n<div>+46101480165<br \/>\n<a href=\"mailto:info@bimobject.com\" rel=\"noreferrer\">info@bimobject.com<\/a><\/div>\n<div><\/div>\n<div><span style=\"color: #0000ff;\"><a style=\"color: #0000ff;\" href=\"https:\/\/www.bim.com\/\" target=\"_blank\" rel=\"noopener noreferrer\">https:\/\/www.bim.com\/<\/a><\/span><\/div>\n<div><\/div>\n<div><\/div>\n<div><span style=\"color: #ffffff;\"><strong>\u00e4svk&#8217;sv<\/strong><\/span><\/div>\n<div><strong>Prodikt<\/strong><\/div>\n<div><\/div>\n<div>\nCarbonzero AB<br \/>\nT\u00e5strupsgatan 2<br \/>\nSE-262 32 \u00c4ngelholm &#8211; Sweden<\/div>\n<div><span style=\"color: #0000ff;\"><a style=\"color: #0000ff;\" href=\"https:\/\/www.prodikt.com\/\">https:\/\/www.prodikt.com\/<\/a><\/span><\/div>\n","protected":false},"excerpt":{"rendered":"<p>BIMobject AB Nordenski\u00f6ldsgatan 24 211 19 Malm\u00f6 +46101480165 info@bimobject.com https:\/\/www.bim.com\/ \u00e4svk&#8217;sv Prodikt Carbonzero AB T\u00e5strupsgatan 2 SE-262 32 \u00c4ngelholm &#8211; Sweden https:\/\/www.prodikt.com\/<\/p>\n","protected":false},"author":2,"featured_media":0,"parent":0,"menu_order":0,"comment_status":"closed","ping_status":"closed","template":"","meta":{"_monsterinsights_skip_tracking":false,"_monsterinsights_sitenote_active":false,"_monsterinsights_sitenote_note":"","_monsterinsights_sitenote_category":0,"_links_to":"","_links_to_target":""},"_links":{"self":[{"href":"https:\/\/hallbartbyggande.com\/prodikt\/wp-json\/wp\/v2\/pages\/14"}],"collection":[{"href":"https:\/\/hallbartbyggande.com\/prodikt\/wp-json\/wp\/v2\/pages"}],"about":[{"href":"https:\/\/hallbartbyggande.com\/prodikt\/wp-json\/wp\/v2\/types\/page"}],"author":[{"embeddable":true,"href":"https:\/\/hallbartbyggande.com\/prodikt\/wp-json\/wp\/v2\/users\/2"}],"replies":[{"embeddable":true,"href":"https:\/\/hallbartbyggande.com\/prodikt\/wp-json\/wp\/v2\/comments?post=14"}],"version-history":[{"count":7,"href":"https:\/\/hallbartbyggande.com\/prodikt\/wp-json\/wp\/v2\/pages\/14\/revisions"}],"predecessor-version":[{"id":129,"href":"https:\/\/hallbartbyggande.com\/prodikt\/wp-json\/wp\/v2\/pages\/14\/revisions\/129"}],"wp:attachment":[{"href":"https:\/\/hallbartbyggande.com\/prodikt\/wp-json\/wp\/v2\/media?parent=14"}],"curies":[{"name":"wp","href":"https:\/\/api.w.org\/{rel}","templated":true}]}}