										  
											  
											 {"id":10,"date":"2020-09-16T12:48:25","date_gmt":"2020-09-16T10:48:25","guid":{"rendered":"https:\/\/hallbartbyggande.com\/bionova\/?page_id=10"},"modified":"2025-06-23T20:50:51","modified_gmt":"2025-06-23T18:50:51","slug":"om-prodikt","status":"publish","type":"page","link":"https:\/\/hallbartbyggande.com\/prodikt\/om-prodikt\/","title":{"rendered":"Om Prodikt"},"content":{"rendered":"<p><span style=\"font-size: 14pt;\"><strong>Detta l\u00f6ser Prodikt<\/strong><\/span><br \/>\nUtmaningarna som existerar f\u00f6r byggprocessens olika akt\u00f6rer \u00e4r flera. En av de fr\u00e4msta \u00e4r att det \u00e4r otroligt sv\u00e5rt att g\u00f6ra aktiva och medvetna system- och materialval och d\u00e4rigenom s\u00e4kerst\u00e4lla att projekten verkligen n\u00e5r upp till b\u00e5de de interna, best\u00e4llarens eller samh\u00e4llets m\u00e5lbilder. Anledningarna till detta \u00e4r m\u00e5nga, bland annat att bygga h\u00e5llbart har blivit synonymt med att jaga dokumentation och sedan efter b\u00e4sta f\u00f6rm\u00e5ga och finansiella muskler tolka dessa. Detta resulterar i en verklighet d\u00e4r byggprojekt f\u00f6rdyras, utan att man f\u00f6r den delen n\u00f6dv\u00e4ndigtvis bygger mer h\u00e5llbart eller i linje med den initiala m\u00e5lbilden. Detta vill vi l\u00f6sa!<\/p>\n<p>&nbsp;<\/p>\n<p><span style=\"font-size: 14pt;\"><strong>Ett obrutet digitalt fl\u00f6de<\/strong><\/span><br \/>\nProdikt sammankopplar enorma m\u00e4ngder av information, fr\u00e5n minsta komponent till sammansatta produkter och f\u00e4rdiga system, i ett obrutet digitalt fl\u00f6de. Detta fl\u00f6de st\u00e4lls i direkt relation med projektens m\u00e5lbild och \u00f6nskem\u00e5l vilket skapar unika m\u00f6jligheter f\u00f6r effektivisering och s\u00e4kerst\u00e4lld leverans av kravniv\u00e5.<\/p>\n<p>&nbsp;<\/p>\n<p><span style=\"font-size: 14pt;\"><strong>Prodikts funktion i byggprocessen<\/strong><\/span><br \/>\nEtt byggprojekts framg\u00e5ng vilar aldrig p\u00e5 en akt\u00f6r. Det \u00e4r n\u00e4r vi g\u00f6r smarta och effektiva saker tillsammans som vi n\u00e5r fram. Prodikt m\u00f6jligg\u00f6r f\u00f6r alla akt\u00f6rer, fr\u00e5n materialleverant\u00f6ren till distribut\u00f6rer, entrepren\u00f6ren och fastighets\u00e4garen, att gemensamt ing\u00e5 i samma fl\u00f6de av information. Det \u00e4r d\u00e5 vi minimerar dubbelarbete och tillsammans lyckas leverera analyser och resultat, fr\u00e5n f\u00f6rstudie till f\u00e4rdig byggnad i enlighet med m\u00e5lbild! Att ha m\u00f6jlighet att smart, snabbt och kostnadseffektivt bygga h\u00e5llbart ska vara tillg\u00e4ngligt f\u00f6r alla, och f\u00f6rst d\u00e5 kan effektm\u00e5len f\u00f6r samh\u00e4llet i stort n\u00e5s.<\/p>\n","protected":false},"excerpt":{"rendered":"<p>Detta l\u00f6ser Prodikt Utmaningarna som existerar f\u00f6r byggprocessens olika akt\u00f6rer \u00e4r flera. En av de fr\u00e4msta \u00e4r att det \u00e4r otroligt sv\u00e5rt att g\u00f6ra aktiva och medvetna system- och materialval och d\u00e4rigenom s\u00e4kerst\u00e4lla att projekten verkligen n\u00e5r upp till b\u00e5de de interna, best\u00e4llarens eller samh\u00e4llets m\u00e5lbilder. Anledningarna till detta \u00e4r m\u00e5nga, bland annat att bygga &#8230;<\/p>\n","protected":false},"author":2,"featured_media":0,"parent":0,"menu_order":0,"comment_status":"closed","ping_status":"closed","template":"","meta":{"_monsterinsights_skip_tracking":false,"_monsterinsights_sitenote_active":false,"_monsterinsights_sitenote_note":"","_monsterinsights_sitenote_category":0,"_links_to":"","_links_to_target":""},"_links":{"self":[{"href":"https:\/\/hallbartbyggande.com\/prodikt\/wp-json\/wp\/v2\/pages\/10"}],"collection":[{"href":"https:\/\/hallbartbyggande.com\/prodikt\/wp-json\/wp\/v2\/pages"}],"about":[{"href":"https:\/\/hallbartbyggande.com\/prodikt\/wp-json\/wp\/v2\/types\/page"}],"author":[{"embeddable":true,"href":"https:\/\/hallbartbyggande.com\/prodikt\/wp-json\/wp\/v2\/users\/2"}],"replies":[{"embeddable":true,"href":"https:\/\/hallbartbyggande.com\/prodikt\/wp-json\/wp\/v2\/comments?post=10"}],"version-history":[{"count":5,"href":"https:\/\/hallbartbyggande.com\/prodikt\/wp-json\/wp\/v2\/pages\/10\/revisions"}],"predecessor-version":[{"id":128,"href":"https:\/\/hallbartbyggande.com\/prodikt\/wp-json\/wp\/v2\/pages\/10\/revisions\/128"}],"wp:attachment":[{"href":"https:\/\/hallbartbyggande.com\/prodikt\/wp-json\/wp\/v2\/media?parent=10"}],"curies":[{"name":"wp","href":"https:\/\/api.w.org\/{rel}","templated":true}]}}