										  
											  
											 {"id":2,"date":"2016-03-15T20:39:43","date_gmt":"2016-03-15T19:39:43","guid":{"rendered":"http:\/\/hallbartbyggande.com\/pentair\/?page_id=2"},"modified":"2016-05-24T08:57:58","modified_gmt":"2016-05-24T06:57:58","slug":"om-pentair","status":"publish","type":"page","link":"https:\/\/hallbartbyggande.com\/pentair\/om-pentair\/","title":{"rendered":"Om Pentair"},"content":{"rendered":"<p>Pentair Thermal Building Solutions utvecklar och s\u00e4ljer v\u00e4rmekabell\u00f6sningar f\u00f6r fastigheter och industri. Till exempel frostskydd av r\u00f6r, stupr\u00e4nnor och h\u00e4ngr\u00e4nnor, sn\u00f6- och isfria markytor, golvv\u00e4rme samt varmh\u00e5llning av tappvarmvatten. Raychem och T2 \u00e4r Pentair Thermal Building Solutions mest k\u00e4nda varum\u00e4rken. F\u00f6retaget verkar i Europa, Nordamerika och Asien.<\/p>\n<p>Pentair Thermal Building Solutions ing\u00e5r i Pentair. Med sina fyra aff\u00e4rsomr\u00e5den \u2013 Flow &amp; Filtration Solutions, Water Quality System, Technical Solutions och Valves &amp; Controls \u2013 oms\u00e4tter Pentair 6,4 miljarder USD och har 30 000 medarbetare.<\/p>\n","protected":false},"excerpt":{"rendered":"<p>Pentair Thermal Building Solutions utvecklar och s\u00e4ljer v\u00e4rmekabell\u00f6sningar f\u00f6r fastigheter och industri. Till exempel frostskydd av r\u00f6r, stupr\u00e4nnor och h\u00e4ngr\u00e4nnor, sn\u00f6- och isfria markytor, golvv\u00e4rme samt varmh\u00e5llning av tappvarmvatten. Raychem och T2 \u00e4r Pentair Thermal Building Solutions mest k\u00e4nda varum\u00e4rken. F\u00f6retaget verkar i Europa, Nordamerika och Asien. Pentair Thermal Building Solutions ing\u00e5r i Pentair. Med &#8230;<\/p>\n","protected":false},"author":102,"featured_media":0,"parent":0,"menu_order":0,"comment_status":"closed","ping_status":"closed","template":"","meta":{"_monsterinsights_skip_tracking":false,"_monsterinsights_sitenote_active":false,"_monsterinsights_sitenote_note":"","_monsterinsights_sitenote_category":0,"_links_to":"","_links_to_target":""},"_links":{"self":[{"href":"https:\/\/hallbartbyggande.com\/pentair\/wp-json\/wp\/v2\/pages\/2"}],"collection":[{"href":"https:\/\/hallbartbyggande.com\/pentair\/wp-json\/wp\/v2\/pages"}],"about":[{"href":"https:\/\/hallbartbyggande.com\/pentair\/wp-json\/wp\/v2\/types\/page"}],"author":[{"embeddable":true,"href":"https:\/\/hallbartbyggande.com\/pentair\/wp-json\/wp\/v2\/users\/102"}],"replies":[{"embeddable":true,"href":"https:\/\/hallbartbyggande.com\/pentair\/wp-json\/wp\/v2\/comments?post=2"}],"version-history":[{"count":3,"href":"https:\/\/hallbartbyggande.com\/pentair\/wp-json\/wp\/v2\/pages\/2\/revisions"}],"predecessor-version":[{"id":21,"href":"https:\/\/hallbartbyggande.com\/pentair\/wp-json\/wp\/v2\/pages\/2\/revisions\/21"}],"wp:attachment":[{"href":"https:\/\/hallbartbyggande.com\/pentair\/wp-json\/wp\/v2\/media?parent=2"}],"curies":[{"name":"wp","href":"https:\/\/api.w.org\/{rel}","templated":true}]}}