										  
											  
											 {"id":2,"date":"2015-02-19T07:08:42","date_gmt":"2015-02-19T07:08:42","guid":{"rendered":"http:\/\/hallbartbyggande.com\/paroc\/?page_id=2"},"modified":"2023-02-21T10:44:16","modified_gmt":"2023-02-21T09:44:16","slug":"om-paroc-ab","status":"publish","type":"page","link":"https:\/\/hallbartbyggande.com\/paroc\/om-paroc-ab\/","title":{"rendered":"Om Paroc AB"},"content":{"rendered":"<p>Paroc Group \u00e4r en internationell tillverkare av stenullsisolering. Vi har produktionsanl\u00e4ggningar i fyra l\u00e4nder samt s\u00e4ljkontor i 14 l\u00e4nder.<\/p>\n<p>P\u00e5 Paroc har vi utvecklat v\u00e5rt produktionskunnande sedan 1930-talet. I dag \u00e4r vi den ledande leverant\u00f6ren av isolering i Finland, Sverige och Baltikum. V\u00e5ra produkter, som s\u00e4ljs under varum\u00e4rket PAROC\u00ae och levereras i paket m\u00e4rkta med de l\u00e4ttigenk\u00e4nnliga r\u00f6d-vita r\u00e4nderna, omfattar byggisolering, teknisk isolering f\u00f6r VVS och industriella applikationer samt marin- och offshore-industrin. Vi utvecklar och tillverkar produkter f\u00f6r energisparande renoveringar till passivhus, som s\u00e4nker husens energif\u00f6rbrukning och utsl\u00e4pp, samtidigt som de h\u00f6jer boendekomforten. V\u00e5ra kunder \u00e4r allt fr\u00e5n byggare av enfamiljshus och arkitekter till entrepren\u00f6rer, \u00e5terf\u00f6rs\u00e4ljare och industriella byggare.<\/p>\n<p>Sedan 2018 \u00e4r Paroc en del av Owens Corning. Owens Corning utvecklar, tillverkar och marknadsf\u00f6r isolerings-, tak- och glasfiberkompositer, och har 19 000 anst\u00e4llda i 31 l\u00e4nder. F\u00f6r mer information om Owens Corning, bes\u00f6k <a href=\"http:\/\/www.owenscorning.com\" target=\"_blank\" rel=\"noopener\">www.owenscorning.com<\/a>.<\/p>\n","protected":false},"excerpt":{"rendered":"<p>Paroc Group \u00e4r en internationell tillverkare av stenullsisolering. Vi har produktionsanl\u00e4ggningar i fyra l\u00e4nder samt s\u00e4ljkontor i 14 l\u00e4nder. P\u00e5 Paroc har vi utvecklat v\u00e5rt produktionskunnande sedan 1930-talet. I dag \u00e4r vi den ledande leverant\u00f6ren av isolering i Finland, Sverige och Baltikum. V\u00e5ra produkter, som s\u00e4ljs under varum\u00e4rket PAROC\u00ae och levereras i paket m\u00e4rkta med &#8230;<\/p>\n","protected":false},"author":73,"featured_media":0,"parent":0,"menu_order":0,"comment_status":"open","ping_status":"open","template":"","meta":{"_monsterinsights_skip_tracking":false,"_monsterinsights_sitenote_active":false,"_monsterinsights_sitenote_note":"","_monsterinsights_sitenote_category":0,"_links_to":"","_links_to_target":""},"_links":{"self":[{"href":"https:\/\/hallbartbyggande.com\/paroc\/wp-json\/wp\/v2\/pages\/2"}],"collection":[{"href":"https:\/\/hallbartbyggande.com\/paroc\/wp-json\/wp\/v2\/pages"}],"about":[{"href":"https:\/\/hallbartbyggande.com\/paroc\/wp-json\/wp\/v2\/types\/page"}],"author":[{"embeddable":true,"href":"https:\/\/hallbartbyggande.com\/paroc\/wp-json\/wp\/v2\/users\/73"}],"replies":[{"embeddable":true,"href":"https:\/\/hallbartbyggande.com\/paroc\/wp-json\/wp\/v2\/comments?post=2"}],"version-history":[{"count":6,"href":"https:\/\/hallbartbyggande.com\/paroc\/wp-json\/wp\/v2\/pages\/2\/revisions"}],"predecessor-version":[{"id":197,"href":"https:\/\/hallbartbyggande.com\/paroc\/wp-json\/wp\/v2\/pages\/2\/revisions\/197"}],"wp:attachment":[{"href":"https:\/\/hallbartbyggande.com\/paroc\/wp-json\/wp\/v2\/media?parent=2"}],"curies":[{"name":"wp","href":"https:\/\/api.w.org\/{rel}","templated":true}]}}