										  
											  
											 {"id":2,"date":"2015-02-19T07:08:55","date_gmt":"2015-02-19T07:08:55","guid":{"rendered":"http:\/\/hallbartbyggande.com\/bengt-dahlgren\/?page_id=2"},"modified":"2016-08-30T12:21:28","modified_gmt":"2016-08-30T10:21:28","slug":"om-ostberg","status":"publish","type":"page","link":"https:\/\/hallbartbyggande.com\/ostberg\/om-ostberg\/","title":{"rendered":"Om \u00d6stberg"},"content":{"rendered":"<p>\u00d6stberg \u00e4r en av v\u00e4rldens tekniskt ledande tillverkare av kanalfl\u00e4ktar och energieffektiva luftbehandlingsaggregat f\u00f6r alla milj\u00f6er d\u00e4r m\u00e4nniskor vistas. F\u00f6retaget har alltid haft en internationell profil och med bolag i Sverige, Kina, Indien, Norge, Finland, Italien, Polen och Tyskland v\u00e4xer f\u00f6retaget kontinuerligt. Idag \u00e5terfinns v\u00e5ra produkter i mer \u00e4n 75 l\u00e4nder v\u00e4rlden \u00f6ver.<\/p>\n<p>I b\u00f6rjan av 1970-talet konstruerade grundaren och \u00e4garen av f\u00f6retaget v\u00e4rldens f\u00f6rsta cirkul\u00e4ra och rektangul\u00e4ra kanalfl\u00e4ktar med ytterrotormotor, radial fl\u00e4kthjul och rak genomstr\u00f6mning (180\u00b0).<br \/>\nMed fortl\u00f6pande utveckling och tillverkning av nya produkter har vi idag ett stort urval av kanalfl\u00e4ktar, takfl\u00e4ktar, v\u00e4ggfl\u00e4ktar och energieffektiva luftbehandlings aggregat. V\u00e5rt m\u00e5l \u00e4r att alltid kunna erbjuda produkter av h\u00f6gsta kvalitet till konkurrenskraftiga priser.<\/p>\n<h2>FLEXIBELT OCH KUNDANPASSAT<\/h2>\n<p>Stark kundorientering och stor flexibilitet \u00e4r viktiga delar av v\u00e5r aff\u00e4rsid\u00e9. Vi s\u00e4ljer b\u00e5de standardiserade och skr\u00e4ddarsydda aggregat, allt efter kundens \u00f6nskem\u00e5l. F\u00f6r oss \u00e4r det angel\u00e4get att skapa en inomhus milj\u00f6 i v\u00e4rldsklass, och att g\u00f6ra det med minimal energianv\u00e4ndning och ljudniv\u00e5.<\/p>\n<p>I v\u00e5rt omfattande produktsortiment erbjuder vi aggregat med luftfl\u00f6den fr\u00e5n 50 liter upp till 30 kubikmeter per sekund. F\u00f6r att kunna erbjuda exakt r\u00e4tt utrustning utifr\u00e5n kundbehov sker dimensionering med hj\u00e4lp av ett professionellt produktvalsprogram som ocks\u00e5 finns tillg\u00e4ngligt via v\u00e5r hemsida \u2013 <a href=\"http:\/\/www.ostberg.com\" target=\"_blank\">www.ostberg.com<\/a>.<\/p>\n<p>V\u00e5ra produkter \u00e4r CE-m\u00e4rkta och vi l\u00e4gger stor vikt vid att g\u00f6ra dem enkla att installera och anv\u00e4nda.<\/p>\n<h2>L\u00c5NG TRADITION OCH EGEN PRODUKTUTVECKLING<\/h2>\n<p>I v\u00e5ra moderna fabriker i Enk\u00f6ping och Avesta utvecklar och producerar vi kompakta och h\u00f6gmoderna ventilations aggregat f\u00f6r alla typer av fastigheter och lokaler.<br \/>\nProduktutvecklingen sker i \u00f6msesidig dialog med v\u00e5ra kunder och konstruktionsarbetet g\u00f6rs i 3D med senaste CAD-programvaran.<br \/>\nVi har en l\u00e5ng tradition inom ventilation med energi\u00e5tervinning som v\u00e5ra medarbetare f\u00f6rvaltar med gedigen erfarenhet och spetskompetens. Det ger oss en trygg plattform f\u00f6r avancerad produktutveckling.<\/p>\n","protected":false},"excerpt":{"rendered":"<p>\u00d6stberg \u00e4r en av v\u00e4rldens tekniskt ledande tillverkare av kanalfl\u00e4ktar och energieffektiva luftbehandlingsaggregat f\u00f6r alla milj\u00f6er d\u00e4r m\u00e4nniskor vistas. F\u00f6retaget har alltid haft en internationell profil och med bolag i Sverige, Kina, Indien, Norge, Finland, Italien, Polen och Tyskland v\u00e4xer f\u00f6retaget kontinuerligt. Idag \u00e5terfinns v\u00e5ra produkter i mer \u00e4n 75 l\u00e4nder v\u00e4rlden \u00f6ver. I b\u00f6rjan &#8230;<\/p>\n","protected":false},"author":76,"featured_media":0,"parent":0,"menu_order":0,"comment_status":"open","ping_status":"open","template":"","meta":{"_monsterinsights_skip_tracking":false,"_monsterinsights_sitenote_active":false,"_monsterinsights_sitenote_note":"","_monsterinsights_sitenote_category":0,"_links_to":"","_links_to_target":""},"_links":{"self":[{"href":"https:\/\/hallbartbyggande.com\/ostberg\/wp-json\/wp\/v2\/pages\/2"}],"collection":[{"href":"https:\/\/hallbartbyggande.com\/ostberg\/wp-json\/wp\/v2\/pages"}],"about":[{"href":"https:\/\/hallbartbyggande.com\/ostberg\/wp-json\/wp\/v2\/types\/page"}],"author":[{"embeddable":true,"href":"https:\/\/hallbartbyggande.com\/ostberg\/wp-json\/wp\/v2\/users\/76"}],"replies":[{"embeddable":true,"href":"https:\/\/hallbartbyggande.com\/ostberg\/wp-json\/wp\/v2\/comments?post=2"}],"version-history":[{"count":5,"href":"https:\/\/hallbartbyggande.com\/ostberg\/wp-json\/wp\/v2\/pages\/2\/revisions"}],"predecessor-version":[{"id":29,"href":"https:\/\/hallbartbyggande.com\/ostberg\/wp-json\/wp\/v2\/pages\/2\/revisions\/29"}],"wp:attachment":[{"href":"https:\/\/hallbartbyggande.com\/ostberg\/wp-json\/wp\/v2\/media?parent=2"}],"curies":[{"name":"wp","href":"https:\/\/api.w.org\/{rel}","templated":true}]}}