										  
											  
											 {"id":23,"date":"2016-06-13T15:22:47","date_gmt":"2016-06-13T13:22:47","guid":{"rendered":"http:\/\/hallbartbyggande.com\/thermofloc\/?page_id=23"},"modified":"2022-08-15T11:00:17","modified_gmt":"2022-08-15T09:00:17","slug":"om-opejra","status":"publish","type":"page","link":"https:\/\/hallbartbyggande.com\/opejra\/om-opejra\/","title":{"rendered":"Om Opejra"},"content":{"rendered":"<h2>Opejra bygger klimatskalet<\/h2>\n<p>Opejra \u00e4r en akt\u00f6r i byggbranschen med stort kunnande inom tak- &amp; fasadl\u00f6sningar. Vi \u00e4r m\u00e4stare p\u00e5 det yttre skalet vid konstruktion och byggnation, g\u00e4rna ihop med solenergil\u00f6sningar.<\/p>\n<p>V\u00e5r passion f\u00f6r hantverket \u00e4r grunden vi st\u00e5r p\u00e5 n\u00e4r vi nu har framtiden i sikte. Vi har f\u00f6r avsikt att vara en ledande akt\u00f6r inom materialval, teknik, hantverkskunnande och samarbetsformer f\u00f6r att skapa framtidens klimatskal p\u00e5 byggnader i Sverige. Vi \u00e4r sju f\u00f6retag som samlas under varum\u00e4rket Opejra f\u00f6r att g\u00f6ra detta m\u00f6jligt. Med v\u00e5r gemensamma kompetens och erfarenhet har vi god kunskap och beh\u00e4rskar alla delar i klimatskalet, som vi delar upp i tak- och fasadl\u00f6sningar kompletterat med l\u00f6sningar f\u00f6r bra solenergi. Tillsammans har vi \u00f6ver 35 \u00e5r i branschen.<\/p>\n<h2>VARM OCH TORR P\u00c5 INSIDAN<\/h2>\n<p>Oavsett material har vi en l\u00f6sning som skyddar den varma torra ytan fr\u00e5n den kalla v\u00e5ta. Vi arbetar med fasadelement, profiler, f\u00f6nster, d\u00f6rrar samt takt\u00e4ckning av skilda slag.<\/p>\n<p>Vi utf\u00f6r alla typer av pl\u00e5tarbeten p\u00e5 tak, exempelvis bandt\u00e4ckning, skivt\u00e4ckning, pannpl\u00e5t och korrugerad pl\u00e5t. Sj\u00e4lvklart i olika material och kul\u00f6rer. \u00c4ven rostfri s\u00f6msvetsad takt\u00e4ckning \u00e4r en metod som vi beh\u00e4rskar. Trots att pl\u00e5ttak har l\u00e5ng livsl\u00e4ngd beh\u00f6ver de ibland lite underh\u00e5ll i form av ny f\u00e4rg, vi m\u00e5lar alla typer av pl\u00e5ttak med milj\u00f6v\u00e4nliga f\u00e4rgprodukter.<\/p>\n<p>En sj\u00e4lvklar del av takl\u00f6sningar \u00e4r vattenavrinning. H\u00e4r har vi l\u00e5ng erfarenhet av hur h\u00e4ngr\u00e4nnor, fotr\u00e4nnor, r\u00e4nndalar, gesimsr\u00e4nnor, brunnar och stupr\u00f6r beh\u00f6ver samverka f\u00f6r en effektiv takavvattning. Ut\u00f6ver det levererar vi \u00f6nskade material eller kul\u00f6r p\u00e5 delarna i systemet f\u00f6r en estetiskt tilltalande l\u00f6sning.<\/p>\n<h2>S\u00c4KERHETEN F\u00d6RST<\/h2>\n<p>\u201dS\u00e4kerheten f\u00f6rst\u201d \u00e4r v\u00e5rt motto n\u00e4r det g\u00e4ller arbeten d\u00e4r risken f\u00f6r personskador finns. Vi riskbed\u00f6mer, f\u00f6resl\u00e5r l\u00f6sningar och monterar system f\u00f6r taks\u00e4kerhet. Oavsett om det \u00e4r takbryggor, takstegar, v\u00e4ggstegar, livlinef\u00e4sten, r\u00e4cken runt takluckor, vajersystem och sn\u00f6rasskydd har vi alltid koll p\u00e5 vad som g\u00e4ller.<\/p>\n<p>Vissa vintrar \u00e4r mer sn\u00f6rika \u00e4n andra. Att f\u00f6rutse sn\u00f6 \u00e4r inte s\u00e5 l\u00e4tt. N\u00e4r den v\u00e4l kommit \u00e4r det dock l\u00e4ttare att se var riskerna finns och var det potentiellt beh\u00f6ver skottas. Vi erbjuder allt fr\u00e5n enstaka sn\u00f6r\u00f6jningsuppdrag till riskinventering och bevakningsavtal. Beh\u00f6ver du hj\u00e4lp att skotta yttertak \u00e4r vi en bra partner.<\/p>\n<h2>TAK, TAK OCH TAK<\/h2>\n<p>Med oss f\u00e5r du en helt\u00e4ckande leverant\u00f6r av tak. Vi levererar de flesta typer av takl\u00f6sningar som finns f\u00f6r den svenska marknaden. Vi har \u00f6ver 35 \u00e5rs erfarenhet och \u00e4r ett bra bollplank d\u00e5 vi vet vad som fungerar bra och vad som fungerar mindre bra.<\/p>\n<p>Sedumtak \u00e4r ett tak som lever och skiftar f\u00e4rg, det l\u00e5ter kanske konstigt men det \u00e4r idag en sj\u00e4lvklar del vid valet av takl\u00f6sningar. Det gr\u00f6na taket bidrar till att s\u00e4nka koldioxidhalten i luften och minskar m\u00e4ngden dagvatten. Det skyddar \u00e4ven fr\u00e5n solens UV-ljus och f\u00f6rl\u00e4nger d\u00e4rmed livsl\u00e4ngden p\u00e5 taket. Vi hanterar alla delar \u2013 fr\u00e5n t\u00e4tskikt till f\u00e4rdigt tak med v\u00e4xtlighet.<\/p>\n<p>N\u00e4r det g\u00e4ller glastak arbetar vi med tv\u00e5 av branschens ledande system \u2013 SAPA och Purso. De har blivit viktiga partners f\u00f6r oss i v\u00e5r str\u00e4van att kunna erbjuda totall\u00f6sningar f\u00f6r glastak. Vi kan \u00e4ven leverera l\u00f6sningar i \u00e5tervunnen aluminium vilket k\u00e4nns som ett extra plus.<\/p>\n<p>Med oss bygger ni upp eller byter ut kompletta tegeltak i betong- eller lertegel kompletterat med pl\u00e5tbeslag och l\u00f6sningar f\u00f6r vattenavrinning.<\/p>\n<p>Solcellsl\u00f6sningar passar ofta bra p\u00e5 tak, vi har metoder f\u00f6r flera m\u00f6jligheter, frist\u00e5ende eller integrerade i materialet. Vi ser g\u00e4rna att det blir en helhet \u2013 ett energiproducerande klimatskal som \u00e4r integrerat med \u00f6vriga system f\u00f6r kyla, v\u00e4rme och ventilation.<\/p>\n<p>Vi \u00e4r experter p\u00e5 t\u00e4tskikt och kan erbjuda alla typer av papp- och duktak med tillh\u00f6rande pl\u00e5tdetaljer och anslutningar.<\/p>\n<p>Vi genomf\u00f6r l\u00f6pande underh\u00e5llsbesiktningar av tak och fasader. Det ger b\u00e4ttre f\u00f6ruts\u00e4ttningar f\u00f6r underh\u00e5llsplaner och budget.<\/p>\n<h2>VILKEN FASADL\u00d6SNING BEH\u00d6VER DU?<\/h2>\n<p>Vi arbetar med branschens ledande byggsystem i aluminium \u2013 till exempel SFS, Alface, Hilti, SAPA och Purso. De \u00e4r viktiga partners f\u00f6r oss i v\u00e5r str\u00e4van att kunna erbjuda totall\u00f6sningar f\u00f6r byggsystem i aluminium. H\u00e4r erbjuder vi \u00e4ven l\u00f6sningar i \u00e5tervunnen aluminium vilket \u00e4r viktigt i dagens samh\u00e4lle. Aluminiumkomposit \u00e4r ett sandwichmaterial med plana ytskikt och en k\u00e4rna av polyeten. Kombinationen ger ett l\u00e4tt och styvt material. Med oss f\u00e5r ni alla typer av l\u00f6sningar med s\u00e5v\u00e4l synlig som dold inf\u00e4stning i olika kul\u00f6rer.<\/p>\n<p>Vi arbetar g\u00e4rna med tr\u00e4fiberskivor, det \u00e4r en mix av naturprodukter varav hela 70% \u00e4r tr\u00e4. Resultatet \u00e4r en fasadskiva som p\u00e5verkas minimalt av v\u00e4der och vind och \u00e4r vacker i m\u00e5nga \u00e5r. Flertalet f\u00e4rger och ytskikt g\u00f6r det till en uppskattad l\u00f6sning f\u00f6r ett gott arkitektoniskt resultat. Vi erbjuder alla typer av l\u00f6sningar med s\u00e5v\u00e4l synlig som dold inf\u00e4stning.<\/p>\n<p>Beh\u00f6ver du en stark och motst\u00e5ndskraftig bekl\u00e4dnad kan vi rekommendera skivor av fibercement som \u00e4r en mycket bra l\u00f6sning. Fibercement \u00e4r en blandning av sand, cement, cellulosafiber och vatten. Du kan v\u00e4lja p\u00e5 flertalet f\u00e4rger och ytskikt med ett verkligen snyggt arkitektoniskt resultat. Vi erbjuder alla typer av l\u00f6sningar med s\u00e5v\u00e4l synlig som dold inf\u00e4stning.<\/p>\n<p>Med en fasadskiva i \u00e5tervinningsbart material och enast\u00e5ende egenskaper f\u00e5r du med basalt i kombination med stenull som ger en skiva med enast\u00e5ende egenskaper. Den \u00e4r h\u00e5llfast, h\u00e5llbar, har l\u00e5g vikt och \u00e4r enkel att installera och dessutom mycket v\u00e4dert\u00e5lig. Att den sedan kan kombineras i f\u00e4rger, bearbetas, och till och med b\u00f6jas g\u00f6r den till ett sp\u00e4nnande fasadmaterial. Vi levererar alla typer av l\u00f6sningar med s\u00e5v\u00e4l synlig som dold inf\u00e4stning.<\/p>\n<p>Fasader i glas ger ett exklusivt intryck. Dagens l\u00f6sningar \u00e4r m\u00e5nga. Vi erbjuder s\u00e5v\u00e4l curtain wall som skalfasade fasader. Vi arbetar med tv\u00e5 av branschens ledande system \u2013 SAPA och Purso. Med dem erbjuder vi totall\u00f6sningar f\u00f6r glasfasader. F\u00f6rutom fasadelement erbjuder vi sj\u00e4lvklart d\u00f6rrar, skjutd\u00f6rrar, vikpartier, fasta och \u00f6ppningsbara f\u00f6nster samt alla olika typer av l\u00e5s och beslag. Profiler i \u00e5tervunnen aluminium kan vi ocks\u00e5 leverera.<\/p>\n<p>Vi tar fram fasadkasetter i m\u00e5nga olika material, till exempel st\u00e5lpl\u00e5t, corten, aluminium, str\u00e4ckmetall. Sj\u00e4lvklart kan vi \u00e4ven perforera st\u00e5l- och aluminiumpl\u00e5t och d\u00e4rmed \u00e5stadkomma effekter som raster, oregelbundna m\u00f6nster med mera.<\/p>\n<p>Solcellsl\u00f6sningar har vi m\u00e5nga, frist\u00e5ende eller integrerade i materialet. Vi ser dock g\u00e4rna att det blir en helhet \u2013 ett energiproducerande klimatskal som \u00e4r integrerat med \u00f6vriga system f\u00f6r kyla, v\u00e4rme och ventilation.<\/p>\n<p>Beh\u00f6vs det sandwichelement har vi det mesta i tjocklekar fr\u00e5n 50 mm till 300 mm.<\/p>\n<p>F\u00f6r en mer elegant fasad erbjuder vi skivor fr\u00e5n Dekton. Det \u00e4r vackra och h\u00e5llbara skivor som kan f\u00e5s i stora format och flertalet tjocklekar. L\u00e4gg d\u00e4rtill att de finns i 40 f\u00e4rger i 8 kollektioner. Vi utf\u00f6r montage med s\u00e5v\u00e4l synlig som dold installation.<\/p>\n<h2>SOLENERGI \u00c4R SJ\u00c4LVKLART TYCKER VI<\/h2>\n<p>Vi tar fram l\u00f6sningar f\u00f6r solenergi p\u00e5 ett litet annat s\u00e4tt \u00e4n \u00f6vriga akt\u00f6rer p\u00e5 marknaden. D\u00e5 vi i m\u00f6jligaste m\u00e5n vill integrera l\u00f6sningen med \u00f6vrig energif\u00f6rs\u00f6rjning i fastigheten beh\u00f6ver vi arbeta efter en l\u00e5ngsiktig plan tillsammans med fastighets\u00e4garen. Det ger b\u00e4ttre f\u00f6ruts\u00e4ttningar f\u00f6r att s\u00e4kerst\u00e4lla r\u00e4tt l\u00f6sning, s\u00e4ker installation, problemfri drift och f\u00f6rebyggande underh\u00e5ll.<\/p>\n<p>Vi erbjuder olika typer av solcellsl\u00f6sningar. Frist\u00e5ende eller integrerade i materialet. Vi ser g\u00e4rna att det blir en helhet \u2013 ett energiproducerande klimatskal som \u00e4r integrerat med \u00f6vriga system f\u00f6r kyla, v\u00e4rme och ventilation.<\/p>\n<h2>V\u00c5R PROCESS BYGGER P\u00c5 4 STEG:<\/h2>\n<p>1. F\u00f6rstudie \u2013 projektering<br \/>\n\u2022 Tekniska och ekonomiska f\u00f6ruts\u00e4ttningar<br \/>\n\u2022 Strategisk och ekonomisk genomf\u00f6rbarhet<br \/>\n\u2022 Projektering<br \/>\n\u2022 Finansiering<\/p>\n<p>2. Installation<br \/>\n\u2022 Skalbar solelanl\u00e4ggning<br \/>\n\u2022 S\u00e4ker installation<br \/>\n\u2022 Automationsplattform<br \/>\n\u2022 Drifts\u00e4ttning<\/p>\n<p>3. Informationsdriven driftoptimering och underh\u00e5ll<br \/>\n\u2022 Serviceavtal<br \/>\n\u2022 Fastighetens energi<br \/>\n\u2022 Klimatskal<\/p>\n<p>4. Utveckling<br \/>\nUnderh\u00e5lls- och utvecklingsplan f\u00f6r fastighetens behov f\u00f6r s\u00e5v\u00e4l energif\u00f6rs\u00f6rjning som energif\u00f6rbrukning.<\/p>\n<p>MED R\u00c4TT INSATS F\u00c5R DU B\u00c4ST RESULTAT<\/p>\n<p>Vi har kompetens och experter inom alla omr\u00e5den; tak-, fasad- och solenergil\u00f6sningar. Du kan v\u00e4nda dig till oss med dina fr\u00e5gor. Vi har l\u00e5ng erfarenhet och \u00e4r det n\u00e5got du undrar \u00e4r det bara att kontakta oss. Vi har kontor och produktion i stora delar av Mellansverige, v\u00e4lj vad som passar dig b\u00e4st:<\/p>\n<p>Opejra Eskilstuna, Tel: 0704-29 37 78, E-post: info.eskilstuna@opejra.se<br \/>\nOpejra Karlstad, Tel: 054-820 10 00, E-post: info.karlstad@opejra.se<br \/>\nOpejra Skara, Tel: 0511-160 93, E-post: info.skara@opejra.se<br \/>\nOpejra T\u00e4by, Tel: 08-446 55 60, E-post: info.taby@opejra.se<br \/>\nOpejra \u00d6rebro, Tel: 019-25 36 00, E-post: info.orebro@opejra.se<br \/>\nOpejra Energy, Tel: 019-761 80 00, E-post: info.energy@opejra.se<br \/>\nOpejra Fasad, Tel: 019-277 14 25, E-post: info.fasad@opejra.se<br \/>\nOpejra Produktion, Tel: 0511-200 60, E-post: info.produktion@opejra.se<br \/>\nOpejra Service, Tel: 019-761 80 00, E-post: info.service@opejra.se<\/p>\n<p>&nbsp;<\/p>\n<p><strong>MED V\u00c4NLIG H\u00c4LSNING<\/strong><br \/>\nOpejra Sverige AB<br \/>\nSTEFAN \u00d6BERG<br \/>\nTelefon: +46 (0)19 761 80 05<br \/>\nstefan.oberg@opejra.se<\/p>\n","protected":false},"excerpt":{"rendered":"<p>Opejra bygger klimatskalet Opejra \u00e4r en akt\u00f6r i byggbranschen med stort kunnande inom tak- &amp; fasadl\u00f6sningar. Vi \u00e4r m\u00e4stare p\u00e5 det yttre skalet vid konstruktion och byggnation, g\u00e4rna ihop med solenergil\u00f6sningar. V\u00e5r passion f\u00f6r hantverket \u00e4r grunden vi st\u00e5r p\u00e5 n\u00e4r vi nu har framtiden i sikte. Vi har f\u00f6r avsikt att vara en ledande &#8230;<\/p>\n","protected":false},"author":1,"featured_media":0,"parent":0,"menu_order":0,"comment_status":"closed","ping_status":"closed","template":"","meta":{"_monsterinsights_skip_tracking":false,"_monsterinsights_sitenote_active":false,"_monsterinsights_sitenote_note":"","_monsterinsights_sitenote_category":0,"_links_to":"","_links_to_target":""},"_links":{"self":[{"href":"https:\/\/hallbartbyggande.com\/opejra\/wp-json\/wp\/v2\/pages\/23"}],"collection":[{"href":"https:\/\/hallbartbyggande.com\/opejra\/wp-json\/wp\/v2\/pages"}],"about":[{"href":"https:\/\/hallbartbyggande.com\/opejra\/wp-json\/wp\/v2\/types\/page"}],"author":[{"embeddable":true,"href":"https:\/\/hallbartbyggande.com\/opejra\/wp-json\/wp\/v2\/users\/1"}],"replies":[{"embeddable":true,"href":"https:\/\/hallbartbyggande.com\/opejra\/wp-json\/wp\/v2\/comments?post=23"}],"version-history":[{"count":3,"href":"https:\/\/hallbartbyggande.com\/opejra\/wp-json\/wp\/v2\/pages\/23\/revisions"}],"predecessor-version":[{"id":39,"href":"https:\/\/hallbartbyggande.com\/opejra\/wp-json\/wp\/v2\/pages\/23\/revisions\/39"}],"wp:attachment":[{"href":"https:\/\/hallbartbyggande.com\/opejra\/wp-json\/wp\/v2\/media?parent=23"}],"curies":[{"name":"wp","href":"https:\/\/api.w.org\/{rel}","templated":true}]}}