										  
											  
											 {"id":12,"date":"2016-06-12T14:01:24","date_gmt":"2016-06-12T12:01:24","guid":{"rendered":"http:\/\/hallbartbyggande.com\/tjuren\/?page_id=12"},"modified":"2022-08-15T11:05:25","modified_gmt":"2022-08-15T09:05:25","slug":"kontakt","status":"publish","type":"page","link":"https:\/\/hallbartbyggande.com\/opejra\/kontakt\/","title":{"rendered":"Kontakt"},"content":{"rendered":"<p><strong>Opejra<\/strong><br \/>\nSkjutbanev\u00e4gen 12<br \/>\n703 69 \u00d6rebro<\/p>\n<p><strong>Tel:<\/strong> 019-761 80 00<br \/>\n<strong>E-post:<\/strong> info.service@opejra.se<br \/>\n<strong>Hemsida:<\/strong> <a href=\"http:\/\/www.opejra.se\" target=\"_blank\" rel=\"noopener\">www.opejra.se<\/a><\/p>\n<p><strong>Stefan \u00d6berg, VD<\/strong><\/p>\n<p><strong><img decoding=\"async\" loading=\"lazy\" class=\"alignnone wp-image-41 size-thumbnail\" src=\"https:\/\/hallbartbyggande.com\/opejra\/wp-content\/blogs.dir\/sites\/52\/2022\/08\/Stefan_Oberg_VD_Opejra-150x150.jpg\" alt=\"\" width=\"150\" height=\"150\" srcset=\"https:\/\/hallbartbyggande.com\/opejra\/wp-content\/blogs.dir\/sites\/52\/2022\/08\/Stefan_Oberg_VD_Opejra-150x150.jpg 150w, https:\/\/hallbartbyggande.com\/opejra\/wp-content\/blogs.dir\/sites\/52\/2022\/08\/Stefan_Oberg_VD_Opejra-320x320.jpg 320w, https:\/\/hallbartbyggande.com\/opejra\/wp-content\/blogs.dir\/sites\/52\/2022\/08\/Stefan_Oberg_VD_Opejra-80x80.jpg 80w, https:\/\/hallbartbyggande.com\/opejra\/wp-content\/blogs.dir\/sites\/52\/2022\/08\/Stefan_Oberg_VD_Opejra-380x380.jpg 380w, https:\/\/hallbartbyggande.com\/opejra\/wp-content\/blogs.dir\/sites\/52\/2022\/08\/Stefan_Oberg_VD_Opejra-67x67.jpg 67w\" sizes=\"(max-width: 150px) 100vw, 150px\" \/><\/strong><\/p>\n<p><strong>Tel:<\/strong> 019-761 80 05<br \/>\n<strong>E-post:<\/strong> stefan.oberg@opejra.se<\/p>\n","protected":false},"excerpt":{"rendered":"<p>Opejra Skjutbanev\u00e4gen 12 703 69 \u00d6rebro Tel: 019-761 80 00 E-post: info.service@opejra.se Hemsida: www.opejra.se Stefan \u00d6berg, VD Tel: 019-761 80 05 E-post: stefan.oberg@opejra.se<\/p>\n","protected":false},"author":1,"featured_media":0,"parent":0,"menu_order":0,"comment_status":"open","ping_status":"open","template":"","meta":{"_monsterinsights_skip_tracking":false,"_monsterinsights_sitenote_active":false,"_monsterinsights_sitenote_note":"","_monsterinsights_sitenote_category":0,"_links_to":"","_links_to_target":""},"_links":{"self":[{"href":"https:\/\/hallbartbyggande.com\/opejra\/wp-json\/wp\/v2\/pages\/12"}],"collection":[{"href":"https:\/\/hallbartbyggande.com\/opejra\/wp-json\/wp\/v2\/pages"}],"about":[{"href":"https:\/\/hallbartbyggande.com\/opejra\/wp-json\/wp\/v2\/types\/page"}],"author":[{"embeddable":true,"href":"https:\/\/hallbartbyggande.com\/opejra\/wp-json\/wp\/v2\/users\/1"}],"replies":[{"embeddable":true,"href":"https:\/\/hallbartbyggande.com\/opejra\/wp-json\/wp\/v2\/comments?post=12"}],"version-history":[{"count":4,"href":"https:\/\/hallbartbyggande.com\/opejra\/wp-json\/wp\/v2\/pages\/12\/revisions"}],"predecessor-version":[{"id":44,"href":"https:\/\/hallbartbyggande.com\/opejra\/wp-json\/wp\/v2\/pages\/12\/revisions\/44"}],"wp:attachment":[{"href":"https:\/\/hallbartbyggande.com\/opejra\/wp-json\/wp\/v2\/media?parent=12"}],"curies":[{"name":"wp","href":"https:\/\/api.w.org\/{rel}","templated":true}]}}