										  
											  
											 {"id":2,"date":"2019-02-07T09:22:31","date_gmt":"2019-02-07T08:22:31","guid":{"rendered":"https:\/\/hallbartbyggande.com\/nordskiffer\/?page_id=2"},"modified":"2019-02-07T17:12:52","modified_gmt":"2019-02-07T16:12:52","slug":"om-nordskiffer","status":"publish","type":"page","link":"https:\/\/hallbartbyggande.com\/nordskiffer\/om-nordskiffer\/","title":{"rendered":"Om Nordskiffer"},"content":{"rendered":"<p>Sagan om Nordskiffer b\u00f6rjade under v\u00e5ra bilresor i Europa. I Frankrike, England, Holland, Belgien och Spanien anv\u00e4nds takskiffer flitigt p\u00e5 b\u00e5de tak och fasader. Vi, som fascinerades av materialet, fr\u00e5gade oss varf\u00f6r det inte anv\u00e4ndes i h\u00f6gre utstr\u00e4ckning i Sverige. Det handlade helt enkelt om okunskap, och vi best\u00e4mde oss f\u00f6r att starta Nordskiffer \u00e5r 2005.<\/p>\n<p>Sedan dess har vi f\u00e5tt f\u00f6rst\u00e4rkning av Monica, Mats, Magnus, Malin, Lars och Annie. Vi p\u00e5 Nordskiffer \u00e4r idag Sveriges ledande skifferexperter med sp\u00e4nnande naturstensprojekt i hela Skandinavien. Vi har t\u00e4t kontakt med v\u00e5ra noga utvalda leverant\u00f6rer och god inblick i produktionen. Det g\u00f6r att vi kan h\u00e5lla mycket h\u00f6g kvalitet p\u00e5 v\u00e5ra produkter och s\u00e4kra hela kedjan fr\u00e5n skifferbrotten, under transporterna \u00e4nda fram till leveransen till det enskilda projektet. Sedan oktober 2017 ing\u00e5r vi som dotterbolag i St Eriks som \u00e4r ledande i Sverige p\u00e5 betong och natursten.<\/p>\n<h2>V\u00e5r filosofi<\/h2>\n<p>Gamla gedigna material i nya sammanhang \u00e4r v\u00e5r mission. B\u00e5de d\u00e4rf\u00f6r att gedigna material sk\u00e4nker en speciell sorts karakt\u00e4r till rummen och byggnaderna; ett slags lugn och historisk tidl\u00f6shet och f\u00f6r att det helt enkelt \u00e4r ekonomiskt att anv\u00e4nda material med l\u00e5ng livsl\u00e4ngd. Bra material \u00e5ldras dessutom vackert och vi tror att milj\u00f6n man vistas i p\u00e5verkar livskvalit\u00e9n. Om inte annat f\u00f6r att man slipper underh\u00e5ll eller att t\u00e4nka p\u00e5 oml\u00e4ggning de n\u00e4rmaste decennierna. F\u00f6r att veta att materialen \u00e4r bra har vi koncentrerat oss p\u00e5 n\u00e5gra f\u00e5 leverant\u00f6rer som vi k\u00e4nner till desto mer om, b\u00e5de vad g\u00e4ller produkternas egenskaper och hur leverant\u00f6rernas produktionled ser ut. Vi bes\u00f6ker alla v\u00e5ra skifferbrott och vet att det \u00e4r sjyssta arbetsf\u00f6rh\u00e5llanden och alla medarbetare \u00e4r utbildade i m\u00e4nskliga r\u00e4ttigheter.<\/p>\n","protected":false},"excerpt":{"rendered":"<p>Sagan om Nordskiffer b\u00f6rjade under v\u00e5ra bilresor i Europa. I Frankrike, England, Holland, Belgien och Spanien anv\u00e4nds takskiffer flitigt p\u00e5 b\u00e5de tak och fasader. Vi, som fascinerades av materialet, fr\u00e5gade oss varf\u00f6r det inte anv\u00e4ndes i h\u00f6gre utstr\u00e4ckning i Sverige. Det handlade helt enkelt om okunskap, och vi best\u00e4mde oss f\u00f6r att starta Nordskiffer \u00e5r &#8230;<\/p>\n","protected":false},"author":148,"featured_media":0,"parent":0,"menu_order":0,"comment_status":"closed","ping_status":"open","template":"","meta":{"_monsterinsights_skip_tracking":false,"_monsterinsights_sitenote_active":false,"_monsterinsights_sitenote_note":"","_monsterinsights_sitenote_category":0,"_links_to":"","_links_to_target":""},"_links":{"self":[{"href":"https:\/\/hallbartbyggande.com\/nordskiffer\/wp-json\/wp\/v2\/pages\/2"}],"collection":[{"href":"https:\/\/hallbartbyggande.com\/nordskiffer\/wp-json\/wp\/v2\/pages"}],"about":[{"href":"https:\/\/hallbartbyggande.com\/nordskiffer\/wp-json\/wp\/v2\/types\/page"}],"author":[{"embeddable":true,"href":"https:\/\/hallbartbyggande.com\/nordskiffer\/wp-json\/wp\/v2\/users\/148"}],"replies":[{"embeddable":true,"href":"https:\/\/hallbartbyggande.com\/nordskiffer\/wp-json\/wp\/v2\/comments?post=2"}],"version-history":[{"count":4,"href":"https:\/\/hallbartbyggande.com\/nordskiffer\/wp-json\/wp\/v2\/pages\/2\/revisions"}],"predecessor-version":[{"id":29,"href":"https:\/\/hallbartbyggande.com\/nordskiffer\/wp-json\/wp\/v2\/pages\/2\/revisions\/29"}],"wp:attachment":[{"href":"https:\/\/hallbartbyggande.com\/nordskiffer\/wp-json\/wp\/v2\/media?parent=2"}],"curies":[{"name":"wp","href":"https:\/\/api.w.org\/{rel}","templated":true}]}}