										  
											  
											 {"id":2,"date":"2014-02-12T14:11:17","date_gmt":"2014-02-12T14:11:17","guid":{"rendered":"http:\/\/hallbartbyggande.com\/nordomatic\/?page_id=2"},"modified":"2014-08-18T14:05:46","modified_gmt":"2014-08-18T12:05:46","slug":"nordomatic","status":"publish","type":"page","link":"https:\/\/hallbartbyggande.com\/nordomatic\/","title":{"rendered":"Om Nordomatic"},"content":{"rendered":"<p><strong>Vi \u00e4r Sveriges st\u00f6rsta oberoende specialist inom milj\u00f6smart fastighetsautomation och jobbar med de mest framg\u00e5ngsrika och kr\u00e4vande fastighets\u00e4garna i Sverige.<\/strong><\/p>\n<p>Vi har sedan starten 1967 arbetat med att utveckla processer och metoder inom IT och milj\u00f6 i syfte att optimera och minska fastigheters energif\u00f6rbrukning och d\u00e4rmed spara p\u00e5 milj\u00f6n. Vi \u00e4r leverant\u00f6rsoberoende och kan d\u00e4rf\u00f6r v\u00e4lja de fr\u00e4msta komponenterna och de vassaste systemen till v\u00e5ra kr\u00e4vande kunder.<\/p>\n<p>Bost\u00e4der och kontorsfastigheter st\u00e5r f\u00f6r den enskilt st\u00f6rsta energif\u00f6rbrukningen idag, vilket b\u00e4ddar f\u00f6r att v\u00e5ra insatser kommer att vara efterfr\u00e5gade en l\u00e5ng tid fram\u00f6ver. Exempel p\u00e5 ett projekt i teknikens framkant \u00e4r Tele2 Arena, d\u00e4r Nordomatic levererade automation och styrsystem.<\/p>\n<p><strong>Vi arbetar med och inom f\u00f6ljande omr\u00e5den:<\/strong><\/p>\n[checklist icon=&#8221;star&#8221; iconcolor=&#8221;dark&#8221; circle=&#8221;no&#8221;]\n<ul>\n<li>Styr- och reglersystem<\/li>\n<li>SCADA- l\u00f6sningar<\/li>\n<li>Service<\/li>\n<li>Funktions\u00e5taganden<\/li>\n<li>Energioptimeringar<\/li>\n<li>Drift, underh\u00e5lls och \u00f6vervakningsuppdrag<\/li>\n<li>Utbildning<\/li>\n<\/ul>\n[\/checklist]\n<p>Vi finns p\u00e5 10 orter runt om i landet, med huvudkontoret i Stockholm: S\u00f6dert\u00e4lje, Uppsala, Bor\u00e5s, Norrk\u00f6ping, Link\u00f6ping, J\u00f6nk\u00f6ping, Kalmar, V\u00e4xj\u00f6 och Malm\u00f6.<\/p>\n","protected":false},"excerpt":{"rendered":"<p>Vi \u00e4r Sveriges st\u00f6rsta oberoende specialist inom milj\u00f6smart fastighetsautomation och jobbar med de mest framg\u00e5ngsrika och kr\u00e4vande fastighets\u00e4garna i Sverige. Vi har sedan starten 1967 arbetat med att utveckla processer och metoder inom IT och milj\u00f6 i syfte att optimera och minska fastigheters energif\u00f6rbrukning och d\u00e4rmed spara p\u00e5 milj\u00f6n. Vi \u00e4r leverant\u00f6rsoberoende och kan d\u00e4rf\u00f6r &#8230;<\/p>\n","protected":false},"author":15,"featured_media":0,"parent":0,"menu_order":0,"comment_status":"open","ping_status":"open","template":"","meta":{"_monsterinsights_skip_tracking":false,"_monsterinsights_sitenote_active":false,"_monsterinsights_sitenote_note":"","_monsterinsights_sitenote_category":0,"_links_to":"","_links_to_target":""},"_links":{"self":[{"href":"https:\/\/hallbartbyggande.com\/nordomatic\/wp-json\/wp\/v2\/pages\/2"}],"collection":[{"href":"https:\/\/hallbartbyggande.com\/nordomatic\/wp-json\/wp\/v2\/pages"}],"about":[{"href":"https:\/\/hallbartbyggande.com\/nordomatic\/wp-json\/wp\/v2\/types\/page"}],"author":[{"embeddable":true,"href":"https:\/\/hallbartbyggande.com\/nordomatic\/wp-json\/wp\/v2\/users\/15"}],"replies":[{"embeddable":true,"href":"https:\/\/hallbartbyggande.com\/nordomatic\/wp-json\/wp\/v2\/comments?post=2"}],"version-history":[{"count":11,"href":"https:\/\/hallbartbyggande.com\/nordomatic\/wp-json\/wp\/v2\/pages\/2\/revisions"}],"predecessor-version":[{"id":45,"href":"https:\/\/hallbartbyggande.com\/nordomatic\/wp-json\/wp\/v2\/pages\/2\/revisions\/45"}],"wp:attachment":[{"href":"https:\/\/hallbartbyggande.com\/nordomatic\/wp-json\/wp\/v2\/media?parent=2"}],"curies":[{"name":"wp","href":"https:\/\/api.w.org\/{rel}","templated":true}]}}