										  
											  
											 {"id":2,"date":"2014-05-22T12:54:19","date_gmt":"2014-05-22T12:54:19","guid":{"rendered":"http:\/\/hallbartbyggande.com\/nibe\/?page_id=2"},"modified":"2019-09-26T15:03:05","modified_gmt":"2019-09-26T13:03:05","slug":"om-nibe-energy-systems","status":"publish","type":"page","link":"https:\/\/hallbartbyggande.com\/nibe\/om-nibe-energy-systems\/","title":{"rendered":"Om Nibe Energy Systems"},"content":{"rendered":"<p><strong>NIBE Energy Systems<\/strong> \u00e4r Nordens st\u00f6rsta tillverkare av energiprodukter f\u00f6r villor och fastigheter och har en marknadsledande position i norra Europa inom huvudomr\u00e5dena v\u00e4rmepumpar och varmvattenberedare. V\u00e5r mission \u00e4r att skapa en mer h\u00e5llbar framtid genom att h\u00e4mta energi fr\u00e5n naturen. Med produkter designade och tillverkade i sm\u00e5l\u00e4ndska Markaryd, skapas kyla, v\u00e4rme, ventilation och varmvatten \u2013 med minimal p\u00e5verkan p\u00e5 milj\u00f6n. Sortimentet har successivt utvecklats fr\u00e5n enklare produkter f\u00f6r uppv\u00e4rmning till helhetsl\u00f6sningar f\u00f6r v\u00e4rme, varmvatten, ventilation, kyla. V\u00e4lkommen till v\u00e5r v\u00e4rld av inomhuskomfort.<\/p>\n","protected":false},"excerpt":{"rendered":"<p>NIBE Energy Systems \u00e4r Nordens st\u00f6rsta tillverkare av energiprodukter f\u00f6r villor och fastigheter och har en marknadsledande position i norra Europa inom huvudomr\u00e5dena v\u00e4rmepumpar och varmvattenberedare. V\u00e5r mission \u00e4r att skapa en mer h\u00e5llbar framtid genom att h\u00e4mta energi fr\u00e5n naturen. Med produkter designade och tillverkade i sm\u00e5l\u00e4ndska Markaryd, skapas kyla, v\u00e4rme, ventilation och varmvatten &#8230;<\/p>\n","protected":false},"author":22,"featured_media":0,"parent":0,"menu_order":0,"comment_status":"open","ping_status":"open","template":"","meta":{"_monsterinsights_skip_tracking":false,"_monsterinsights_sitenote_active":false,"_monsterinsights_sitenote_note":"","_monsterinsights_sitenote_category":0,"_links_to":"","_links_to_target":""},"_links":{"self":[{"href":"https:\/\/hallbartbyggande.com\/nibe\/wp-json\/wp\/v2\/pages\/2"}],"collection":[{"href":"https:\/\/hallbartbyggande.com\/nibe\/wp-json\/wp\/v2\/pages"}],"about":[{"href":"https:\/\/hallbartbyggande.com\/nibe\/wp-json\/wp\/v2\/types\/page"}],"author":[{"embeddable":true,"href":"https:\/\/hallbartbyggande.com\/nibe\/wp-json\/wp\/v2\/users\/22"}],"replies":[{"embeddable":true,"href":"https:\/\/hallbartbyggande.com\/nibe\/wp-json\/wp\/v2\/comments?post=2"}],"version-history":[{"count":2,"href":"https:\/\/hallbartbyggande.com\/nibe\/wp-json\/wp\/v2\/pages\/2\/revisions"}],"predecessor-version":[{"id":30,"href":"https:\/\/hallbartbyggande.com\/nibe\/wp-json\/wp\/v2\/pages\/2\/revisions\/30"}],"wp:attachment":[{"href":"https:\/\/hallbartbyggande.com\/nibe\/wp-json\/wp\/v2\/media?parent=2"}],"curies":[{"name":"wp","href":"https:\/\/api.w.org\/{rel}","templated":true}]}}