										  
											  
											 {"id":20,"date":"2014-01-30T14:06:38","date_gmt":"2014-01-30T13:06:38","guid":{"rendered":"http:\/\/hallbartbyggande.com\/modity\/?page_id=20"},"modified":"2014-01-30T14:25:22","modified_gmt":"2014-01-30T13:25:22","slug":"om-modity","status":"publish","type":"page","link":"https:\/\/hallbartbyggande.com\/modity\/om-modity\/","title":{"rendered":"Om Modity"},"content":{"rendered":"<h2>Modity \u00e4r ett av Sveriges st\u00f6rsta energihandelsbolag.<\/h2>\n<p>Vi \u00e4r ett nytt bolag med en l\u00e5ng historia. Bolaget startade 2010; sprungna ur Kraftringen Energi AB, d\u00e5varande Lunds Energikoncernen, och \u00d6resundskraft. V\u00e5rt kontor ligger i Lund.<\/p>\n<p>V\u00e5ra kunder \u00e4r energibolag, elproducenter samt f\u00f6retag med h\u00f6g energif\u00f6rbrukning. Vi hanterar ink\u00f6p av b\u00e5de el och gas med direktaccess till marknaden och vi kan ta hand om v\u00e5ra kunders hela nordiska behov. Vi hanterar \u00e4ven balansansvar f\u00f6r v\u00e5ra energibolagskunder och \u00e4r sk.shippers p\u00e5 gas. Modity erbjuder portf\u00f6ljf\u00f6rvaltning och analys med flexibla produkter och priss\u00e4ttningsmodeller och v\u00e5r starka kompetens och personliga r\u00e5dgivning g\u00f6r att ni kan ta snabba och v\u00e4lgrundade beslut.<\/p>\n","protected":false},"excerpt":{"rendered":"<p>Modity \u00e4r ett av Sveriges st\u00f6rsta energihandelsbolag. Vi \u00e4r ett nytt bolag med en l\u00e5ng historia. Bolaget startade 2010; sprungna ur Kraftringen Energi AB, d\u00e5varande Lunds Energikoncernen, och \u00d6resundskraft. V\u00e5rt kontor ligger i Lund. V\u00e5ra kunder \u00e4r energibolag, elproducenter samt f\u00f6retag med h\u00f6g energif\u00f6rbrukning. Vi hanterar ink\u00f6p av b\u00e5de el och gas med direktaccess till &#8230;<\/p>\n","protected":false},"author":1,"featured_media":0,"parent":0,"menu_order":0,"comment_status":"open","ping_status":"open","template":"","meta":{"_monsterinsights_skip_tracking":false,"_monsterinsights_sitenote_active":false,"_monsterinsights_sitenote_note":"","_monsterinsights_sitenote_category":0,"_links_to":"","_links_to_target":""},"_links":{"self":[{"href":"https:\/\/hallbartbyggande.com\/modity\/wp-json\/wp\/v2\/pages\/20"}],"collection":[{"href":"https:\/\/hallbartbyggande.com\/modity\/wp-json\/wp\/v2\/pages"}],"about":[{"href":"https:\/\/hallbartbyggande.com\/modity\/wp-json\/wp\/v2\/types\/page"}],"author":[{"embeddable":true,"href":"https:\/\/hallbartbyggande.com\/modity\/wp-json\/wp\/v2\/users\/1"}],"replies":[{"embeddable":true,"href":"https:\/\/hallbartbyggande.com\/modity\/wp-json\/wp\/v2\/comments?post=20"}],"version-history":[{"count":4,"href":"https:\/\/hallbartbyggande.com\/modity\/wp-json\/wp\/v2\/pages\/20\/revisions"}],"predecessor-version":[{"id":43,"href":"https:\/\/hallbartbyggande.com\/modity\/wp-json\/wp\/v2\/pages\/20\/revisions\/43"}],"wp:attachment":[{"href":"https:\/\/hallbartbyggande.com\/modity\/wp-json\/wp\/v2\/media?parent=20"}],"curies":[{"name":"wp","href":"https:\/\/api.w.org\/{rel}","templated":true}]}}