										  
											  
											 {"id":2,"date":"2015-06-24T10:23:55","date_gmt":"2015-06-24T08:23:55","guid":{"rendered":"http:\/\/hallbartbyggande.com\/mitsubishielectric\/?page_id=2"},"modified":"2016-08-19T14:12:53","modified_gmt":"2016-08-19T12:12:53","slug":"om-mitsubishi-electric","status":"publish","type":"page","link":"https:\/\/hallbartbyggande.com\/mitsubishielectric\/om-mitsubishi-electric\/","title":{"rendered":"Om Mitsubishi Electric"},"content":{"rendered":"<h4><\/h4>\n<h4>Mitsubishi Electric \u00e4r idag ett av v\u00e4rldens ledande f\u00f6retag och finns representerat i alla v\u00e4rldsdelar. Expertis och kvalitet har gjort Mitsubishi Electric till ett f\u00f6retag att r\u00e4kna med p\u00e5 alla representerade produktomr\u00e5den.<\/h4>\n<p>Inom aff\u00e4rsomr\u00e5det klimatprodukter har vi marknadens bredaste sortiment p\u00e5 inomhusklimat d\u00e4r vi p\u00e5 Mitsubishi Electric har f\u00f6rb\u00e4ttrat v\u00e4rldens inomhusklimat i \u00f6ver 50 \u00e5r. Faktum \u00e4r att vi inom luftkonditionering \u00e4r ett av de ledande f\u00f6retagen i v\u00e4rlden, med en f\u00f6rs\u00e4ljning av omkring 15 miljoner aggregat per \u00e5r.<\/p>\n<p>I Norden har vi varit verksamma i \u00f6ver 30 \u00e5r. Idag \u00e4r vi ett 70-tal medarbetare och huvudkontoret ligger i Stockholm. Vidare har vi \u00e4ven s\u00e4ljkontor i G\u00f6teborg och Lund. Vi p\u00e5 Mitsubishi Electric Scandinavia ansvarar f\u00f6r f\u00f6rs\u00e4ljning och support av v\u00e5ra egna produkter i Sverige, Finland, Danmark och de Baltiska l\u00e4nderna.<\/p>\n<p>Mitsubishi Electric \u00e4r ett av de teknikledande f\u00f6retagen n\u00e4r det g\u00e4ller v\u00e4rmepumpar och luftkonditionering. Eftersom v\u00e5ra aggregat \u00e4r egentillverkade och att vi sj\u00e4lva tillverkar alla vitala komponenter, har vi stor m\u00f6jlighet att anpassa aggregaten till respektive marknad. Det inneb\u00e4r att alla v\u00e5ra v\u00e4rmepumpar och luftkonditioneringar \u00e4r anpassade f\u00f6r just v\u00e5rt nordiska klimat. Vi har ett av marknadens bredaste produktprogram med o\u00e4ndliga m\u00f6jligheter f\u00f6r att tillgodose just ditt behov p\u00e5 inomhusklimat.<\/p>\n<h2>MELPRO \u2013 Mitsubishi Electric Fastighetsavdelning<\/h2>\n<p>F\u00f6r att klara framtidens krav p\u00e5 l\u00e5g energif\u00f6rbrukning i byggnader kr\u00e4vs det att de system som installeras f\u00f6r v\u00e4rme och kyla idag \u00e4r flexibla n\u00e4r det g\u00e4ller att flytta och \u00e5tervinna energi. I 2015 startade d\u00e4rf\u00f6r Mitsubishi Electric en fastighetsavdelning, Mitsubishi Electric Professionals (MELPRO), vars fokusomr\u00e5de \u00e4r att hj\u00e4lpa framf\u00f6rallt fastighets\u00e4gare och VVS-konsulter att hitta helhetsl\u00f6sningar f\u00f6r energieffektiviseringar. Genom att effektivt anv\u00e4nda Mitsubishi Electric kvalitetsprodukter i r\u00e4tt designade system kan fastighets\u00e4gare effektivt \u00e5tervinna \u00f6verskottet fr\u00e5n olika kyl- och v\u00e4rmesystem. Till exempel har ett flertal gymanl\u00e4ggningar CityMulti-system, d\u00e4r \u00f6verskottet fr\u00e5n kylningen i spinningsalen anv\u00e4nds till att producera duschvatten till de svettiga cyklisterna<\/p>\n<p><strong>L\u00e4s mer:<\/strong> <a href=\"https:\/\/mitsubishi-aircon.se\/melpro\/\" target=\"_blank\">https:\/\/mitsubishi-aircon.se\/melpro\/<\/a><\/p>\n","protected":false},"excerpt":{"rendered":"<p>Mitsubishi Electric \u00e4r idag ett av v\u00e4rldens ledande f\u00f6retag och finns representerat i alla v\u00e4rldsdelar. Expertis och kvalitet har gjort Mitsubishi Electric till ett f\u00f6retag att r\u00e4kna med p\u00e5 alla representerade produktomr\u00e5den. Inom aff\u00e4rsomr\u00e5det klimatprodukter har vi marknadens bredaste sortiment p\u00e5 inomhusklimat d\u00e4r vi p\u00e5 Mitsubishi Electric har f\u00f6rb\u00e4ttrat v\u00e4rldens inomhusklimat i \u00f6ver 50 \u00e5r. &#8230;<\/p>\n","protected":false},"author":88,"featured_media":0,"parent":0,"menu_order":0,"comment_status":"open","ping_status":"open","template":"","meta":{"_monsterinsights_skip_tracking":false,"_monsterinsights_sitenote_active":false,"_monsterinsights_sitenote_note":"","_monsterinsights_sitenote_category":0,"_links_to":"","_links_to_target":""},"_links":{"self":[{"href":"https:\/\/hallbartbyggande.com\/mitsubishielectric\/wp-json\/wp\/v2\/pages\/2"}],"collection":[{"href":"https:\/\/hallbartbyggande.com\/mitsubishielectric\/wp-json\/wp\/v2\/pages"}],"about":[{"href":"https:\/\/hallbartbyggande.com\/mitsubishielectric\/wp-json\/wp\/v2\/types\/page"}],"author":[{"embeddable":true,"href":"https:\/\/hallbartbyggande.com\/mitsubishielectric\/wp-json\/wp\/v2\/users\/88"}],"replies":[{"embeddable":true,"href":"https:\/\/hallbartbyggande.com\/mitsubishielectric\/wp-json\/wp\/v2\/comments?post=2"}],"version-history":[{"count":3,"href":"https:\/\/hallbartbyggande.com\/mitsubishielectric\/wp-json\/wp\/v2\/pages\/2\/revisions"}],"predecessor-version":[{"id":76,"href":"https:\/\/hallbartbyggande.com\/mitsubishielectric\/wp-json\/wp\/v2\/pages\/2\/revisions\/76"}],"wp:attachment":[{"href":"https:\/\/hallbartbyggande.com\/mitsubishielectric\/wp-json\/wp\/v2\/media?parent=2"}],"curies":[{"name":"wp","href":"https:\/\/api.w.org\/{rel}","templated":true}]}}