										  
											  
											 {"id":2,"date":"2015-02-17T09:28:45","date_gmt":"2015-02-17T09:28:45","guid":{"rendered":"http:\/\/hallbartbyggande.com\/martinsons\/?page_id=2"},"modified":"2016-01-08T08:01:37","modified_gmt":"2016-01-08T08:01:37","slug":"om-martinsons","status":"publish","type":"page","link":"https:\/\/hallbartbyggande.com\/martinsons\/om-martinsons\/","title":{"rendered":"Om Martinsons"},"content":{"rendered":"<h3 class=\"newsroom-list-header\">Martinsons \u2013 en naturlig del av framtiden<\/h3>\n<p>Martinsons utvecklar produkter som har skapat ett \u00f6kande intresse f\u00f6r tr\u00e4 som byggnadsmaterial. Det handlar om allt ifr\u00e5n s\u00e5gade tr\u00e4varor och limtr\u00e4, till tr\u00e4broar och byggsystem i tr\u00e4 f\u00f6r hallar och flerbostadshus. Genom att ta tillvara r\u00e5varan fr\u00e5n de norrl\u00e4ndska skogarnas kretslopp har Martinsons dessutom f\u00e5tt en viktig roll inom byggandet av det moderna, h\u00e5llbara samh\u00e4llet. Som en naturlig del av framtiden.<\/p>\n","protected":false},"excerpt":{"rendered":"<p>Martinsons \u2013 en naturlig del av framtiden Martinsons utvecklar produkter som har skapat ett \u00f6kande intresse f\u00f6r tr\u00e4 som byggnadsmaterial. Det handlar om allt ifr\u00e5n s\u00e5gade tr\u00e4varor och limtr\u00e4, till tr\u00e4broar och byggsystem i tr\u00e4 f\u00f6r hallar och flerbostadshus. Genom att ta tillvara r\u00e5varan fr\u00e5n de norrl\u00e4ndska skogarnas kretslopp har Martinsons dessutom f\u00e5tt en viktig &#8230;<\/p>\n","protected":false},"author":70,"featured_media":0,"parent":0,"menu_order":0,"comment_status":"open","ping_status":"open","template":"","meta":{"_monsterinsights_skip_tracking":false,"_monsterinsights_sitenote_active":false,"_monsterinsights_sitenote_note":"","_monsterinsights_sitenote_category":0,"_links_to":"","_links_to_target":""},"_links":{"self":[{"href":"https:\/\/hallbartbyggande.com\/martinsons\/wp-json\/wp\/v2\/pages\/2"}],"collection":[{"href":"https:\/\/hallbartbyggande.com\/martinsons\/wp-json\/wp\/v2\/pages"}],"about":[{"href":"https:\/\/hallbartbyggande.com\/martinsons\/wp-json\/wp\/v2\/types\/page"}],"author":[{"embeddable":true,"href":"https:\/\/hallbartbyggande.com\/martinsons\/wp-json\/wp\/v2\/users\/70"}],"replies":[{"embeddable":true,"href":"https:\/\/hallbartbyggande.com\/martinsons\/wp-json\/wp\/v2\/comments?post=2"}],"version-history":[{"count":2,"href":"https:\/\/hallbartbyggande.com\/martinsons\/wp-json\/wp\/v2\/pages\/2\/revisions"}],"predecessor-version":[{"id":17,"href":"https:\/\/hallbartbyggande.com\/martinsons\/wp-json\/wp\/v2\/pages\/2\/revisions\/17"}],"wp:attachment":[{"href":"https:\/\/hallbartbyggande.com\/martinsons\/wp-json\/wp\/v2\/media?parent=2"}],"curies":[{"name":"wp","href":"https:\/\/api.w.org\/{rel}","templated":true}]}}