										  
											  
											 {"id":10,"date":"2015-02-17T09:40:40","date_gmt":"2015-02-17T09:40:40","guid":{"rendered":"http:\/\/hallbartbyggande.com\/martinsons\/?page_id=10"},"modified":"2016-01-08T08:05:49","modified_gmt":"2016-01-08T08:05:49","slug":"kontakt","status":"publish","type":"page","link":"https:\/\/hallbartbyggande.com\/martinsons\/kontakt\/","title":{"rendered":"Kontakt"},"content":{"rendered":"<h2>Martinsons<\/h2>\n<p>Huvudkontor<br \/>\nBurtr\u00e4skv\u00e4gen 53<br \/>\nS-937 80 BYGDSILJUM<br \/>\n<strong>V\u00e4xel:<\/strong> +46 914 207 00<br \/>\n<strong>E-post:<\/strong> info@martinsons.se<\/p>\n<p><strong>Webb:<\/strong>\u00a0<a href=\"http:\/\/www.martinsons.se\/\" target=\"_blank\">www.martinsons.se<\/a><\/p>\n","protected":false},"excerpt":{"rendered":"<p>Martinsons Huvudkontor Burtr\u00e4skv\u00e4gen 53 S-937 80 BYGDSILJUM V\u00e4xel: +46 914 207 00 E-post: info@martinsons.se Webb:\u00a0www.martinsons.se<\/p>\n","protected":false},"author":1,"featured_media":0,"parent":0,"menu_order":0,"comment_status":"open","ping_status":"open","template":"","meta":{"_monsterinsights_skip_tracking":false,"_monsterinsights_sitenote_active":false,"_monsterinsights_sitenote_note":"","_monsterinsights_sitenote_category":0,"_links_to":"","_links_to_target":""},"_links":{"self":[{"href":"https:\/\/hallbartbyggande.com\/martinsons\/wp-json\/wp\/v2\/pages\/10"}],"collection":[{"href":"https:\/\/hallbartbyggande.com\/martinsons\/wp-json\/wp\/v2\/pages"}],"about":[{"href":"https:\/\/hallbartbyggande.com\/martinsons\/wp-json\/wp\/v2\/types\/page"}],"author":[{"embeddable":true,"href":"https:\/\/hallbartbyggande.com\/martinsons\/wp-json\/wp\/v2\/users\/1"}],"replies":[{"embeddable":true,"href":"https:\/\/hallbartbyggande.com\/martinsons\/wp-json\/wp\/v2\/comments?post=10"}],"version-history":[{"count":3,"href":"https:\/\/hallbartbyggande.com\/martinsons\/wp-json\/wp\/v2\/pages\/10\/revisions"}],"predecessor-version":[{"id":19,"href":"https:\/\/hallbartbyggande.com\/martinsons\/wp-json\/wp\/v2\/pages\/10\/revisions\/19"}],"wp:attachment":[{"href":"https:\/\/hallbartbyggande.com\/martinsons\/wp-json\/wp\/v2\/media?parent=10"}],"curies":[{"name":"wp","href":"https:\/\/api.w.org\/{rel}","templated":true}]}}