										  
											  
											 {"id":7,"date":"2014-09-24T15:24:52","date_gmt":"2014-09-24T13:24:52","guid":{"rendered":"http:\/\/hallbartbyggande.com\/ljuskontroll\/?page_id=7"},"modified":"2014-10-02T13:31:37","modified_gmt":"2014-10-02T11:31:37","slug":"kontakt","status":"publish","type":"page","link":"https:\/\/hallbartbyggande.com\/ljuskontroll\/kontakt\/","title":{"rendered":"Kontakt"},"content":{"rendered":"<h4><strong>Huvudv\u00e4xel<\/strong><\/h4>\n<p><img decoding=\"async\" loading=\"lazy\" src=\"http:\/\/www.ljuskontroll.com\/images\/elements\/phone_icon.gif\" alt=\"\" width=\"16\" height=\"11\" \/>\u00a0+46 152 91000<\/p>\n<hr \/>\n<p><strong>\u00d6ppettider<\/strong><\/p>\n<p>M\u00e5-To 0800-1700<br \/>\nFr 0800-1500<br \/>\nLunchst\u00e4ngt alla dagar 12-13<\/p>\n<h4><strong>Kundtj\u00e4nst<\/strong><\/h4>\n<hr \/>\n<p><strong>Order\u00a0&amp; leveransbesked<\/strong><\/p>\n<p><img decoding=\"async\" loading=\"lazy\" src=\"http:\/\/www.ljuskontroll.com\/images\/elements\/phone_icon.gif\" alt=\"\" width=\"16\" height=\"11\" \/>\u00a0+46 152 91001<\/p>\n<p><strong>Fax<\/strong> +46 152 91078<\/p>\n<p><img decoding=\"async\" loading=\"lazy\" src=\"http:\/\/www.ljuskontroll.com\/images\/elements\/email_icon.gif\" alt=\"\" width=\"12\" height=\"10\" \/>\u00a0info@ljuskontroll.com<\/p>\n<h4><strong>Teknisk support<\/strong><\/h4>\n<hr \/>\n<p><strong>Teknik- &amp; produktrelaterade fr\u00e5gor samt garanti\u00e4renden<\/strong><\/p>\n<p><img decoding=\"async\" loading=\"lazy\" src=\"http:\/\/www.ljuskontroll.com\/images\/elements\/phone_icon.gif\" alt=\"\" width=\"16\" height=\"11\" \/>\u00a0+46 152 91120<\/p>\n<p><strong>Fax<\/strong>\u00a0 +46 152 91078<\/p>\n<p><img decoding=\"async\" loading=\"lazy\" src=\"http:\/\/www.ljuskontroll.com\/images\/elements\/email_icon.gif\" alt=\"\" width=\"12\" height=\"10\" \/>\u00a0support@ljuskontroll.com<\/p>\n","protected":false},"excerpt":{"rendered":"<p>Huvudv\u00e4xel \u00a0+46 152 91000 \u00d6ppettider M\u00e5-To 0800-1700 Fr 0800-1500 Lunchst\u00e4ngt alla dagar 12-13 Kundtj\u00e4nst Order\u00a0&amp; leveransbesked \u00a0+46 152 91001 Fax +46 152 91078 \u00a0info@ljuskontroll.com Teknisk support Teknik- &amp; produktrelaterade fr\u00e5gor samt garanti\u00e4renden \u00a0+46 152 91120 Fax\u00a0 +46 152 91078 \u00a0support@ljuskontroll.com<\/p>\n","protected":false},"author":1,"featured_media":0,"parent":0,"menu_order":0,"comment_status":"open","ping_status":"open","template":"","meta":{"_monsterinsights_skip_tracking":false,"_monsterinsights_sitenote_active":false,"_monsterinsights_sitenote_note":"","_monsterinsights_sitenote_category":0,"_links_to":"","_links_to_target":""},"_links":{"self":[{"href":"https:\/\/hallbartbyggande.com\/ljuskontroll\/wp-json\/wp\/v2\/pages\/7"}],"collection":[{"href":"https:\/\/hallbartbyggande.com\/ljuskontroll\/wp-json\/wp\/v2\/pages"}],"about":[{"href":"https:\/\/hallbartbyggande.com\/ljuskontroll\/wp-json\/wp\/v2\/types\/page"}],"author":[{"embeddable":true,"href":"https:\/\/hallbartbyggande.com\/ljuskontroll\/wp-json\/wp\/v2\/users\/1"}],"replies":[{"embeddable":true,"href":"https:\/\/hallbartbyggande.com\/ljuskontroll\/wp-json\/wp\/v2\/comments?post=7"}],"version-history":[{"count":9,"href":"https:\/\/hallbartbyggande.com\/ljuskontroll\/wp-json\/wp\/v2\/pages\/7\/revisions"}],"predecessor-version":[{"id":37,"href":"https:\/\/hallbartbyggande.com\/ljuskontroll\/wp-json\/wp\/v2\/pages\/7\/revisions\/37"}],"wp:attachment":[{"href":"https:\/\/hallbartbyggande.com\/ljuskontroll\/wp-json\/wp\/v2\/media?parent=7"}],"curies":[{"name":"wp","href":"https:\/\/api.w.org\/{rel}","templated":true}]}}