										  
											  
											 {"id":2,"date":"2014-09-24T11:57:41","date_gmt":"2014-09-24T11:57:41","guid":{"rendered":"http:\/\/hallbartbyggande.com\/ljuskontroll\/?page_id=2"},"modified":"2014-10-02T14:03:51","modified_gmt":"2014-10-02T12:03:51","slug":"om-wennerstroms-ljuskontroll","status":"publish","type":"page","link":"https:\/\/hallbartbyggande.com\/ljuskontroll\/om-wennerstroms-ljuskontroll\/","title":{"rendered":"\u00d6ver 40 \u00e5r i ljusets tj\u00e4nst"},"content":{"rendered":"<h4>Wennerstr\u00f6m Ljuskontroll AB grundades redan 1970 som ett handelsbolag under namnet Wennerstr\u00f6m &amp; Co. Idag, \u00f6ver 40 \u00e5r senare, \u00e4r vi ett familje\u00e4gt specialistf\u00f6retag med sexton medarbetare.<\/h4>\n<p>&nbsp;<\/p>\n<p>V\u00e5r f\u00f6rs\u00e4ljning uppg\u00e5r till &gt;200 MSek varav den samlade agenturf\u00f6rs\u00e4ljningen med direktleveranser och fakturering fr\u00e5n respektive tillverkare utg\u00f6r ca 75 procent. Bolagets exportverksamhet utg\u00f6r 10 % av f\u00f6rs\u00e4ljningen. V\u00e5ra kunder best\u00e5r huvudsakligen av tillverkare av belysningsarmaturer, elgrossister, elinstallat\u00f6rer samt fastighets\u00e4gare och skyltindustrin. V\u00e5ra l\u00f6sningar och produkter \u00e4r ofta f\u00f6reskrivna av landets ledande elkonsulter och ljusplanerare.<\/p>\n<p>Fr\u00e5n v\u00e5ra kontor i Str\u00e4ngn\u00e4s, Stockholm och J\u00f6nk\u00f6ping och med v\u00e5rt effektiva servicelager i Rosersberg betj\u00e4nar vi snabbt kunderna i Sverige, Finland &amp; Baltikum. Wennerstr\u00f6m Ljuskontroll AB \u00e4r medlem i branschorganisationen Ljuskultur och deltar aktivt i debatten om milj\u00f6p\u00e5verkan och energieffektivisering. Vi f\u00f6ljer och p\u00e5verkar den snabba tekniska utvecklingen i belysningsbranschen, d\u00e4r nya energieffektiva ljusk\u00e4llor samt energibesparande applikationer introduceras i snabb takt.<\/p>\n<p><strong>V\u00e4lg\u00f6renhet &amp; ideell verksamhet<\/strong><\/p>\n<p>Bolaget har under m\u00e5nga \u00e5r haft god tillv\u00e4xt och l\u00f6nsamhet och Wennerstr\u00f6m Ljuskontroll AB har idag h\u00f6gsta betyg g\u00e4llande kreditv\u00e4rdighet. Vinstmedel \u00e5terinvesteras i huvudsak i fortsatt organisk tillv\u00e4xt. Med personalens fulla st\u00f6d har bolaget d\u00e4rut\u00f6ver tagit initiativ till grundandet och finansieringen av ett Medical Center i en by med ca 200 inv\u00e5nare i bergstrakterna i Nepal. Vi bidrar \u00e4ven till ambulansdonationer i olika utsatta delar av v\u00e4rlden.<\/p>\n","protected":false},"excerpt":{"rendered":"<p>Wennerstr\u00f6m Ljuskontroll AB grundades redan 1970 som ett handelsbolag under namnet Wennerstr\u00f6m &amp; Co. Idag, \u00f6ver 40 \u00e5r senare, \u00e4r vi ett familje\u00e4gt specialistf\u00f6retag med sexton medarbetare. &nbsp; V\u00e5r f\u00f6rs\u00e4ljning uppg\u00e5r till &gt;200 MSek varav den samlade agenturf\u00f6rs\u00e4ljningen med direktleveranser och fakturering fr\u00e5n respektive tillverkare utg\u00f6r ca 75 procent. Bolagets exportverksamhet utg\u00f6r 10 % av &#8230;<\/p>\n","protected":false},"author":39,"featured_media":0,"parent":0,"menu_order":0,"comment_status":"open","ping_status":"open","template":"","meta":{"_monsterinsights_skip_tracking":false,"_monsterinsights_sitenote_active":false,"_monsterinsights_sitenote_note":"","_monsterinsights_sitenote_category":0,"_links_to":"","_links_to_target":""},"_links":{"self":[{"href":"https:\/\/hallbartbyggande.com\/ljuskontroll\/wp-json\/wp\/v2\/pages\/2"}],"collection":[{"href":"https:\/\/hallbartbyggande.com\/ljuskontroll\/wp-json\/wp\/v2\/pages"}],"about":[{"href":"https:\/\/hallbartbyggande.com\/ljuskontroll\/wp-json\/wp\/v2\/types\/page"}],"author":[{"embeddable":true,"href":"https:\/\/hallbartbyggande.com\/ljuskontroll\/wp-json\/wp\/v2\/users\/39"}],"replies":[{"embeddable":true,"href":"https:\/\/hallbartbyggande.com\/ljuskontroll\/wp-json\/wp\/v2\/comments?post=2"}],"version-history":[{"count":6,"href":"https:\/\/hallbartbyggande.com\/ljuskontroll\/wp-json\/wp\/v2\/pages\/2\/revisions"}],"predecessor-version":[{"id":52,"href":"https:\/\/hallbartbyggande.com\/ljuskontroll\/wp-json\/wp\/v2\/pages\/2\/revisions\/52"}],"wp:attachment":[{"href":"https:\/\/hallbartbyggande.com\/ljuskontroll\/wp-json\/wp\/v2\/media?parent=2"}],"curies":[{"name":"wp","href":"https:\/\/api.w.org\/{rel}","templated":true}]}}