										  
											  
											 {"id":2,"date":"2018-11-22T11:53:50","date_gmt":"2018-11-22T10:53:50","guid":{"rendered":"https:\/\/hallbartbyggande.com\/leadinglight\/?page_id=2"},"modified":"2018-11-22T11:58:03","modified_gmt":"2018-11-22T10:58:03","slug":"om-leadinglight","status":"publish","type":"page","link":"https:\/\/hallbartbyggande.com\/leadinglight\/om-leadinglight\/","title":{"rendered":"Om Leadinglight"},"content":{"rendered":"<p>Sedan starten 2008 <span class=\"gmail-fontstyle0\">har Leading Light etablerat sig som den ledande leverant\u00f6ren av smarta h\u00e5llbara belysningssystem. Vi utvecklar, tillverkar och s\u00e4ljer LED-armaturer i v\u00e4rldsklass med smart styrning samt soldriven belysning. Produkterna finns idag installerade p\u00e5 v\u00e4gar, GC-v\u00e4gar, parker, parkeringsplatser, fastigheter, v\u00e4gf\u00f6reningar och sj\u00f6farten i Sverige, Norge, Danmark och Finland.\u00a0 Av Sveriges 290 kommuner \u00e4r \u00f6ver 100 kunder till Leading Light. <\/span><\/p>\n","protected":false},"excerpt":{"rendered":"<p>Sedan starten 2008 har Leading Light etablerat sig som den ledande leverant\u00f6ren av smarta h\u00e5llbara belysningssystem. Vi utvecklar, tillverkar och s\u00e4ljer LED-armaturer i v\u00e4rldsklass med smart styrning samt soldriven belysning. Produkterna finns idag installerade p\u00e5 v\u00e4gar, GC-v\u00e4gar, parker, parkeringsplatser, fastigheter, v\u00e4gf\u00f6reningar och sj\u00f6farten i Sverige, Norge, Danmark och Finland.\u00a0 Av Sveriges 290 kommuner \u00e4r \u00f6ver &#8230;<\/p>\n","protected":false},"author":143,"featured_media":0,"parent":0,"menu_order":0,"comment_status":"closed","ping_status":"open","template":"","meta":{"_monsterinsights_skip_tracking":false,"_monsterinsights_sitenote_active":false,"_monsterinsights_sitenote_note":"","_monsterinsights_sitenote_category":0,"_links_to":"","_links_to_target":""},"_links":{"self":[{"href":"https:\/\/hallbartbyggande.com\/leadinglight\/wp-json\/wp\/v2\/pages\/2"}],"collection":[{"href":"https:\/\/hallbartbyggande.com\/leadinglight\/wp-json\/wp\/v2\/pages"}],"about":[{"href":"https:\/\/hallbartbyggande.com\/leadinglight\/wp-json\/wp\/v2\/types\/page"}],"author":[{"embeddable":true,"href":"https:\/\/hallbartbyggande.com\/leadinglight\/wp-json\/wp\/v2\/users\/143"}],"replies":[{"embeddable":true,"href":"https:\/\/hallbartbyggande.com\/leadinglight\/wp-json\/wp\/v2\/comments?post=2"}],"version-history":[{"count":2,"href":"https:\/\/hallbartbyggande.com\/leadinglight\/wp-json\/wp\/v2\/pages\/2\/revisions"}],"predecessor-version":[{"id":6,"href":"https:\/\/hallbartbyggande.com\/leadinglight\/wp-json\/wp\/v2\/pages\/2\/revisions\/6"}],"wp:attachment":[{"href":"https:\/\/hallbartbyggande.com\/leadinglight\/wp-json\/wp\/v2\/media?parent=2"}],"curies":[{"name":"wp","href":"https:\/\/api.w.org\/{rel}","templated":true}]}}