										  
											  
											 {"id":2,"date":"2014-04-28T08:21:13","date_gmt":"2014-04-28T08:21:13","guid":{"rendered":"http:\/\/hallbartbyggande.com\/kebony\/?page_id=2"},"modified":"2015-11-12T09:18:07","modified_gmt":"2015-11-12T08:18:07","slug":"om-kebony","status":"publish","type":"page","link":"https:\/\/hallbartbyggande.com\/kebony\/om-kebony\/","title":{"rendered":"Om Kebony"},"content":{"rendered":"<h3>Kebony \u00e4r det enda h\u00e5llbara alternativet till tropiskt tr\u00e4 n\u00e4r estetik och prestanda \u00e4r viktigt.<\/h3>\n<p>Kebony\u00ae-tekniken \u00e4r en milj\u00f6v\u00e4nlig patenterad process utvecklad i Norge. En biobaserad v\u00e4tska ger tr\u00e4ets cellstruktur en permanent f\u00f6r\u00e4ndring och det fr\u00e4msta k\u00e4nnetecknet \u00e4r en djup och fyllig brun f\u00e4rg.<\/p>\n<p>Kebony passar interi\u00f6rt och exteri\u00f6rt f\u00f6r applikationer som kr\u00e4ver h\u00f6g prestanda och bra estetik. Tr\u00e4et finns i clear (utan kvistar) och character (med kvistar). Allt tr\u00e4 fr\u00e5n Kebony erh\u00e5ller en silvergr\u00e5 patina efter expo nering av v\u00e4der och vind. Prestanda bibeh\u00e5lls, medan tr\u00e4et blir bara vackrare och vackrare.<\/p>\n<p>Med utm\u00e4rkelser som \u201cTechnology Pioneer 2014\u201d av World Economic Forum och fler poster p\u00e5 Global Cleantech 100, har Kebony anammats av ledande arkitekter och utvecklare internationellt och tillhandah\u00e5lls genom ett globalt f\u00f6rs\u00e4ljnings-och distributionsn\u00e4t.<\/p>\n","protected":false},"excerpt":{"rendered":"<p>Kebony \u00e4r det enda h\u00e5llbara alternativet till tropiskt tr\u00e4 n\u00e4r estetik och prestanda \u00e4r viktigt. Kebony\u00ae-tekniken \u00e4r en milj\u00f6v\u00e4nlig patenterad process utvecklad i Norge. En biobaserad v\u00e4tska ger tr\u00e4ets cellstruktur en permanent f\u00f6r\u00e4ndring och det fr\u00e4msta k\u00e4nnetecknet \u00e4r en djup och fyllig brun f\u00e4rg. Kebony passar interi\u00f6rt och exteri\u00f6rt f\u00f6r applikationer som kr\u00e4ver h\u00f6g prestanda &#8230;<\/p>\n","protected":false},"author":19,"featured_media":0,"parent":0,"menu_order":0,"comment_status":"open","ping_status":"open","template":"","meta":{"_monsterinsights_skip_tracking":false,"_monsterinsights_sitenote_active":false,"_monsterinsights_sitenote_note":"","_monsterinsights_sitenote_category":0,"_links_to":"","_links_to_target":""},"_links":{"self":[{"href":"https:\/\/hallbartbyggande.com\/kebony\/wp-json\/wp\/v2\/pages\/2"}],"collection":[{"href":"https:\/\/hallbartbyggande.com\/kebony\/wp-json\/wp\/v2\/pages"}],"about":[{"href":"https:\/\/hallbartbyggande.com\/kebony\/wp-json\/wp\/v2\/types\/page"}],"author":[{"embeddable":true,"href":"https:\/\/hallbartbyggande.com\/kebony\/wp-json\/wp\/v2\/users\/19"}],"replies":[{"embeddable":true,"href":"https:\/\/hallbartbyggande.com\/kebony\/wp-json\/wp\/v2\/comments?post=2"}],"version-history":[{"count":4,"href":"https:\/\/hallbartbyggande.com\/kebony\/wp-json\/wp\/v2\/pages\/2\/revisions"}],"predecessor-version":[{"id":56,"href":"https:\/\/hallbartbyggande.com\/kebony\/wp-json\/wp\/v2\/pages\/2\/revisions\/56"}],"wp:attachment":[{"href":"https:\/\/hallbartbyggande.com\/kebony\/wp-json\/wp\/v2\/media?parent=2"}],"curies":[{"name":"wp","href":"https:\/\/api.w.org\/{rel}","templated":true}]}}