										  
											  
											 {"id":21,"date":"2017-03-23T14:02:16","date_gmt":"2017-03-23T13:02:16","guid":{"rendered":"http:\/\/hallbartbyggande.com\/mondeverde\/?page_id=21"},"modified":"2025-10-17T10:29:40","modified_gmt":"2025-10-17T08:29:40","slug":"om-james-hardie","status":"publish","type":"page","link":"https:\/\/hallbartbyggande.com\/jameshardie\/om-james-hardie\/","title":{"rendered":"Om James Hardie"},"content":{"rendered":"<p>&nbsp;<\/p>\n<p><strong>James Hardie<\/strong> \u00e4r en internationell marknadsledare inom fasadl\u00f6sningar i fibercement och en p\u00e5litlig partner f\u00f6r b\u00e5de nybyggnation och renovering. V\u00e5ra fasadprodukter kombinerar styrka, brands\u00e4kerhet och kostnadseffektivitet med stilren design och stor flexibilitet.<\/p>\n<p>Med <strong>Hardie\u00ae fasadprodukter<\/strong> erbjuder vi slitstarka l\u00f6sningar som \u00e4r enkla att montera och kr\u00e4ver minimalt underh\u00e5ll. Produkterna har brandklass A2 och \u00e4r utvecklade f\u00f6r att ge l\u00e5ngvarigt skydd och estetik \u00e4ven i kr\u00e4vande klimat.<\/p>\n<p><strong>Hardie\u00ae fibercement<\/strong> \u00e4r ett l\u00e4tt men robust byggmaterial som varken krymper, sv\u00e4ller eller spricker \u00f6ver tid. Tack vare den h\u00f6ga motst\u00e5ndskraften mot v\u00e4der, vind och fukt \u00e4r Hardie fasadl\u00f6sningar det perfekta valet f\u00f6r projekt d\u00e4r b\u00e5de funktion och design \u00e4r avg\u00f6rande.<\/p>\n<p>Med James Hardie f\u00e5r du en h\u00e5llbar fasad som skyddar, inspirerar och h\u00e5ller \u00f6ver tid.<\/p>\n<p>F\u00f6r mer information bes\u00f6k v\u00e5r hemsida: <strong><span style=\"color: #0000ff;\"><a style=\"color: #0000ff;\" href=\"http:\/\/www.jameshardie.se\">www.jameshardie.se<\/a><\/span><\/strong><\/p>\n","protected":false},"excerpt":{"rendered":"<p>&nbsp; James Hardie \u00e4r en internationell marknadsledare inom fasadl\u00f6sningar i fibercement och en p\u00e5litlig partner f\u00f6r b\u00e5de nybyggnation och renovering. V\u00e5ra fasadprodukter kombinerar styrka, brands\u00e4kerhet och kostnadseffektivitet med stilren design och stor flexibilitet. Med Hardie\u00ae fasadprodukter erbjuder vi slitstarka l\u00f6sningar som \u00e4r enkla att montera och kr\u00e4ver minimalt underh\u00e5ll. Produkterna har brandklass A2 och \u00e4r &#8230;<\/p>\n","protected":false},"author":2,"featured_media":0,"parent":0,"menu_order":0,"comment_status":"closed","ping_status":"closed","template":"","meta":{"_monsterinsights_skip_tracking":false,"_monsterinsights_sitenote_active":false,"_monsterinsights_sitenote_note":"","_monsterinsights_sitenote_category":0,"_links_to":"","_links_to_target":""},"_links":{"self":[{"href":"https:\/\/hallbartbyggande.com\/jameshardie\/wp-json\/wp\/v2\/pages\/21"}],"collection":[{"href":"https:\/\/hallbartbyggande.com\/jameshardie\/wp-json\/wp\/v2\/pages"}],"about":[{"href":"https:\/\/hallbartbyggande.com\/jameshardie\/wp-json\/wp\/v2\/types\/page"}],"author":[{"embeddable":true,"href":"https:\/\/hallbartbyggande.com\/jameshardie\/wp-json\/wp\/v2\/users\/2"}],"replies":[{"embeddable":true,"href":"https:\/\/hallbartbyggande.com\/jameshardie\/wp-json\/wp\/v2\/comments?post=21"}],"version-history":[{"count":4,"href":"https:\/\/hallbartbyggande.com\/jameshardie\/wp-json\/wp\/v2\/pages\/21\/revisions"}],"predecessor-version":[{"id":179,"href":"https:\/\/hallbartbyggande.com\/jameshardie\/wp-json\/wp\/v2\/pages\/21\/revisions\/179"}],"wp:attachment":[{"href":"https:\/\/hallbartbyggande.com\/jameshardie\/wp-json\/wp\/v2\/media?parent=21"}],"curies":[{"name":"wp","href":"https:\/\/api.w.org\/{rel}","templated":true}]}}