										  
											  
											 {"id":21,"date":"2014-01-30T10:45:43","date_gmt":"2014-01-30T09:45:43","guid":{"rendered":"http:\/\/hallbartbyggande.com\/hydroware\/?page_id=21"},"modified":"2015-02-13T16:02:11","modified_gmt":"2015-02-13T15:02:11","slug":"om-hydroware","status":"publish","type":"page","link":"https:\/\/hallbartbyggande.com\/hydroware\/om-hydroware\/","title":{"rendered":"Om Hydroware"},"content":{"rendered":"<h2>Hydroware \u00e4r ett f\u00f6retag med unikt kunnande om Hydraulhissar<\/h2>\n<p>V\u00e5r aff\u00e4rsid\u00e9 \u00e4r att leverera produkter med minimal milj\u00f6belastning samt att s\u00e5 l\u00e5ngt m\u00f6jligt ta tillvara v\u00e4rdet i det befintliga. Slit och sl\u00e4ng \u00e4r inte v\u00e5r melodi. Vi bygger l\u00e5ngsiktiga kundrelationer genom att alltid str\u00e4va efter att leverera lite mer \u00e4n kunden f\u00f6rv\u00e4ntar sig.<\/p>\n<p>Hydroware v\u00e4nder sig i f\u00f6rsta hand till moderniseringsmarknaden d\u00e4r vi \u00e5teranv\u00e4nder det som g\u00e5r och allts\u00e5 inte byter ut material som \u00e4r intakt. Vi skall ocks\u00e5 anv\u00e4nda v\u00e5rt kunnande till att f\u00f6rsvara hydraulhissens position p\u00e5 vissa segment av nyinstallationsomr\u00e5det.<\/p>\n<p>V\u00e5ra kunder \u00e4r hissf\u00f6retag och v\u00e5ra produkter \u00e4r \u00f6ppna f\u00f6r hela marknaden s\u00e5 att fastighetsf\u00f6rvaltaren inte blir l\u00e5st till servicef\u00f6retagets produkter utan kan konkurrensuts\u00e4tta serviceavtalen.<\/p>\n","protected":false},"excerpt":{"rendered":"<p>Hydroware \u00e4r ett f\u00f6retag med unikt kunnande om Hydraulhissar V\u00e5r aff\u00e4rsid\u00e9 \u00e4r att leverera produkter med minimal milj\u00f6belastning samt att s\u00e5 l\u00e5ngt m\u00f6jligt ta tillvara v\u00e4rdet i det befintliga. Slit och sl\u00e4ng \u00e4r inte v\u00e5r melodi. Vi bygger l\u00e5ngsiktiga kundrelationer genom att alltid str\u00e4va efter att leverera lite mer \u00e4n kunden f\u00f6rv\u00e4ntar sig. Hydroware v\u00e4nder &#8230;<\/p>\n","protected":false},"author":1,"featured_media":0,"parent":0,"menu_order":0,"comment_status":"open","ping_status":"open","template":"","meta":{"_monsterinsights_skip_tracking":false,"_monsterinsights_sitenote_active":false,"_monsterinsights_sitenote_note":"","_monsterinsights_sitenote_category":0,"_links_to":"","_links_to_target":""},"_links":{"self":[{"href":"https:\/\/hallbartbyggande.com\/hydroware\/wp-json\/wp\/v2\/pages\/21"}],"collection":[{"href":"https:\/\/hallbartbyggande.com\/hydroware\/wp-json\/wp\/v2\/pages"}],"about":[{"href":"https:\/\/hallbartbyggande.com\/hydroware\/wp-json\/wp\/v2\/types\/page"}],"author":[{"embeddable":true,"href":"https:\/\/hallbartbyggande.com\/hydroware\/wp-json\/wp\/v2\/users\/1"}],"replies":[{"embeddable":true,"href":"https:\/\/hallbartbyggande.com\/hydroware\/wp-json\/wp\/v2\/comments?post=21"}],"version-history":[{"count":4,"href":"https:\/\/hallbartbyggande.com\/hydroware\/wp-json\/wp\/v2\/pages\/21\/revisions"}],"predecessor-version":[{"id":61,"href":"https:\/\/hallbartbyggande.com\/hydroware\/wp-json\/wp\/v2\/pages\/21\/revisions\/61"}],"wp:attachment":[{"href":"https:\/\/hallbartbyggande.com\/hydroware\/wp-json\/wp\/v2\/media?parent=21"}],"curies":[{"name":"wp","href":"https:\/\/api.w.org\/{rel}","templated":true}]}}