										  
											  
											 {"id":22,"date":"2014-02-10T17:05:03","date_gmt":"2014-02-10T16:05:03","guid":{"rendered":"http:\/\/hallbartbyggande.com\/enreduce\/?page_id=22"},"modified":"2026-04-04T23:05:22","modified_gmt":"2026-04-04T21:05:22","slug":"om-hunton","status":"publish","type":"page","link":"https:\/\/hallbartbyggande.com\/hunton\/om-hunton\/","title":{"rendered":"Om Hunton"},"content":{"rendered":"<p>Sedan 1889 har vi levererat marknadens b\u00e4sta tr\u00e4fiberprodukter f\u00f6r bygg och anl\u00e4ggning, och vi tror att anledningen \u00e4r enkel. Trots motg\u00e5ngar och konjunkturfall har vi hela tiden varit tvungna att t\u00e4nka nytt och anpassa v\u00e5ra produkter. Dessutom har vi haft ett gediget och l\u00e5ngsiktigt \u00e4garskap av Mowinckel, Treschow och d\u00e4refter familjen Jebsen, som inte bara har garanterat oss framg\u00e5ng, utan \u00e4ven stabilitet.<\/p>\n<p data-start=\"0\" data-end=\"45\">Tr\u00e4fiber anv\u00e4nds i fler byggnader \u00e4n du tror. Fr\u00e5n sm\u00e5hus till flerbostadshus och industribyggnader \u2013\u00a0<span style=\"color: #0000ff;\"><strong><a style=\"color: #0000ff;\" href=\"https:\/\/hunton.se\/produkter\/vagg\/hunton-nativo-trafiberisolering-skivor\/\">Hunton Nativo\u00aeTr\u00e4fiberisolering Skivor<\/a><\/strong><\/span>\u00a0och\u00a0<span style=\"color: #0000ff;\"><strong><a style=\"color: #0000ff;\" href=\"https:\/\/hunton.se\/produkter\/vagg\/hunton-nativo-trafiberisolering-losull\/\">L\u00f6sull<\/a><\/strong>\u00a0<\/span>anv\u00e4nds i moderna byggprojekt \u00f6ver hela Norden. Tillverkad av norsk granflis kombinerar isoleringen komfort med dokumenterad prestanda p\u00e5 klimatutsl\u00e4pp, ljudd\u00e4mpning och brandmotst\u00e5nd.<\/p>\n<ul>\n<li data-start=\"347\" data-end=\"597\"><strong>Klimatp\u00e5verkan<\/strong>\u00a0\u2013 l\u00e5g CO\u2082-profil genom hela livscykeln<\/li>\n<li data-start=\"347\" data-end=\"597\"><strong>Ljudisolering<\/strong>\u00a0\u2013 h\u00f6g naturlig densitet som d\u00e4mpar effektivt<\/li>\n<li data-start=\"347\" data-end=\"597\"><strong>Brandmotst\u00e5nd<\/strong>\u00a0\u2013 testad och dokumenterad prestanda<\/li>\n<\/ul>\n<p>Ett naturligt val f\u00f6r dig som vill bygga med omtanke om b\u00e5de m\u00e4nniskor och milj\u00f6.<\/p>\n<p>&nbsp;<\/p>\n<p class=\"lead\"><span style=\"font-size: 18pt;\"><strong>Historien om Hunton<\/strong><\/span><\/p>\n<p class=\"lead\">Historien bakom Huntons industriresa \u00e4r inte bara en ber\u00e4ttelse om l\u00e5gkonjunktur, otaliga br\u00e4nder och en bransch med f\u00f6r\u00e4nderliga politiska vindar. Det \u00e4r \u00e4ven en ber\u00e4ttelse om ett f\u00f6retag i Gj\u00f8vik i Norge som tog v\u00e4rlden med storm.<\/p>\n<p>Som de flesta f\u00f6retagshistorier inom branschen, b\u00f6rjar \u00e4ven v\u00e5r med en flod. 1889 b\u00f6rjade grossisten Lars Amundsen Enger anv\u00e4nda den lokala floden Hunnselva och dess vattenfall till produktion \u2013 och namnet Hunton Brug var f\u00f6tt. Fabriken producerade f\u00f6rst tr\u00e4papp, baserat p\u00e5 egenproducerad tr\u00e4massa. M\u00e5let var tydligt redan f\u00f6r b\u00f6rjan: att framst\u00e4lla marknadens b\u00e4sta produkter f\u00f6r bygg och anl\u00e4ggning.<\/p>\n<p>Aff\u00e4rerna gick bra, och f\u00f6retaget v\u00e4xte fram till b\u00f6rjan av 1900-talet. Men den ekonomiska depressionen n\u00e5dde till slut till \u00e4ven Gj\u00f8vik, och produktionen av tr\u00e4papp var inte l\u00e4ngre tillr\u00e4ckligt l\u00f6nsam. Men viljan att driva produktionen vidare var stor, och byns legendariska ledare, Niels \u00d8degaard, s\u00e5g till att stadens m\u00e5nga f\u00f6retag tog fart p\u00e5 nytt \u2013 d\u00e4ribland Hunton.<\/p>\n","protected":false},"excerpt":{"rendered":"<p>Sedan 1889 har vi levererat marknadens b\u00e4sta tr\u00e4fiberprodukter f\u00f6r bygg och anl\u00e4ggning, och vi tror att anledningen \u00e4r enkel. Trots motg\u00e5ngar och konjunkturfall har vi hela tiden varit tvungna att t\u00e4nka nytt och anpassa v\u00e5ra produkter. Dessutom har vi haft ett gediget och l\u00e5ngsiktigt \u00e4garskap av Mowinckel, Treschow och d\u00e4refter familjen Jebsen, som inte bara &#8230;<\/p>\n","protected":false},"author":1,"featured_media":0,"parent":0,"menu_order":0,"comment_status":"open","ping_status":"open","template":"","meta":{"_monsterinsights_skip_tracking":false,"_monsterinsights_sitenote_active":false,"_monsterinsights_sitenote_note":"","_monsterinsights_sitenote_category":0,"_links_to":"","_links_to_target":""},"_links":{"self":[{"href":"https:\/\/hallbartbyggande.com\/hunton\/wp-json\/wp\/v2\/pages\/22"}],"collection":[{"href":"https:\/\/hallbartbyggande.com\/hunton\/wp-json\/wp\/v2\/pages"}],"about":[{"href":"https:\/\/hallbartbyggande.com\/hunton\/wp-json\/wp\/v2\/types\/page"}],"author":[{"embeddable":true,"href":"https:\/\/hallbartbyggande.com\/hunton\/wp-json\/wp\/v2\/users\/1"}],"replies":[{"embeddable":true,"href":"https:\/\/hallbartbyggande.com\/hunton\/wp-json\/wp\/v2\/comments?post=22"}],"version-history":[{"count":6,"href":"https:\/\/hallbartbyggande.com\/hunton\/wp-json\/wp\/v2\/pages\/22\/revisions"}],"predecessor-version":[{"id":149,"href":"https:\/\/hallbartbyggande.com\/hunton\/wp-json\/wp\/v2\/pages\/22\/revisions\/149"}],"wp:attachment":[{"href":"https:\/\/hallbartbyggande.com\/hunton\/wp-json\/wp\/v2\/media?parent=22"}],"curies":[{"name":"wp","href":"https:\/\/api.w.org\/{rel}","templated":true}]}}