										  
											  
											 {"id":16,"date":"2014-02-10T17:02:37","date_gmt":"2014-02-10T16:02:37","guid":{"rendered":"http:\/\/hallbartbyggande.com\/enreduce\/?page_id=16"},"modified":"2026-04-02T14:07:53","modified_gmt":"2026-04-02T12:07:53","slug":"kontakt","status":"publish","type":"page","link":"https:\/\/hallbartbyggande.com\/hunton\/kontakt\/","title":{"rendered":"Kontakt"},"content":{"rendered":"<p>&nbsp;<\/p>\n<p><strong>F\u00f6rs\u00e4ljningskontor Sverige<\/strong><br \/>\nHunton Fiber AB,<br \/>\nGustavsgatan 34,<br \/>\n216 11 Limhamn<\/p>\n<p><strong>Kundcenter Sverige<\/strong><br \/>\nTelefon: 040-15 38 00 (08:00 \u2013 16:00)<br \/>\nE-post: <span style=\"color: #0000ff;\"><a style=\"color: #0000ff;\" href=\"hunton@hunton.se\">hunton@hunton.se<\/a><\/span><\/p>\n<p><strong>Konstruktion Sverige<\/strong><br \/>\nVid f\u00f6rfr\u00e5gningar \u00f6nskar vi att ni alltid l\u00e4gger till ert telefonnummer i ert mail.<br \/>\nE-post: <span style=\"color: #0000ff;\"><a style=\"color: #0000ff;\" href=\"konstruktion@hunton.se\">konstruktion@hunton.se<\/a><\/span><\/p>\n<p><strong>Kundcenter Norge<\/strong><br \/>\nTelefon: +47 61 13 47 00 (09:00 \u2013 15:00)<br \/>\nE-post: <span style=\"color: #0000ff;\"><a style=\"color: #0000ff;\" href=\"kundesenter@hunton.no\">kundesenter@hunton.no<\/a><\/span><\/p>\n<p>&nbsp;<\/p>\n<p>&nbsp;<\/p>\n","protected":false},"excerpt":{"rendered":"<p>&nbsp; F\u00f6rs\u00e4ljningskontor Sverige Hunton Fiber AB, Gustavsgatan 34, 216 11 Limhamn Kundcenter Sverige Telefon: 040-15 38 00 (08:00 \u2013 16:00) E-post: hunton@hunton.se Konstruktion Sverige Vid f\u00f6rfr\u00e5gningar \u00f6nskar vi att ni alltid l\u00e4gger till ert telefonnummer i ert mail. E-post: konstruktion@hunton.se Kundcenter Norge Telefon: +47 61 13 47 00 (09:00 \u2013 15:00) E-post: kundesenter@hunton.no &nbsp; &nbsp;<\/p>\n","protected":false},"author":1,"featured_media":0,"parent":0,"menu_order":0,"comment_status":"open","ping_status":"open","template":"","meta":{"_monsterinsights_skip_tracking":false,"_monsterinsights_sitenote_active":false,"_monsterinsights_sitenote_note":"","_monsterinsights_sitenote_category":0,"_links_to":"","_links_to_target":""},"_links":{"self":[{"href":"https:\/\/hallbartbyggande.com\/hunton\/wp-json\/wp\/v2\/pages\/16"}],"collection":[{"href":"https:\/\/hallbartbyggande.com\/hunton\/wp-json\/wp\/v2\/pages"}],"about":[{"href":"https:\/\/hallbartbyggande.com\/hunton\/wp-json\/wp\/v2\/types\/page"}],"author":[{"embeddable":true,"href":"https:\/\/hallbartbyggande.com\/hunton\/wp-json\/wp\/v2\/users\/1"}],"replies":[{"embeddable":true,"href":"https:\/\/hallbartbyggande.com\/hunton\/wp-json\/wp\/v2\/comments?post=16"}],"version-history":[{"count":14,"href":"https:\/\/hallbartbyggande.com\/hunton\/wp-json\/wp\/v2\/pages\/16\/revisions"}],"predecessor-version":[{"id":146,"href":"https:\/\/hallbartbyggande.com\/hunton\/wp-json\/wp\/v2\/pages\/16\/revisions\/146"}],"wp:attachment":[{"href":"https:\/\/hallbartbyggande.com\/hunton\/wp-json\/wp\/v2\/media?parent=16"}],"curies":[{"name":"wp","href":"https:\/\/api.w.org\/{rel}","templated":true}]}}