										  
											  
											 {"id":7,"date":"2014-04-29T10:45:15","date_gmt":"2014-04-29T08:45:15","guid":{"rendered":"http:\/\/hallbartbyggande.com\/hevingohagglund\/?page_id=7"},"modified":"2014-04-29T11:30:39","modified_gmt":"2014-04-29T09:30:39","slug":"kontakta-heving-hagglund","status":"publish","type":"page","link":"https:\/\/hallbartbyggande.com\/hevingohagglund\/kontakta-heving-hagglund\/","title":{"rendered":"Kontakta Heving &#038; H\u00e4gglund"},"content":{"rendered":"<p><strong><a href=\"http:\/\/hallbartbyggande.com\/hevingohagglund\/wp-content\/blogs.dir\/sites\/20\/2014\/04\/Peter-Svensson.jpg\"><img decoding=\"async\" loading=\"lazy\" class=\"alignnone  wp-image-16\" alt=\"Peter-Svensson\" src=\"http:\/\/hallbartbyggande.com\/hevingohagglund\/wp-content\/blogs.dir\/sites\/20\/2014\/04\/Peter-Svensson.jpg\" width=\"167\" height=\"271\" srcset=\"https:\/\/hallbartbyggande.com\/hevingohagglund\/wp-content\/blogs.dir\/sites\/20\/2014\/04\/Peter-Svensson.jpg 262w, https:\/\/hallbartbyggande.com\/hevingohagglund\/wp-content\/blogs.dir\/sites\/20\/2014\/04\/Peter-Svensson-215x350.jpg 215w\" sizes=\"(max-width: 167px) 100vw, 167px\" \/><\/a><\/strong><\/p>\n<p><strong>Heving &amp; H\u00e4gglund<\/strong><br \/>\nV\u00e4stberga all\u00e9 60<br \/>\n126 75 Stockholm<\/p>\n<p><strong>Kontaktperson:<\/strong> Peter Svensson Vice VD<br \/>\n<strong>Telefon:<\/strong> 08-709 40 60<br \/>\n<strong>E-post:<\/strong> info@hevingohagglund.se<\/p>\n<p><a href=\"http:\/\/www.hevingohagglund.se\">www.hevingohagglund.se<\/a><\/p>\n","protected":false},"excerpt":{"rendered":"<p>Heving &amp; H\u00e4gglund V\u00e4stberga all\u00e9 60 126 75 Stockholm Kontaktperson: Peter Svensson Vice VD Telefon: 08-709 40 60 E-post: info@hevingohagglund.se www.hevingohagglund.se<\/p>\n","protected":false},"author":1,"featured_media":0,"parent":0,"menu_order":0,"comment_status":"open","ping_status":"open","template":"","meta":{"_monsterinsights_skip_tracking":false,"_monsterinsights_sitenote_active":false,"_monsterinsights_sitenote_note":"","_monsterinsights_sitenote_category":0,"_links_to":"","_links_to_target":""},"_links":{"self":[{"href":"https:\/\/hallbartbyggande.com\/hevingohagglund\/wp-json\/wp\/v2\/pages\/7"}],"collection":[{"href":"https:\/\/hallbartbyggande.com\/hevingohagglund\/wp-json\/wp\/v2\/pages"}],"about":[{"href":"https:\/\/hallbartbyggande.com\/hevingohagglund\/wp-json\/wp\/v2\/types\/page"}],"author":[{"embeddable":true,"href":"https:\/\/hallbartbyggande.com\/hevingohagglund\/wp-json\/wp\/v2\/users\/1"}],"replies":[{"embeddable":true,"href":"https:\/\/hallbartbyggande.com\/hevingohagglund\/wp-json\/wp\/v2\/comments?post=7"}],"version-history":[{"count":4,"href":"https:\/\/hallbartbyggande.com\/hevingohagglund\/wp-json\/wp\/v2\/pages\/7\/revisions"}],"predecessor-version":[{"id":18,"href":"https:\/\/hallbartbyggande.com\/hevingohagglund\/wp-json\/wp\/v2\/pages\/7\/revisions\/18"}],"wp:attachment":[{"href":"https:\/\/hallbartbyggande.com\/hevingohagglund\/wp-json\/wp\/v2\/media?parent=7"}],"curies":[{"name":"wp","href":"https:\/\/api.w.org\/{rel}","templated":true}]}}